{"id":20287,"date":"2023-11-21T09:42:50","date_gmt":"2023-11-21T09:42:50","guid":{"rendered":"https:\/\/motokary-karting.sk\/?page_id=20287"},"modified":"2026-02-03T13:22:46","modified_gmt":"2026-02-03T13:22:46","slug":"mobilni-aplikace","status":"publish","type":"page","link":"https:\/\/motokary-karting.sk\/cz\/mobilna-aplikacia\/","title":{"rendered":"Mobiln\u00ed aplikace"},"content":{"rendered":"<p style=\"text-align: center;\"><b>ST\u00c1HN\u011aTE SI NA\u0160I MOBILN\u00cd APLIKACI A NAKUPUJTE JE\u0160T\u011a POHODLN\u011aJI P\u0158\u00cdMO Z MOBILU NEBO TABLETU.<\/b><\/p>\n<h2>Aplikace APPLE<\/h2>\n<p><a href=\"https:\/\/apps.apple.com\/sk\/app\/motok%C3%A1ry-karting-sk\/id6470904951\"><br \/>\n<img loading=\"lazy\" decoding=\"async\" src=\"https:\/\/motokary-karting.sk\/wp-content\/uploads\/2023\/11\/appka-apple-1024x1024.png\" sizes=\"auto, (max-width: 843px) 100vw, 843px\" srcset=\"https:\/\/motokary-karting.sk\/wp-content\/uploads\/2023\/11\/appka-apple-1024x1024.png 1024w, https:\/\/motokary-karting.sk\/wp-content\/uploads\/2023\/11\/appka-apple-300x300.png 300w, https:\/\/motokary-karting.sk\/wp-content\/uploads\/2023\/11\/appka-apple-150x150.png 150w, https:\/\/motokary-karting.sk\/wp-content\/uploads\/2023\/11\/appka-apple-768x768.png 768w, https:\/\/motokary-karting.sk\/wp-content\/uploads\/2023\/11\/appka-apple-1536x1536.png 1536w, https:\/\/motokary-karting.sk\/wp-content\/uploads\/2023\/11\/appka-apple-600x600.png 600w, https:\/\/motokary-karting.sk\/wp-content\/uploads\/2023\/11\/appka-apple-100x100.png 100w, https:\/\/motokary-karting.sk\/wp-content\/uploads\/2023\/11\/appka-apple.png 1920w\" alt=\"\" width=\"843\" height=\"843\" \/> <\/a><\/p>\n<h2>Aplikace pro ANDROID<\/h2>\n<p><a href=\"https:\/\/play.google.com\/store\/apps\/details?id=sk.motokarykarting.application&amp;pli=1\"><br \/>\n<img loading=\"lazy\" decoding=\"async\" src=\"https:\/\/motokary-karting.sk\/wp-content\/uploads\/2023\/11\/appka-android-1024x1024.png\" sizes=\"auto, (max-width: 843px) 100vw, 843px\" srcset=\"https:\/\/motokary-karting.sk\/wp-content\/uploads\/2023\/11\/appka-android-1024x1024.png 1024w, https:\/\/motokary-karting.sk\/wp-content\/uploads\/2023\/11\/appka-android-300x300.png 300w, https:\/\/motokary-karting.sk\/wp-content\/uploads\/2023\/11\/appka-android-150x150.png 150w, https:\/\/motokary-karting.sk\/wp-content\/uploads\/2023\/11\/appka-android-768x768.png 768w, https:\/\/motokary-karting.sk\/wp-content\/uploads\/2023\/11\/appka-android-1536x1536.png 1536w, https:\/\/motokary-karting.sk\/wp-content\/uploads\/2023\/11\/appka-android-600x600.png 600w, https:\/\/motokary-karting.sk\/wp-content\/uploads\/2023\/11\/appka-android-100x100.png 100w, https:\/\/motokary-karting.sk\/wp-content\/uploads\/2023\/11\/appka-android.png 1920w\" alt=\"\" width=\"843\" height=\"843\" \/> <\/a><\/p>","protected":false},"excerpt":{"rendered":"<p>ST\u00c1HNOUT NA\u0160I MOBILN\u00cd APLIKACI A VYU\u017d\u00cdVAT V\u00cdCE POHODL\u00cd P\u0158\u00cdMO Z MOBILN\u00cdHO NEBO TABLETOV\u00c9HO PO\u010c\u00cdTA\u010cE Aplikace ANDROID App<\/p>","protected":false},"author":20,"featured_media":0,"parent":0,"menu_order":0,"comment_status":"closed","ping_status":"closed","template":"","meta":{"footnotes":""},"class_list":["post-20287","page","type-page","status-publish","hentry"],"aioseo_notices":[],"_links":{"self":[{"href":"https:\/\/motokary-karting.sk\/cz\/wp-json\/wp\/v2\/pages\/20287","targetHints":{"allow":["GET"]}}],"collection":[{"href":"https:\/\/motokary-karting.sk\/cz\/wp-json\/wp\/v2\/pages"}],"about":[{"href":"https:\/\/motokary-karting.sk\/cz\/wp-json\/wp\/v2\/types\/page"}],"author":[{"embeddable":true,"href":"https:\/\/motokary-karting.sk\/cz\/wp-json\/wp\/v2\/users\/20"}],"replies":[{"embeddable":true,"href":"https:\/\/motokary-karting.sk\/cz\/wp-json\/wp\/v2\/comments?post=20287"}],"version-history":[{"count":2,"href":"https:\/\/motokary-karting.sk\/cz\/wp-json\/wp\/v2\/pages\/20287\/revisions"}],"predecessor-version":[{"id":32705,"href":"https:\/\/motokary-karting.sk\/cz\/wp-json\/wp\/v2\/pages\/20287\/revisions\/32705"}],"wp:attachment":[{"href":"https:\/\/motokary-karting.sk\/cz\/wp-json\/wp\/v2\/media?parent=20287"}],"curies":[{"name":"wp","href":"https:\/\/api.w.org\/{rel}","templated":true}]}}