{"id":33364,"date":"2026-03-09T19:14:43","date_gmt":"2026-03-09T19:14:43","guid":{"rendered":"https:\/\/motokary-karting.sk\/?page_id=33364"},"modified":"2026-03-12T18:00:31","modified_gmt":"2026-03-12T18:00:31","slug":"zavodni-tym-2","status":"publish","type":"page","link":"https:\/\/motokary-karting.sk\/cz\/racing-team\/","title":{"rendered":"\u0160kola motok\u00e1r | Z\u00e1vodn\u00ed t\u00fdm"},"content":{"rendered":"<ul class=\"wp-block-list\"><\/ul>\n\n\n\n<p class=\"has-text-align-center\"><strong>R\u00e1di bychom v\u00e1s p\u0159iv\u00edtali na na\u0161ich nov\u00fdch webov\u00fdch str\u00e1nk\u00e1ch Kartingov\u00e9 \u0161koly a Racing Teamu! <\/strong><br><strong>Klikn\u011bte na logo pod t\u00edmto textem<\/strong>:<\/p>\n\n\n\n<figure class=\"wp-block-image size-large\"><a href=\"https:\/\/racingteam.motokary-karting.sk\/\" target=\"_blank\" rel=\"RACING TEAM\"><img loading=\"lazy\" decoding=\"async\" width=\"1024\" height=\"768\" src=\"https:\/\/motokary-karting.sk\/wp-content\/uploads\/2026\/03\/logo-racing-team-mensie-1024x768.jpg\" alt=\"\" class=\"wp-image-33443\" srcset=\"https:\/\/motokary-karting.sk\/wp-content\/uploads\/2026\/03\/logo-racing-team-mensie-1024x768.jpg 1024w, https:\/\/motokary-karting.sk\/wp-content\/uploads\/2026\/03\/logo-racing-team-mensie-300x225.jpg 300w, https:\/\/motokary-karting.sk\/wp-content\/uploads\/2026\/03\/logo-racing-team-mensie-768x576.jpg 768w, https:\/\/motokary-karting.sk\/wp-content\/uploads\/2026\/03\/logo-racing-team-mensie-16x12.jpg 16w, https:\/\/motokary-karting.sk\/wp-content\/uploads\/2026\/03\/logo-racing-team-mensie-600x450.jpg 600w, https:\/\/motokary-karting.sk\/wp-content\/uploads\/2026\/03\/logo-racing-team-mensie.jpg 1200w\" sizes=\"auto, (max-width: 1024px) 100vw, 1024px\" \/><\/a><\/figure>","protected":false},"excerpt":{"rendered":"<p>R\u00e1di bychom v\u00e1s p\u0159iv\u00edtali na na\u0161ich nov\u00fdch webov\u00fdch str\u00e1nk\u00e1ch Kartingov\u00e9 \u0161koly a Racing Teamu! Klikn\u011bte na logo pod t\u00edmto textem:<\/p>","protected":false},"author":20,"featured_media":0,"parent":0,"menu_order":0,"comment_status":"closed","ping_status":"closed","template":"","meta":{"footnotes":""},"class_list":["post-33364","page","type-page","status-publish","hentry"],"aioseo_notices":[],"_links":{"self":[{"href":"https:\/\/motokary-karting.sk\/cz\/wp-json\/wp\/v2\/pages\/33364","targetHints":{"allow":["GET"]}}],"collection":[{"href":"https:\/\/motokary-karting.sk\/cz\/wp-json\/wp\/v2\/pages"}],"about":[{"href":"https:\/\/motokary-karting.sk\/cz\/wp-json\/wp\/v2\/types\/page"}],"author":[{"embeddable":true,"href":"https:\/\/motokary-karting.sk\/cz\/wp-json\/wp\/v2\/users\/20"}],"replies":[{"embeddable":true,"href":"https:\/\/motokary-karting.sk\/cz\/wp-json\/wp\/v2\/comments?post=33364"}],"version-history":[{"count":16,"href":"https:\/\/motokary-karting.sk\/cz\/wp-json\/wp\/v2\/pages\/33364\/revisions"}],"predecessor-version":[{"id":33450,"href":"https:\/\/motokary-karting.sk\/cz\/wp-json\/wp\/v2\/pages\/33364\/revisions\/33450"}],"wp:attachment":[{"href":"https:\/\/motokary-karting.sk\/cz\/wp-json\/wp\/v2\/media?parent=33364"}],"curies":[{"name":"wp","href":"https:\/\/api.w.org\/{rel}","templated":true}]}}