{"id":82,"date":"2020-05-27T15:58:43","date_gmt":"2020-05-27T15:58:43","guid":{"rendered":"https:\/\/motokary-karting.sk\/?page_id=82"},"modified":"2026-02-06T17:51:34","modified_gmt":"2026-02-06T17:51:34","slug":"kontakt","status":"publish","type":"page","link":"https:\/\/motokary-karting.sk\/cz\/kontakt\/","title":{"rendered":"Prodejna | Kontakty"},"content":{"rendered":"<p class=\"has-text-align-center\"><strong>+421 948 12 12 31<\/strong><br>(telefonicky kontaktovat n\u00e1s m\u016f\u017eete v dob\u011b PO \u2013 NE\u00a0 9:00 \u2013 18:00 hod.)<br><strong>info@motokary-karting.cz<\/strong><\/p>\n\n\n<hr \/>\n\n\n<h3 class=\"wp-block-heading has-text-align-center\"><strong>PRODEJNA<\/strong><\/h3>\n\n\n\n<p class=\"has-text-align-center\">\u0160tef\u00e1nikova 35, 917 01 TRNAVA, Slovensk\u00e1 republika<\/p>\n\n\n\n<p class=\"has-text-align-center\"><mark style=\"background-color:rgba(0, 0, 0, 0)\" class=\"has-inline-color has-vivid-red-color\"><strong>PROS\u00cdME Z\u00c1KAZN\u00cdK\u016e O DOHODNUT\u00cd SI TERM\u00cdNU N\u00c1V\u0160T\u011aVY NA PRODEJNI<\/strong>,&nbsp;<strong>ABYSME SE V\u00c1M V\u011aD\u011aLI V\u011aNOVAT.<\/strong><\/mark><\/p>\n\n\n\n<p class=\"has-text-align-center\"><strong>PRODEJNA NEM\u00c1 PEVN\u00c9 OTEV\u00cdRAC\u00cd HODINY.<\/strong><br>Nep\u0159izp\u016fsobujte se otev\u00edrac\u00edm hodin\u00e1m, my se p\u0159izp\u016fsob\u00edme V\u00e1m!<br>Klidn\u011b n\u00e1m zavolejte a my pro V\u00e1s r\u00e1di otev\u0159eme kdy V\u00e1m to bude vyhovovat, by\u0165 i p\u0159es v\u00edkend :-)<\/p>\n\n\n\n<figure class=\"wp-block-gallery has-nested-images columns-default is-cropped wp-block-gallery-1 is-layout-flex wp-block-gallery-is-layout-flex\">\n<figure class=\"wp-block-image size-medium\"><img loading=\"lazy\" decoding=\"async\" width=\"300\" height=\"151\" data-id=\"32007\" src=\"https:\/\/motokary-karting.sk\/wp-content\/uploads\/2026\/01\/Store-1-300x151.jpg\" alt=\"\" class=\"wp-image-32007\" srcset=\"https:\/\/motokary-karting.sk\/wp-content\/uploads\/2026\/01\/Store-1-300x151.jpg 300w, https:\/\/motokary-karting.sk\/wp-content\/uploads\/2026\/01\/Store-1-1024x514.jpg 1024w, https:\/\/motokary-karting.sk\/wp-content\/uploads\/2026\/01\/Store-1-768x386.jpg 768w, https:\/\/motokary-karting.sk\/wp-content\/uploads\/2026\/01\/Store-1-18x9.jpg 18w, https:\/\/motokary-karting.sk\/wp-content\/uploads\/2026\/01\/Store-1-600x301.jpg 600w, https:\/\/motokary-karting.sk\/wp-content\/uploads\/2026\/01\/Store-1.jpg 1179w\" sizes=\"auto, (max-width: 300px) 100vw, 300px\" \/><\/figure>\n\n\n\n<figure class=\"wp-block-image size-medium\"><img loading=\"lazy\" decoding=\"async\" width=\"300\" height=\"184\" data-id=\"32008\" src=\"https:\/\/motokary-karting.sk\/wp-content\/uploads\/2026\/01\/Store-2-300x184.jpg\" alt=\"\" class=\"wp-image-32008\" srcset=\"https:\/\/motokary-karting.sk\/wp-content\/uploads\/2026\/01\/Store-2-300x184.jpg 300w, https:\/\/motokary-karting.sk\/wp-content\/uploads\/2026\/01\/Store-2-1024x628.jpg 1024w, https:\/\/motokary-karting.sk\/wp-content\/uploads\/2026\/01\/Store-2-768x471.jpg 768w, https:\/\/motokary-karting.sk\/wp-content\/uploads\/2026\/01\/Store-2-18x12.jpg 18w, https:\/\/motokary-karting.sk\/wp-content\/uploads\/2026\/01\/Store-2-600x368.jpg 600w, https:\/\/motokary-karting.sk\/wp-content\/uploads\/2026\/01\/Store-2.jpg 1209w\" sizes=\"auto, (max-width: 300px) 100vw, 300px\" \/><\/figure>\n<\/figure>\n\n\n\n<p class=\"has-text-align-center\">V\u00edme, \u017ee na trati z\u00e1le\u017e\u00ed na ka\u017ed\u00e9m detailu. Proto v <strong>motokary-karting.cz<\/strong> neprod\u00e1v\u00e1me jen d\u00edly a v\u00fdstroj \u2013 prod\u00e1v\u00e1me v\u00fdkon, bezpe\u010dnost a radost z j\u00edzdy! \ud83c\udfce\ufe0f\ud83d\udca8<\/p>\n\n\n\n<p class=\"has-text-align-center\">Naleznete u n\u00e1s v\u0161e jako profesion\u00e1ln\u00ed p\u0159ilby, rukavice i kombin\u00e9zy, zna\u010dkov\u00e9 pneumatiky, a\u017e po \u0161pi\u010dkov\u00e9 motok\u00e1ry \u2013 u n\u00e1s najdete v\u0161e, co pot\u0159ebujete, abyste posunuli svoji j\u00edzdu na novou \u00farove\u0148. Jsme Va\u0161\u00edm spolehliv\u00fdm partnerem pro: <br>\u2705 <strong>Jezdeckou v\u00fdstroj a v\u00fdbavu<\/strong><br>\u2705 <strong>N\u00e1hradn\u00ed d\u00edly a p\u0159\u00edslu\u0161enstv\u00ed<\/strong> <br>\u2705 <strong>Nov\u00e9 motok\u00e1ry a motory<\/strong><br>\u2705 <strong>Odborn\u00e9 poradenstv\u00ed p\u0159\u00edmo od srdce z\u00e1vodn\u00edka<\/strong><\/p>\n\n\n\n<p class=\"has-text-align-center\">P\u0159ije\u010fte se p\u0159esv\u011bd\u010dit na vlastn\u00ed o\u010di do na\u0161\u00ed prodejny nebo si prohl\u00e9dn\u011bte n\u00e1\u0161 kompletn\u00ed sortiment online!<\/p>\n\n\n\n<p><\/p>","protected":false},"excerpt":{"rendered":"<p>+421 948 12 12 31(telefonicky n\u00e1s m\u016f\u017eete kontaktovat od PO - NE 9:00 - 18:00)motokary@motokary-karting.sk SHOP \u0160tef\u00e1nikova 35, 917 01 TRNAVA, Slovensk\u00e1 republika...<\/p>","protected":false},"author":20,"featured_media":0,"parent":0,"menu_order":0,"comment_status":"closed","ping_status":"closed","template":"","meta":{"footnotes":""},"class_list":["post-82","page","type-page","status-publish","hentry"],"aioseo_notices":[],"_links":{"self":[{"href":"https:\/\/motokary-karting.sk\/cz\/wp-json\/wp\/v2\/pages\/82","targetHints":{"allow":["GET"]}}],"collection":[{"href":"https:\/\/motokary-karting.sk\/cz\/wp-json\/wp\/v2\/pages"}],"about":[{"href":"https:\/\/motokary-karting.sk\/cz\/wp-json\/wp\/v2\/types\/page"}],"author":[{"embeddable":true,"href":"https:\/\/motokary-karting.sk\/cz\/wp-json\/wp\/v2\/users\/20"}],"replies":[{"embeddable":true,"href":"https:\/\/motokary-karting.sk\/cz\/wp-json\/wp\/v2\/comments?post=82"}],"version-history":[{"count":29,"href":"https:\/\/motokary-karting.sk\/cz\/wp-json\/wp\/v2\/pages\/82\/revisions"}],"predecessor-version":[{"id":33482,"href":"https:\/\/motokary-karting.sk\/cz\/wp-json\/wp\/v2\/pages\/82\/revisions\/33482"}],"wp:attachment":[{"href":"https:\/\/motokary-karting.sk\/cz\/wp-json\/wp\/v2\/media?parent=82"}],"curies":[{"name":"wp","href":"https:\/\/api.w.org\/{rel}","templated":true}]}}