{"id":9138,"date":"2021-03-24T10:17:25","date_gmt":"2021-03-24T10:17:25","guid":{"rendered":"https:\/\/motokary-karting.sk\/?page_id=9138"},"modified":"2026-02-05T17:01:16","modified_gmt":"2026-02-05T17:01:16","slug":"bannerova-karta","status":"publish","type":"page","link":"https:\/\/motokary-karting.sk\/cz\/zakaznicka-karta\/","title":{"rendered":"Z\u00e1kaznick\u00e1 karta"},"content":{"rendered":"<p><img loading=\"lazy\" decoding=\"async\" src=\"https:\/\/motokary-karting.sk\/wp-content\/uploads\/2023\/11\/banner-10-zlava-SK-new-1024x576.png\" sizes=\"auto, (max-width: 843px) 100vw, 843px\" srcset=\"https:\/\/motokary-karting.sk\/wp-content\/uploads\/2023\/11\/banner-10-zlava-SK-new-1024x576.png 1024w, https:\/\/motokary-karting.sk\/wp-content\/uploads\/2023\/11\/banner-10-zlava-SK-new-300x169.png 300w, https:\/\/motokary-karting.sk\/wp-content\/uploads\/2023\/11\/banner-10-zlava-SK-new-768x432.png 768w, https:\/\/motokary-karting.sk\/wp-content\/uploads\/2023\/11\/banner-10-zlava-SK-new-1536x864.png 1536w, https:\/\/motokary-karting.sk\/wp-content\/uploads\/2023\/11\/banner-10-zlava-SK-new-600x338.png 600w, https:\/\/motokary-karting.sk\/wp-content\/uploads\/2023\/11\/banner-10-zlava-SK-new.png 1920w\" alt=\"\" width=\"843\" height=\"474\" \/><\/p>\n<p style=\"text-align: center;\">PODM\u00cdNKOU PRO Z\u00cdSK\u00c1N\u00cd KARTY JE JEDNOR\u00c1ZOV\u00dd N\u00c1KUP NAD 1000 \u20ac.<\/p>\n<p style=\"text-align: center;\">Plat\u00ed pro cel\u00fd sortiment E-SHOP (krom\u011b pneumatik)<\/p>\n<p style=\"text-align: center;\">SLEVU LZE UPLATNIT POUZE NA JM\u00c9NO DR\u017dITELE Z\u00c1KAZNICK\u00c9 KARTY.<\/p>\n<p style=\"text-align: center;\">SLEVU NA KARTU NELZE KOMBINOVAT S JIN\u00ddMI SLEVAMI.<\/p>\n<p style=\"text-align: center;\">NEOMEZEN\u00c1 PLATNOST KARTY<\/p>\n\n<div class=\"woocommerce columns-4\"><ul class=\"products customify-grid-4_md-4_sm-3_xs-2 wc-grid-view\">\n<li class=\"product-category product first customify-col\">\n\t<div class=\"wc-product-inner\"><a aria-label=\"Nav\u0161tivte kategorii produktu V\u00fdbava pretek\u00e1ra\" href=\"https:\/\/motokary-karting.sk\/cz\/kategoria-produktu\/vybava-pretekara\/\" data-no-translation-aria-label=\"\"><img loading=\"lazy\" decoding=\"async\" src=\"https:\/\/motokary-karting.sk\/wp-content\/uploads\/2026\/02\/vybava-pretekara-300x300.jpg\" alt=\"V\u00fdbava z\u00e1vodn\u00edka\" width=\"300\" height=\"300\" srcset=\"https:\/\/motokary-karting.sk\/wp-content\/uploads\/2026\/02\/vybava-pretekara-300x300.jpg 300w, https:\/\/motokary-karting.sk\/wp-content\/uploads\/2026\/02\/vybava-pretekara-150x150.jpg 150w, https:\/\/motokary-karting.sk\/wp-content\/uploads\/2026\/02\/vybava-pretekara-100x100.jpg 100w\" sizes=\"auto, (max-width: 300px) 100vw, 300px\" \/>\t\t<h2 class=\"woocommerce-loop-category__title\">\n\t\t\tV\u00fdbava z\u00e1vodn\u00edka <mark class=\"count\">(263)<\/mark>\t\t<\/h2>\n\t\t<\/a><\/div><\/li>\n<li class=\"product-category product customify-col\">\n\t<div class=\"wc-product-inner\"><a aria-label=\"Nav\u0161tivte kategorii produktu V\u00fdbava do gar\u00e1\u017ee\" href=\"https:\/\/motokary-karting.sk\/cz\/kategoria-produktu\/vybava-do-garaze\/\" data-no-translation-aria-label=\"\"><img loading=\"lazy\" decoding=\"async\" src=\"https:\/\/motokary-karting.sk\/wp-content\/uploads\/2026\/02\/vybava-garaz-300x300.jpg\" alt=\"Vybaven\u00ed do gar\u00e1\u017ee\" width=\"300\" height=\"300\" srcset=\"https:\/\/motokary-karting.sk\/wp-content\/uploads\/2026\/02\/vybava-garaz-300x300.jpg 300w, https:\/\/motokary-karting.sk\/wp-content\/uploads\/2026\/02\/vybava-garaz-150x150.jpg 150w, https:\/\/motokary-karting.sk\/wp-content\/uploads\/2026\/02\/vybava-garaz-100x100.jpg 100w\" sizes=\"auto, (max-width: 300px) 100vw, 300px\" \/>\t\t<h2 class=\"woocommerce-loop-category__title\">\n\t\t\tVybaven\u00ed do gar\u00e1\u017ee <mark class=\"count\">(63)<\/mark>\t\t<\/h2>\n\t\t<\/a><\/div><\/li>\n<li class=\"product-category product customify-col\">\n\t<div class=\"wc-product-inner\"><a aria-label=\"Nav\u0161tivte kategorii produktu N\u00e1hradn\u00e9 diely na podvozky\" href=\"https:\/\/motokary-karting.sk\/cz\/kategoria-produktu\/nahradne-diely-na-podvozky\/\" data-no-translation-aria-label=\"\"><img loading=\"lazy\" decoding=\"async\" src=\"https:\/\/motokary-karting.sk\/wp-content\/uploads\/2026\/02\/diely-podvozky-300x300.jpg\" alt=\"N\u00e1hradn\u00ed d\u00edly na podvozky\" width=\"300\" height=\"300\" srcset=\"https:\/\/motokary-karting.sk\/wp-content\/uploads\/2026\/02\/diely-podvozky-300x300.jpg 300w, https:\/\/motokary-karting.sk\/wp-content\/uploads\/2026\/02\/diely-podvozky-150x150.jpg 150w, https:\/\/motokary-karting.sk\/wp-content\/uploads\/2026\/02\/diely-podvozky-100x100.jpg 100w\" sizes=\"auto, (max-width: 300px) 100vw, 300px\" \/>\t\t<h2 class=\"woocommerce-loop-category__title\">\n\t\t\tN\u00e1hradn\u00ed d\u00edly na podvozky <mark class=\"count\">(344)<\/mark>\t\t<\/h2>\n\t\t<\/a><\/div><\/li>\n<li class=\"product-category product last customify-col\">\n\t<div class=\"wc-product-inner\"><a aria-label=\"Nav\u0161tivte kategorii produktu N\u00e1hradn\u00e9 diely na motory\" href=\"https:\/\/motokary-karting.sk\/cz\/kategoria-produktu\/nahradne-diely-na-motory\/\" data-no-translation-aria-label=\"\"><img loading=\"lazy\" decoding=\"async\" src=\"https:\/\/motokary-karting.sk\/wp-content\/uploads\/2026\/02\/motory-diely-300x300.jpg\" alt=\"N\u00e1hradn\u00ed d\u00edly na motory\" width=\"300\" height=\"300\" srcset=\"https:\/\/motokary-karting.sk\/wp-content\/uploads\/2026\/02\/motory-diely-300x300.jpg 300w, https:\/\/motokary-karting.sk\/wp-content\/uploads\/2026\/02\/motory-diely-150x150.jpg 150w, https:\/\/motokary-karting.sk\/wp-content\/uploads\/2026\/02\/motory-diely-100x100.jpg 100w\" sizes=\"auto, (max-width: 300px) 100vw, 300px\" \/>\t\t<h2 class=\"woocommerce-loop-category__title\">\n\t\t\tN\u00e1hradn\u00ed d\u00edly na motory <mark class=\"count\">(198)<\/mark>\t\t<\/h2>\n\t\t<\/a><\/div><\/li>\n<li class=\"product-category product first customify-col\">\n\t<div class=\"wc-product-inner\"><a aria-label=\"Nav\u0161tivte kategorii produktu Motok\u00e1ry\" href=\"https:\/\/motokary-karting.sk\/cz\/kategoria-produktu\/motokary\/\" data-no-translation-aria-label=\"\"><img loading=\"lazy\" decoding=\"async\" src=\"https:\/\/motokary-karting.sk\/wp-content\/uploads\/2026\/02\/crgKT5-300x300.jpg?v=1772035205\" alt=\"Motok\u00e1ry\" width=\"300\" height=\"300\" srcset=\"https:\/\/motokary-karting.sk\/wp-content\/uploads\/2026\/02\/crgKT5-300x300.jpg?v=1772035205 300w, https:\/\/motokary-karting.sk\/wp-content\/uploads\/2026\/02\/crgKT5-150x150.jpg?v=1772035205 150w, https:\/\/motokary-karting.sk\/wp-content\/uploads\/2026\/02\/crgKT5-100x100.jpg?v=1772035205 100w\" sizes=\"auto, (max-width: 300px) 100vw, 300px\" \/>\t\t<h2 class=\"woocommerce-loop-category__title\">\n\t\t\tMotok\u00e1ry <mark class=\"count\">(26)<\/mark>\t\t<\/h2>\n\t\t<\/a><\/div><\/li>\n<li class=\"product-category product customify-col\">\n\t<div class=\"wc-product-inner\"><a aria-label=\"Nav\u0161tivte kategorii produktu Motory\" href=\"https:\/\/motokary-karting.sk\/cz\/kategoria-produktu\/motory\/\" data-no-translation-aria-label=\"\"><img loading=\"lazy\" decoding=\"async\" src=\"https:\/\/motokary-karting.sk\/wp-content\/uploads\/2026\/02\/motory-300x300.jpg\" alt=\"Motory\" width=\"300\" height=\"300\" srcset=\"https:\/\/motokary-karting.sk\/wp-content\/uploads\/2026\/02\/motory-300x300.jpg 300w, https:\/\/motokary-karting.sk\/wp-content\/uploads\/2026\/02\/motory-150x150.jpg 150w, https:\/\/motokary-karting.sk\/wp-content\/uploads\/2026\/02\/motory-100x100.jpg 100w\" sizes=\"auto, (max-width: 300px) 100vw, 300px\" \/>\t\t<h2 class=\"woocommerce-loop-category__title\">\n\t\t\tMotory <mark class=\"count\">(9)<\/mark>\t\t<\/h2>\n\t\t<\/a><\/div><\/li>\n<li class=\"product-category product customify-col\">\n\t<div class=\"wc-product-inner\"><a aria-label=\"Nav\u0161tivte kategorii produktu Pneumatiky\" href=\"https:\/\/motokary-karting.sk\/cz\/kategoria-produktu\/pneumatiky\/\" data-no-translation-aria-label=\"\"><img loading=\"lazy\" decoding=\"async\" src=\"https:\/\/motokary-karting.sk\/wp-content\/uploads\/2026\/02\/pneumatiky-300x300.jpg\" alt=\"Pneumatiky\" width=\"300\" height=\"300\" srcset=\"https:\/\/motokary-karting.sk\/wp-content\/uploads\/2026\/02\/pneumatiky-300x300.jpg 300w, https:\/\/motokary-karting.sk\/wp-content\/uploads\/2026\/02\/pneumatiky-150x150.jpg 150w, https:\/\/motokary-karting.sk\/wp-content\/uploads\/2026\/02\/pneumatiky-100x100.jpg 100w\" sizes=\"auto, (max-width: 300px) 100vw, 300px\" \/>\t\t<h2 class=\"woocommerce-loop-category__title\">\n\t\t\tPneumatiky <mark class=\"count\">(59)<\/mark>\t\t<\/h2>\n\t\t<\/a><\/div><\/li>\n<li class=\"product-category product last customify-col\">\n\t<div class=\"wc-product-inner\"><a aria-label=\"Nav\u0161tivte kategorii produktu Telemetrie a Pr\u00edstroje\" href=\"https:\/\/motokary-karting.sk\/cz\/kategoria-produktu\/telemetrieapristroje\/\" data-no-translation-aria-label=\"\"><img loading=\"lazy\" decoding=\"async\" src=\"https:\/\/motokary-karting.sk\/wp-content\/uploads\/2026\/02\/telemetrie-300x300.jpg\" alt=\"Telemetrie a Za\u0159\u00edzen\u00ed\" width=\"300\" height=\"300\" srcset=\"https:\/\/motokary-karting.sk\/wp-content\/uploads\/2026\/02\/telemetrie-300x300.jpg 300w, https:\/\/motokary-karting.sk\/wp-content\/uploads\/2026\/02\/telemetrie-150x150.jpg 150w, https:\/\/motokary-karting.sk\/wp-content\/uploads\/2026\/02\/telemetrie-100x100.jpg 100w\" sizes=\"auto, (max-width: 300px) 100vw, 300px\" \/>\t\t<h2 class=\"woocommerce-loop-category__title\">\n\t\t\tTelemetrie a Za\u0159\u00edzen\u00ed <mark class=\"count\">(17)<\/mark>\t\t<\/h2>\n\t\t<\/a><\/div><\/li>\n<li class=\"product-category product first customify-col\">\n\t<div class=\"wc-product-inner\"><a aria-label=\"Nav\u0161tivte kategorii produktu Oleje a maziv\u00e1\" href=\"https:\/\/motokary-karting.sk\/cz\/kategoria-produktu\/olejeamaziva\/\" data-no-translation-aria-label=\"\"><img loading=\"lazy\" decoding=\"async\" src=\"https:\/\/motokary-karting.sk\/wp-content\/uploads\/2026\/02\/oleje-300x300.jpg\" alt=\"Oleje a maziva\" width=\"300\" height=\"300\" srcset=\"https:\/\/motokary-karting.sk\/wp-content\/uploads\/2026\/02\/oleje-300x300.jpg 300w, https:\/\/motokary-karting.sk\/wp-content\/uploads\/2026\/02\/oleje-150x150.jpg 150w, https:\/\/motokary-karting.sk\/wp-content\/uploads\/2026\/02\/oleje-100x100.jpg 100w\" sizes=\"auto, (max-width: 300px) 100vw, 300px\" \/>\t\t<h2 class=\"woocommerce-loop-category__title\">\n\t\t\tOleje a maziva <mark class=\"count\">(17)<\/mark>\t\t<\/h2>\n\t\t<\/a><\/div><\/li>\n<li class=\"product-category product customify-col\">\n\t<div class=\"wc-product-inner\"><a aria-label=\"Nav\u0161tivte kategorii produktu Rental karting\" href=\"https:\/\/motokary-karting.sk\/cz\/kategoria-produktu\/rental-karting\/\" data-no-translation-aria-label=\"\"><img loading=\"lazy\" decoding=\"async\" src=\"https:\/\/motokary-karting.sk\/wp-content\/uploads\/2023\/01\/img-3788-2-300x300.jpg?v=1673380810\" alt=\"P\u016fj\u010dovna motok\u00e1r\" width=\"300\" height=\"300\" srcset=\"https:\/\/motokary-karting.sk\/wp-content\/uploads\/2023\/01\/img-3788-2-300x300.jpg?v=1673380810 300w, https:\/\/motokary-karting.sk\/wp-content\/uploads\/2023\/01\/img-3788-2-150x150.jpg?v=1673380810 150w, https:\/\/motokary-karting.sk\/wp-content\/uploads\/2023\/01\/img-3788-2-100x100.jpg?v=1673380810 100w\" sizes=\"auto, (max-width: 300px) 100vw, 300px\" \/>\t\t<h2 class=\"woocommerce-loop-category__title\">\n\t\t\tP\u016fj\u010dovna motok\u00e1r <mark class=\"count\">(127)<\/mark>\t\t<\/h2>\n\t\t<\/a><\/div><\/li>\n<li class=\"product-category product customify-col\">\n\t<div class=\"wc-product-inner\"><a aria-label=\"Nav\u0161tivte kategorii produktu Lifestyle - Oble\u010denie a produkty na vo\u013en\u00fd \u010das\" href=\"https:\/\/motokary-karting.sk\/cz\/kategoria-produktu\/lifestyle-oblecenie-a-produkty-na-volny-cas\/\" data-no-translation-aria-label=\"\"><img loading=\"lazy\" decoding=\"async\" src=\"https:\/\/motokary-karting.sk\/wp-content\/uploads\/2026\/02\/lifestyle-300x300.jpg\" alt=\"Lifestyle - Oble\u010den\u00ed a produkty pro voln\u00fd \u010das\" width=\"300\" height=\"300\" srcset=\"https:\/\/motokary-karting.sk\/wp-content\/uploads\/2026\/02\/lifestyle-300x300.jpg 300w, https:\/\/motokary-karting.sk\/wp-content\/uploads\/2026\/02\/lifestyle-150x150.jpg 150w, https:\/\/motokary-karting.sk\/wp-content\/uploads\/2026\/02\/lifestyle-100x100.jpg 100w\" sizes=\"auto, (max-width: 300px) 100vw, 300px\" \/>\t\t<h2 class=\"woocommerce-loop-category__title\">\n\t\t\tLifestyle - Oble\u010den\u00ed a produkty pro voln\u00fd \u010das <mark class=\"count\">(119)<\/mark>\t\t<\/h2>\n\t\t<\/a><\/div><\/li>\n<li class=\"product-category product last customify-col\">\n\t<div class=\"wc-product-inner\"><a aria-label=\"Nav\u0161tivte kategorii produktu Tip na dar\u010dek\" href=\"https:\/\/motokary-karting.sk\/cz\/kategoria-produktu\/tip-na-darcek\/\" data-no-translation-aria-label=\"\"><img loading=\"lazy\" decoding=\"async\" src=\"https:\/\/motokary-karting.sk\/wp-content\/uploads\/2026\/02\/darcek-300x300.jpg\" alt=\"Tip na d\u00e1rek\" width=\"300\" height=\"300\" srcset=\"https:\/\/motokary-karting.sk\/wp-content\/uploads\/2026\/02\/darcek-300x300.jpg 300w, https:\/\/motokary-karting.sk\/wp-content\/uploads\/2026\/02\/darcek-150x150.jpg 150w, https:\/\/motokary-karting.sk\/wp-content\/uploads\/2026\/02\/darcek-100x100.jpg 100w\" sizes=\"auto, (max-width: 300px) 100vw, 300px\" \/>\t\t<h2 class=\"woocommerce-loop-category__title\">\n\t\t\tTip na d\u00e1rek <mark class=\"count\">(79)<\/mark>\t\t<\/h2>\n\t\t<\/a><\/div><\/li>\n<\/ul>\n<\/div>","protected":false},"excerpt":{"rendered":"<p>PODM\u00cdNKOU PRO Z\u00cdSK\u00c1N\u00cd KARTY JE JEDNOR\u00c1ZOV\u00dd N\u00c1KUP NAD 1000 \u20ac. LZE POU\u017d\u00cdT NA CEL\u00dd sortiment E-SHOPU (krom\u011b pneumatik) Slevu lze uplatnit pouze na jm\u00e9no Z\u00c1KAZN\u00cdKA...<\/p>","protected":false},"author":20,"featured_media":0,"parent":0,"menu_order":0,"comment_status":"closed","ping_status":"closed","template":"","meta":{"footnotes":""},"class_list":["post-9138","page","type-page","status-publish","hentry"],"aioseo_notices":[],"_links":{"self":[{"href":"https:\/\/motokary-karting.sk\/cz\/wp-json\/wp\/v2\/pages\/9138","targetHints":{"allow":["GET"]}}],"collection":[{"href":"https:\/\/motokary-karting.sk\/cz\/wp-json\/wp\/v2\/pages"}],"about":[{"href":"https:\/\/motokary-karting.sk\/cz\/wp-json\/wp\/v2\/types\/page"}],"author":[{"embeddable":true,"href":"https:\/\/motokary-karting.sk\/cz\/wp-json\/wp\/v2\/users\/20"}],"replies":[{"embeddable":true,"href":"https:\/\/motokary-karting.sk\/cz\/wp-json\/wp\/v2\/comments?post=9138"}],"version-history":[{"count":9,"href":"https:\/\/motokary-karting.sk\/cz\/wp-json\/wp\/v2\/pages\/9138\/revisions"}],"predecessor-version":[{"id":32752,"href":"https:\/\/motokary-karting.sk\/cz\/wp-json\/wp\/v2\/pages\/9138\/revisions\/32752"}],"wp:attachment":[{"href":"https:\/\/motokary-karting.sk\/cz\/wp-json\/wp\/v2\/media?parent=9138"}],"curies":[{"name":"wp","href":"https:\/\/api.w.org\/{rel}","templated":true}]}}