{"id":10000,"date":"2021-05-20T12:08:20","date_gmt":"2021-05-20T12:08:20","guid":{"rendered":"https:\/\/motokary-karting.sk\/?post_type=product&#038;p=10000"},"modified":"2026-04-08T13:20:57","modified_gmt":"2026-04-08T13:20:57","slug":"mojo-sada-4-pneumatik-pro-dazda-w5-cik-10450-5-2x-predni-2x-zadni-11600-5","status":"publish","type":"product","link":"https:\/\/motokary-karting.sk\/cz\/produkt\/mojo-sada-pneu-4ks-do-dazda-w5-cik-10450-5-2x-predna-2x-zadna-11600-5\/","title":{"rendered":"Sada 4 pneumatik MOJO - W5 CIK | 2x p\u0159edn\u00ed 4.50 + 2x zadn\u00ed 6.0"},"content":{"rendered":"","protected":false},"excerpt":{"rendered":"","protected":false},"featured_media":10001,"template":"","meta":[],"product_brand":[],"product_cat":[118,20],"product_tag":[2446,142,119,1359,1284,2442,1358,2444,2443,425,81,50,1283,1360,1102,1357,2445,182,183],"class_list":{"0":"post-10000","1":"product","2":"type-product","3":"status-publish","4":"has-post-thumbnail","6":"product_cat-mojo","7":"product_cat-pneumatiky","8":"product_tag-gumydo-dazda-mojo","9":"product_tag-karting","10":"product_tag-mojo","11":"product_tag-mojo-d5","12":"product_tag-mojo-pneu","13":"product_tag-mojo-pneu-do-dazda-w5","14":"product_tag-mojo-pneumatiky","15":"product_tag-mojo-rain-w5","16":"product_tag-mojo-ww5","17":"product_tag-motokarove-pneu","18":"product_tag-motokary","19":"product_tag-pneu","20":"product_tag-pneu-mojo","21":"product_tag-pneu-mojo-d5","22":"product_tag-pneu-na-motokary","23":"product_tag-pneumatiky-mojo","24":"product_tag-predaj-pneu-mojo","25":"product_tag-sadapneu","26":"product_tag-sadapneuvega","28":"first","29":"onbackorder","30":"taxable","31":"shipping-taxable","32":"purchasable","33":"product-type-simple","34":"customify-col"},"aioseo_notices":[],"_links":{"self":[{"href":"https:\/\/motokary-karting.sk\/cz\/wp-json\/wp\/v2\/product\/10000","targetHints":{"allow":["GET"]}}],"collection":[{"href":"https:\/\/motokary-karting.sk\/cz\/wp-json\/wp\/v2\/product"}],"about":[{"href":"https:\/\/motokary-karting.sk\/cz\/wp-json\/wp\/v2\/types\/product"}],"wp:featuredmedia":[{"embeddable":true,"href":"https:\/\/motokary-karting.sk\/cz\/wp-json\/wp\/v2\/media\/10001"}],"wp:attachment":[{"href":"https:\/\/motokary-karting.sk\/cz\/wp-json\/wp\/v2\/media?parent=10000"}],"wp:term":[{"taxonomy":"product_brand","embeddable":true,"href":"https:\/\/motokary-karting.sk\/cz\/wp-json\/wp\/v2\/product_brand?post=10000"},{"taxonomy":"product_cat","embeddable":true,"href":"https:\/\/motokary-karting.sk\/cz\/wp-json\/wp\/v2\/product_cat?post=10000"},{"taxonomy":"product_tag","embeddable":true,"href":"https:\/\/motokary-karting.sk\/cz\/wp-json\/wp\/v2\/product_tag?post=10000"}],"curies":[{"name":"wp","href":"https:\/\/api.w.org\/{rel}","templated":true}]}}