{"id":10023,"date":"2021-05-24T19:45:45","date_gmt":"2021-05-24T19:45:45","guid":{"rendered":"https:\/\/motokary-karting.sk\/?post_type=product&#038;p=10023"},"modified":"2026-01-13T06:58:14","modified_gmt":"2026-01-13T06:58:14","slug":"zvonkove-kovove-pruchodky-pro-vetraci-otvory-prilby-sada-12ks","status":"publish","type":"product","link":"https:\/\/motokary-karting.sk\/cz\/produkt\/bell-plechove-priechodky-do-vetrakov-prilby-sada-12ks\/","title":{"rendered":"Plechov\u00e9 pr\u016fchodky Bell pro v\u011btrac\u00ed otvory p\u0159ilby | SADA 12 kus\u016f"},"content":{"rendered":"","protected":false},"excerpt":{"rendered":"","protected":false},"featured_media":10025,"template":"","meta":[],"product_brand":[],"product_cat":[2722,21,18],"product_tag":[963,964,2451,1676,2367,2370,2368,142,1344,81,2450,2371,2369],"class_list":{"0":"post-10023","1":"product","2":"type-product","3":"status-publish","4":"has-post-thumbnail","6":"product_cat-bell-prislusenstvo","7":"product_cat-prilby","8":"product_cat-vybava-pretekara","9":"product_tag-bell","10":"product_tag-bell-helmets","11":"product_tag-bell-nahradne-diely","12":"product_tag-bell-prilby","13":"product_tag-doplnky-na-bell-prilby","14":"product_tag-guma-na-bell-helmu","15":"product_tag-gumicka-na-bell-prilbu","16":"product_tag-karting","17":"product_tag-karting-shop","18":"product_tag-motokary","19":"product_tag-priechodky-do-vetrakov-bell","20":"product_tag-rubber-for-bell-hemet","21":"product_tag-spodna-guma-na-bell","23":"first","24":"onbackorder","25":"taxable","26":"shipping-taxable","27":"purchasable","28":"product-type-simple","29":"customify-col","30":"product-has-gallery"},"aioseo_notices":[],"_links":{"self":[{"href":"https:\/\/motokary-karting.sk\/cz\/wp-json\/wp\/v2\/product\/10023","targetHints":{"allow":["GET"]}}],"collection":[{"href":"https:\/\/motokary-karting.sk\/cz\/wp-json\/wp\/v2\/product"}],"about":[{"href":"https:\/\/motokary-karting.sk\/cz\/wp-json\/wp\/v2\/types\/product"}],"wp:featuredmedia":[{"embeddable":true,"href":"https:\/\/motokary-karting.sk\/cz\/wp-json\/wp\/v2\/media\/10025"}],"wp:attachment":[{"href":"https:\/\/motokary-karting.sk\/cz\/wp-json\/wp\/v2\/media?parent=10023"}],"wp:term":[{"taxonomy":"product_brand","embeddable":true,"href":"https:\/\/motokary-karting.sk\/cz\/wp-json\/wp\/v2\/product_brand?post=10023"},{"taxonomy":"product_cat","embeddable":true,"href":"https:\/\/motokary-karting.sk\/cz\/wp-json\/wp\/v2\/product_cat?post=10023"},{"taxonomy":"product_tag","embeddable":true,"href":"https:\/\/motokary-karting.sk\/cz\/wp-json\/wp\/v2\/product_tag?post=10023"}],"curies":[{"name":"wp","href":"https:\/\/api.w.org\/{rel}","templated":true}]}}