{"id":10077,"date":"2021-06-03T14:51:45","date_gmt":"2021-06-03T14:51:45","guid":{"rendered":"https:\/\/motokary-karting.sk\/?post_type=product&#038;p=10077"},"modified":"2024-11-21T10:27:22","modified_gmt":"2024-11-21T10:27:22","slug":"pruzny-lem-zvonove-prilby","status":"publish","type":"product","link":"https:\/\/motokary-karting.sk\/cz\/produkt\/bell-gumicka-na-spodny-lem-prilby\/","title":{"rendered":"Zvonov\u00fd lem p\u0159ilby elastick\u00fd 1,7 m | r\u016fzn\u00e9 tlou\u0161\u0165ky"},"content":{"rendered":"","protected":false},"excerpt":{"rendered":"","protected":false},"featured_media":9805,"template":"","meta":[],"product_brand":[],"product_cat":[2722,21,18],"product_tag":[963,964,1676,2367,2370,2368,142,1344,81,2371,2369],"class_list":{"0":"post-10077","1":"product","2":"type-product","3":"status-publish","4":"has-post-thumbnail","6":"product_cat-bell-prislusenstvo","7":"product_cat-prilby","8":"product_cat-vybava-pretekara","9":"product_tag-bell","10":"product_tag-bell-helmets","11":"product_tag-bell-prilby","12":"product_tag-doplnky-na-bell-prilby","13":"product_tag-guma-na-bell-helmu","14":"product_tag-gumicka-na-bell-prilbu","15":"product_tag-karting","16":"product_tag-karting-shop","17":"product_tag-motokary","18":"product_tag-rubber-for-bell-hemet","19":"product_tag-spodna-guma-na-bell","21":"first","22":"instock","23":"taxable","24":"shipping-taxable","25":"purchasable","26":"product-type-variable","27":"customify-col"},"aioseo_notices":[],"_links":{"self":[{"href":"https:\/\/motokary-karting.sk\/cz\/wp-json\/wp\/v2\/product\/10077","targetHints":{"allow":["GET"]}}],"collection":[{"href":"https:\/\/motokary-karting.sk\/cz\/wp-json\/wp\/v2\/product"}],"about":[{"href":"https:\/\/motokary-karting.sk\/cz\/wp-json\/wp\/v2\/types\/product"}],"wp:featuredmedia":[{"embeddable":true,"href":"https:\/\/motokary-karting.sk\/cz\/wp-json\/wp\/v2\/media\/9805"}],"wp:attachment":[{"href":"https:\/\/motokary-karting.sk\/cz\/wp-json\/wp\/v2\/media?parent=10077"}],"wp:term":[{"taxonomy":"product_brand","embeddable":true,"href":"https:\/\/motokary-karting.sk\/cz\/wp-json\/wp\/v2\/product_brand?post=10077"},{"taxonomy":"product_cat","embeddable":true,"href":"https:\/\/motokary-karting.sk\/cz\/wp-json\/wp\/v2\/product_cat?post=10077"},{"taxonomy":"product_tag","embeddable":true,"href":"https:\/\/motokary-karting.sk\/cz\/wp-json\/wp\/v2\/product_tag?post=10077"}],"curies":[{"name":"wp","href":"https:\/\/api.w.org\/{rel}","templated":true}]}}