{"id":10130,"date":"2025-06-14T19:39:26","date_gmt":"2025-06-14T19:39:26","guid":{"rendered":"https:\/\/motokary-karting.sk\/?post_type=product&#038;p=10130"},"modified":"2026-01-29T09:52:02","modified_gmt":"2026-01-29T09:52:02","slug":"motokarovy-podvozek-croc-promotion-mc01-ok-x30-rotax","status":"publish","type":"product","link":"https:\/\/motokary-karting.sk\/cz\/produkt\/motokara-podvozok-croc-promotion-mc01-ok-x30-rotax\/","title":{"rendered":"Podvozek motok\u00e1ry CROC Promotion ROTAX"},"content":{"rendered":"<p>Homologace:CIK FIA\u00d8<\/p>\n<p>Trubky: 30 mm<\/p>\n<p>Rozvor kol: 1045 mm<\/p>\n<p>Osy: \u00d850 mm<\/p>\n<p>Brzdov\u00fd syst\u00e9m: LZF04 Hydraulick\u00fd syst\u00e9m<\/p>\n<p>Brzdov\u00fd kotou\u010d: ventilovan\u00fd\/plovouc\u00ed<\/p>\n<p>P\u0159edn\u00ed n\u00e1boje: ho\u0159\u010d\u00edk<\/p>\n<p>Zadn\u00ed n\u00e1boje: ho\u0159\u010d\u00edk<\/p>\n<p>Kola:132\/212 ho\u0159\u010d\u00edk<\/p>\n<p>&nbsp;<\/p>","protected":false},"excerpt":{"rendered":"<p>Homologace: CIK FIA\u00d8 Trubky: 30 mm Rozvor: 1045 mm N\u00e1prava: \u00d850 mm Brzdov\u00fd syst\u00e9m: P\u0159edn\u00ed n\u00e1boje: ho\u0159\u010d\u00edk Zadn\u00ed n\u00e1boje:...<\/p>","protected":false},"featured_media":32477,"template":"","meta":[],"product_brand":[],"product_cat":[2485,16],"product_tag":[2477,2494,2495,2492,2493,2486,2491,2501,2497,2500,142,1344,2388,34,2487,2386,2499,2489,2488,2496,2490,1698,2498],"class_list":{"0":"post-10130","1":"product","2":"type-product","3":"status-publish","4":"has-post-thumbnail","6":"product_cat-croc-promotion","7":"product_cat-motokary","8":"product_tag-croc","9":"product_tag-croc-mini-kart","10":"product_tag-croc-mini-kart-predaj","11":"product_tag-croc-motokara","12":"product_tag-croc-motokary","13":"product_tag-croc-poromotion","14":"product_tag-croc-promotion-motokary","15":"product_tag-croc-promotion-x30","16":"product_tag-croc-rotax","17":"product_tag-croc-x30","18":"product_tag-karting","19":"product_tag-karting-shop","20":"product_tag-minikart","21":"product_tag-motokara","22":"product_tag-motokara-croc","23":"product_tag-nova-motokara-na-predaj","24":"product_tag-podvozok-croc-promotion-rotax","25":"product_tag-predaj-croc-promotion","26":"product_tag-predaj-motokar-croc","27":"product_tag-predaj-motokary-croc","28":"product_tag-predajca-croc-promotion","29":"product_tag-predajna-motokar","30":"product_tag-rotax-croc-promotion","32":"first","33":"onbackorder","34":"taxable","35":"shipping-taxable","36":"purchasable","37":"product-type-simple","38":"customify-col","39":"product-has-gallery"},"aioseo_notices":[],"_links":{"self":[{"href":"https:\/\/motokary-karting.sk\/cz\/wp-json\/wp\/v2\/product\/10130","targetHints":{"allow":["GET"]}}],"collection":[{"href":"https:\/\/motokary-karting.sk\/cz\/wp-json\/wp\/v2\/product"}],"about":[{"href":"https:\/\/motokary-karting.sk\/cz\/wp-json\/wp\/v2\/types\/product"}],"wp:featuredmedia":[{"embeddable":true,"href":"https:\/\/motokary-karting.sk\/cz\/wp-json\/wp\/v2\/media\/32477"}],"wp:attachment":[{"href":"https:\/\/motokary-karting.sk\/cz\/wp-json\/wp\/v2\/media?parent=10130"}],"wp:term":[{"taxonomy":"product_brand","embeddable":true,"href":"https:\/\/motokary-karting.sk\/cz\/wp-json\/wp\/v2\/product_brand?post=10130"},{"taxonomy":"product_cat","embeddable":true,"href":"https:\/\/motokary-karting.sk\/cz\/wp-json\/wp\/v2\/product_cat?post=10130"},{"taxonomy":"product_tag","embeddable":true,"href":"https:\/\/motokary-karting.sk\/cz\/wp-json\/wp\/v2\/product_tag?post=10130"}],"curies":[{"name":"wp","href":"https:\/\/api.w.org\/{rel}","templated":true}]}}