{"id":1021,"date":"2020-06-03T20:48:20","date_gmt":"2020-06-03T20:48:20","guid":{"rendered":"https:\/\/motokary-karting.sk\/?post_type=product&#038;p=1021"},"modified":"2026-03-15T23:41:40","modified_gmt":"2026-03-15T23:41:40","slug":"montazni-sada-pro-zadni-naraznik-cik-14-cerna","status":"publish","type":"product","link":"https:\/\/motokary-karting.sk\/cz\/produkt\/montazna-sada-na-zadny-naraznik-cik-14-cierna\/","title":{"rendered":"Mont\u00e1\u017en\u00ed sada zadn\u00edho n\u00e1razn\u00edku CIK 14 \u010dern\u00e1"},"content":{"rendered":"","protected":false},"excerpt":{"rendered":"","protected":false},"featured_media":1023,"template":"","meta":[],"product_brand":[],"product_cat":[271,184],"product_tag":[142,1246,1245,1247,81],"class_list":{"0":"post-1021","1":"product","2":"type-product","3":"status-publish","4":"has-post-thumbnail","6":"product_cat-nahradne-diely-na-podvozky","7":"product_cat-spojlery-prislusenstvo","8":"product_tag-karting","9":"product_tag-montazna-sada-na-naraznik","10":"product_tag-montazna-sada-na-zadny-naraznik","11":"product_tag-montazna-sada-na-zadny-spojler","12":"product_tag-motokary","14":"first","15":"onbackorder","16":"taxable","17":"shipping-taxable","18":"purchasable","19":"product-type-simple","20":"customify-col","21":"product-has-gallery"},"aioseo_notices":[],"_links":{"self":[{"href":"https:\/\/motokary-karting.sk\/cz\/wp-json\/wp\/v2\/product\/1021","targetHints":{"allow":["GET"]}}],"collection":[{"href":"https:\/\/motokary-karting.sk\/cz\/wp-json\/wp\/v2\/product"}],"about":[{"href":"https:\/\/motokary-karting.sk\/cz\/wp-json\/wp\/v2\/types\/product"}],"wp:featuredmedia":[{"embeddable":true,"href":"https:\/\/motokary-karting.sk\/cz\/wp-json\/wp\/v2\/media\/1023"}],"wp:attachment":[{"href":"https:\/\/motokary-karting.sk\/cz\/wp-json\/wp\/v2\/media?parent=1021"}],"wp:term":[{"taxonomy":"product_brand","embeddable":true,"href":"https:\/\/motokary-karting.sk\/cz\/wp-json\/wp\/v2\/product_brand?post=1021"},{"taxonomy":"product_cat","embeddable":true,"href":"https:\/\/motokary-karting.sk\/cz\/wp-json\/wp\/v2\/product_cat?post=1021"},{"taxonomy":"product_tag","embeddable":true,"href":"https:\/\/motokary-karting.sk\/cz\/wp-json\/wp\/v2\/product_tag?post=1021"}],"curies":[{"name":"wp","href":"https:\/\/api.w.org\/{rel}","templated":true}]}}