{"id":10267,"date":"2021-06-22T15:07:23","date_gmt":"2021-06-22T15:07:23","guid":{"rendered":"https:\/\/motokary-karting.sk\/?post_type=product&#038;p=10267"},"modified":"2025-03-29T10:25:45","modified_gmt":"2025-03-29T10:25:45","slug":"sada-tesneni-karburatoru-dellorto-vhsh-30","status":"publish","type":"product","link":"https:\/\/motokary-karting.sk\/cz\/produkt\/sada-tesneni-do-karburatora-dellorto-vhsh-30\/","title":{"rendered":"Sada t\u011bsn\u011bn\u00ed karbur\u00e1toru Dellorto VHSH 30"},"content":{"rendered":"","protected":false},"excerpt":{"rendered":"","protected":false},"featured_media":10268,"template":"","meta":[],"product_brand":[],"product_cat":[1642,645],"product_tag":[2537,142,1344,81,2539,2538,2540],"class_list":{"0":"post-10267","1":"product","2":"type-product","3":"status-publish","4":"has-post-thumbnail","6":"product_cat-karburatory-prislusenstvo","7":"product_cat-nahradne-diely-na-motory","8":"product_tag-karburaor-dellorto","9":"product_tag-karting","10":"product_tag-karting-shop","11":"product_tag-motokary","12":"product_tag-sada-tesneni-do-dellorto-vhsh30","13":"product_tag-sada-tesnenie-do-dellroto","14":"product_tag-tesnenie-dellorto-vhsh30","16":"first","17":"instock","18":"taxable","19":"shipping-taxable","20":"purchasable","21":"product-type-simple","22":"customify-col"},"aioseo_notices":[],"_links":{"self":[{"href":"https:\/\/motokary-karting.sk\/cz\/wp-json\/wp\/v2\/product\/10267","targetHints":{"allow":["GET"]}}],"collection":[{"href":"https:\/\/motokary-karting.sk\/cz\/wp-json\/wp\/v2\/product"}],"about":[{"href":"https:\/\/motokary-karting.sk\/cz\/wp-json\/wp\/v2\/types\/product"}],"wp:featuredmedia":[{"embeddable":true,"href":"https:\/\/motokary-karting.sk\/cz\/wp-json\/wp\/v2\/media\/10268"}],"wp:attachment":[{"href":"https:\/\/motokary-karting.sk\/cz\/wp-json\/wp\/v2\/media?parent=10267"}],"wp:term":[{"taxonomy":"product_brand","embeddable":true,"href":"https:\/\/motokary-karting.sk\/cz\/wp-json\/wp\/v2\/product_brand?post=10267"},{"taxonomy":"product_cat","embeddable":true,"href":"https:\/\/motokary-karting.sk\/cz\/wp-json\/wp\/v2\/product_cat?post=10267"},{"taxonomy":"product_tag","embeddable":true,"href":"https:\/\/motokary-karting.sk\/cz\/wp-json\/wp\/v2\/product_tag?post=10267"}],"curies":[{"name":"wp","href":"https:\/\/api.w.org\/{rel}","templated":true}]}}