{"id":1029,"date":"2020-06-03T21:00:49","date_gmt":"2020-06-03T21:00:49","guid":{"rendered":"https:\/\/motokary-karting.sk\/?post_type=product&#038;p=1029"},"modified":"2026-04-28T10:32:44","modified_gmt":"2026-04-28T10:32:44","slug":"montazni-sada-pro-predni-spoiler-xtr14-absorberspony","status":"publish","type":"product","link":"https:\/\/motokary-karting.sk\/cz\/produkt\/montazna-sada-na-predny-spojler-xtr14-absorberspony\/","title":{"rendered":"Mont\u00e1\u017en\u00ed sada p\u0159edn\u00edho spoileru | CIK"},"content":{"rendered":"","protected":false},"excerpt":{"rendered":"","protected":false},"featured_media":33981,"template":"","meta":[],"product_brand":[],"product_cat":[271,184],"product_tag":[2708,2709,1719,1720,1728,142,1344,1345,1718,81],"class_list":{"0":"post-1029","1":"product","2":"type-product","3":"status-publish","4":"has-post-thumbnail","6":"product_cat-nahradne-diely-na-podvozky","7":"product_cat-spojlery-prislusenstvo","8":"product_tag-drziak-predneho-naraznika","9":"product_tag-drziak-predneho-spojllera","10":"product_tag-fixing-set-front-spoiler","11":"product_tag-front-spoiler-fixing-set","12":"product_tag-kart-shop","13":"product_tag-karting","14":"product_tag-karting-shop","15":"product_tag-montazna-sada","16":"product_tag-montazna-sada-na-predny-naraznik-cik-fia","17":"product_tag-motokary","19":"first","20":"onbackorder","21":"taxable","22":"shipping-taxable","23":"purchasable","24":"product-type-simple","25":"customify-col"},"aioseo_notices":[],"_links":{"self":[{"href":"https:\/\/motokary-karting.sk\/cz\/wp-json\/wp\/v2\/product\/1029","targetHints":{"allow":["GET"]}}],"collection":[{"href":"https:\/\/motokary-karting.sk\/cz\/wp-json\/wp\/v2\/product"}],"about":[{"href":"https:\/\/motokary-karting.sk\/cz\/wp-json\/wp\/v2\/types\/product"}],"wp:featuredmedia":[{"embeddable":true,"href":"https:\/\/motokary-karting.sk\/cz\/wp-json\/wp\/v2\/media\/33981"}],"wp:attachment":[{"href":"https:\/\/motokary-karting.sk\/cz\/wp-json\/wp\/v2\/media?parent=1029"}],"wp:term":[{"taxonomy":"product_brand","embeddable":true,"href":"https:\/\/motokary-karting.sk\/cz\/wp-json\/wp\/v2\/product_brand?post=1029"},{"taxonomy":"product_cat","embeddable":true,"href":"https:\/\/motokary-karting.sk\/cz\/wp-json\/wp\/v2\/product_cat?post=1029"},{"taxonomy":"product_tag","embeddable":true,"href":"https:\/\/motokary-karting.sk\/cz\/wp-json\/wp\/v2\/product_tag?post=1029"}],"curies":[{"name":"wp","href":"https:\/\/api.w.org\/{rel}","templated":true}]}}