{"id":1038,"date":"2020-06-03T21:11:20","date_gmt":"2020-06-03T21:11:20","guid":{"rendered":"https:\/\/motokary-karting.sk\/?post_type=product&#038;p=1038"},"modified":"2026-01-23T09:58:49","modified_gmt":"2026-01-23T09:58:49","slug":"pronajem-zadniho-narazniku-cerny","status":"publish","type":"product","link":"https:\/\/motokary-karting.sk\/cz\/produkt\/zadny-naraznik-rental-cierny\/","title":{"rendered":"Zadn\u00ed n\u00e1razn\u00edk RENTAL \u010dern\u00fd"},"content":{"rendered":"","protected":false},"excerpt":{"rendered":"","protected":false},"featured_media":28830,"template":"","meta":[],"product_brand":[],"product_cat":[173,77,1051],"product_tag":[142,1054,81,1052,1055,1053],"class_list":{"0":"post-1038","1":"product","2":"type-product","3":"status-publish","4":"has-post-thumbnail","6":"product_cat-podvozky-nahradne-diely","7":"product_cat-rental-karting","8":"product_cat-spojlery-narazniky","9":"product_tag-karting","10":"product_tag-motokara-do-pozicovne-naraznik","11":"product_tag-motokary","12":"product_tag-naraznik-pozicovna","13":"product_tag-zadny-naraznik-do-pozicovne-motokar","14":"product_tag-zadny-naraznik-pozicovna","16":"first","17":"onbackorder","18":"taxable","19":"shipping-taxable","20":"purchasable","21":"product-type-simple","22":"customify-col"},"aioseo_notices":[],"_links":{"self":[{"href":"https:\/\/motokary-karting.sk\/cz\/wp-json\/wp\/v2\/product\/1038","targetHints":{"allow":["GET"]}}],"collection":[{"href":"https:\/\/motokary-karting.sk\/cz\/wp-json\/wp\/v2\/product"}],"about":[{"href":"https:\/\/motokary-karting.sk\/cz\/wp-json\/wp\/v2\/types\/product"}],"wp:featuredmedia":[{"embeddable":true,"href":"https:\/\/motokary-karting.sk\/cz\/wp-json\/wp\/v2\/media\/28830"}],"wp:attachment":[{"href":"https:\/\/motokary-karting.sk\/cz\/wp-json\/wp\/v2\/media?parent=1038"}],"wp:term":[{"taxonomy":"product_brand","embeddable":true,"href":"https:\/\/motokary-karting.sk\/cz\/wp-json\/wp\/v2\/product_brand?post=1038"},{"taxonomy":"product_cat","embeddable":true,"href":"https:\/\/motokary-karting.sk\/cz\/wp-json\/wp\/v2\/product_cat?post=1038"},{"taxonomy":"product_tag","embeddable":true,"href":"https:\/\/motokary-karting.sk\/cz\/wp-json\/wp\/v2\/product_tag?post=1038"}],"curies":[{"name":"wp","href":"https:\/\/api.w.org\/{rel}","templated":true}]}}