{"id":10382,"date":"2021-06-30T20:14:35","date_gmt":"2021-06-30T20:14:35","guid":{"rendered":"https:\/\/motokary-karting.sk\/?post_type=product&#038;p=10382"},"modified":"2021-07-19T11:27:07","modified_gmt":"2021-07-19T11:27:07","slug":"tm-racing-rotorovy-klic-zapalovani","status":"publish","type":"product","link":"https:\/\/motokary-karting.sk\/cz\/produkt\/kluc-pin-rotora-zapalovania-tm-racing\/","title":{"rendered":"Kl\u00ed\u010d k rotoru zapalov\u00e1n\u00ed TM Racing (PIN)"},"content":{"rendered":"","protected":false},"excerpt":{"rendered":"","protected":false},"featured_media":10383,"template":"","meta":[],"product_brand":[],"product_cat":[2332,2331,2333,645,858],"product_tag":[142,1344,2590,2588,81,2589,2587],"class_list":{"0":"post-10382","1":"product","2":"type-product","3":"status-publish","4":"has-post-thumbnail","6":"product_cat-model-tm-k10c","7":"product_cat-model-tm-k9c","8":"product_cat-model-tm-kz-r1","9":"product_cat-nahradne-diely-na-motory","10":"product_cat-tm-racing-nahradne-diely-na-motory","11":"product_tag-karting","12":"product_tag-karting-shop","13":"product_tag-matica-rotara-tm","14":"product_tag-matica-zapalovania-tm","15":"product_tag-motokary","16":"product_tag-tm-matica-zapalovania","17":"product_tag-zapalovanie-tm-racing","19":"first","20":"instock","21":"taxable","22":"shipping-taxable","23":"purchasable","24":"product-type-simple","25":"customify-col"},"aioseo_notices":[],"_links":{"self":[{"href":"https:\/\/motokary-karting.sk\/cz\/wp-json\/wp\/v2\/product\/10382","targetHints":{"allow":["GET"]}}],"collection":[{"href":"https:\/\/motokary-karting.sk\/cz\/wp-json\/wp\/v2\/product"}],"about":[{"href":"https:\/\/motokary-karting.sk\/cz\/wp-json\/wp\/v2\/types\/product"}],"wp:featuredmedia":[{"embeddable":true,"href":"https:\/\/motokary-karting.sk\/cz\/wp-json\/wp\/v2\/media\/10383"}],"wp:attachment":[{"href":"https:\/\/motokary-karting.sk\/cz\/wp-json\/wp\/v2\/media?parent=10382"}],"wp:term":[{"taxonomy":"product_brand","embeddable":true,"href":"https:\/\/motokary-karting.sk\/cz\/wp-json\/wp\/v2\/product_brand?post=10382"},{"taxonomy":"product_cat","embeddable":true,"href":"https:\/\/motokary-karting.sk\/cz\/wp-json\/wp\/v2\/product_cat?post=10382"},{"taxonomy":"product_tag","embeddable":true,"href":"https:\/\/motokary-karting.sk\/cz\/wp-json\/wp\/v2\/product_tag?post=10382"}],"curies":[{"name":"wp","href":"https:\/\/api.w.org\/{rel}","templated":true}]}}