{"id":10401,"date":"2021-07-07T08:34:17","date_gmt":"2021-07-07T08:34:17","guid":{"rendered":"https:\/\/motokary-karting.sk\/?post_type=product&#038;p=10401"},"modified":"2024-10-28T11:40:45","modified_gmt":"2024-10-28T11:40:45","slug":"pomucka-pro-demontaz-spojky-scythe-tm-racing","status":"publish","type":"product","link":"https:\/\/motokary-karting.sk\/cz\/produkt\/pomocka-na-demontaz-spojkoveho-kosa-tm-racing\/","title":{"rendered":"N\u00e1stroj pro demont\u00e1\u017e spojkov\u00e9ho ko\u0161e TM racing"},"content":{"rendered":"","protected":false},"excerpt":{"rendered":"","protected":false},"featured_media":10402,"template":"","meta":[],"product_brand":[],"product_cat":[2332,2331,2333,645,3350,2511,858,58],"product_tag":[142,1344,2596,2599,2600,2595,2594,2598,2597],"class_list":{"0":"post-10401","1":"product","2":"type-product","3":"status-publish","4":"has-post-thumbnail","6":"product_cat-model-tm-k10c","7":"product_cat-model-tm-k9c","8":"product_cat-model-tm-kz-r1","9":"product_cat-nahradne-diely-na-motory","10":"product_cat-pripravky","11":"product_cat-spojka","12":"product_cat-tm-racing-nahradne-diely-na-motory","13":"product_cat-vybava-do-garaze","14":"product_tag-karting","15":"product_tag-karting-shop","16":"product_tag-kluc-na-montaz-spojky-tm-racing","17":"product_tag-kluc-na-spojku-tm-racing","18":"product_tag-motokjary","19":"product_tag-nastroj-na-montaz-demontaz-spojky-tm-racing","20":"product_tag-pomocka-na-demontaz-spojkoveho-kosa-tm-racing","21":"product_tag-spojka-tm-racing","22":"product_tag-tm-racing-spojka","24":"first","25":"instock","26":"taxable","27":"shipping-taxable","28":"purchasable","29":"product-type-simple","30":"customify-col"},"aioseo_notices":[],"_links":{"self":[{"href":"https:\/\/motokary-karting.sk\/cz\/wp-json\/wp\/v2\/product\/10401","targetHints":{"allow":["GET"]}}],"collection":[{"href":"https:\/\/motokary-karting.sk\/cz\/wp-json\/wp\/v2\/product"}],"about":[{"href":"https:\/\/motokary-karting.sk\/cz\/wp-json\/wp\/v2\/types\/product"}],"wp:featuredmedia":[{"embeddable":true,"href":"https:\/\/motokary-karting.sk\/cz\/wp-json\/wp\/v2\/media\/10402"}],"wp:attachment":[{"href":"https:\/\/motokary-karting.sk\/cz\/wp-json\/wp\/v2\/media?parent=10401"}],"wp:term":[{"taxonomy":"product_brand","embeddable":true,"href":"https:\/\/motokary-karting.sk\/cz\/wp-json\/wp\/v2\/product_brand?post=10401"},{"taxonomy":"product_cat","embeddable":true,"href":"https:\/\/motokary-karting.sk\/cz\/wp-json\/wp\/v2\/product_cat?post=10401"},{"taxonomy":"product_tag","embeddable":true,"href":"https:\/\/motokary-karting.sk\/cz\/wp-json\/wp\/v2\/product_tag?post=10401"}],"curies":[{"name":"wp","href":"https:\/\/api.w.org\/{rel}","templated":true}]}}