{"id":10440,"date":"2021-12-17T08:04:47","date_gmt":"2021-12-17T08:04:47","guid":{"rendered":"https:\/\/motokary-karting.sk\/?post_type=product&#038;p=10440"},"modified":"2026-01-29T18:00:58","modified_gmt":"2026-01-29T18:00:58","slug":"vzduchovy-filtr-nox2-d-30mm-cerveny-kz-kz2","status":"publish","type":"product","link":"https:\/\/motokary-karting.sk\/cz\/produkt\/vzduchovy-filter-nox2-d-30mm-cerveny-kz-kz2\/","title":{"rendered":"Vzduchov\u00fd filtr - NOX2 D.30mm"},"content":{"rendered":"<p>Filtra\u010dn\u00ed kazeta pou\u017eit\u00e1 pro hlukov\u00fd filtr NOX2 je vyrobena z polyesteru a lze ji \u010distit rozpou\u0161t\u011bdly, benz\u00ednem a stla\u010den\u00fdm vzduchem.<br \/>\nTato kazeta m\u00e1 filtraci \u010d\u00e1stic v\u011bt\u0161\u00ed ne\u017e 10 \u00b5m (10 tis\u00edcin milimetru) a je hodnocena jako nejlep\u0161\u00ed kompromis mezi pr\u016ftokem vzduchu a jeho \u010di\u0161t\u011bn\u00edm.<\/p>","protected":false},"excerpt":{"rendered":"<p>Filtra\u010dn\u00ed kazeta pou\u017eit\u00e1 pro hlukov\u00fd filtr NOX2 je vyrobena z polyesteru a lze ji \u010distit rozpou\u0161t\u011bdly, benz\u00ednem a stla\u010den\u00fdm vzduchem. Tato kazeta m\u00e1 filtra\u010dn\u00ed schopnost...<\/p>","protected":false},"featured_media":13036,"template":"","meta":[],"product_brand":[],"product_cat":[390,645],"product_tag":[1625,391,1633,1628,1629,1728,142,1344,81,392,1632,1630,1631],"class_list":{"0":"post-10440","1":"product","2":"type-product","3":"status-publish","4":"has-post-thumbnail","6":"product_cat-filtre-vzduchu","7":"product_cat-nahradne-diely-na-motory","8":"product_tag-aktivny-vzduchovy-filter","9":"product_tag-filter-vzduchu","10":"product_tag-filter-vzduchu-125cm","11":"product_tag-filter-vzduchu-ok","12":"product_tag-fioter-vzduchu-okj","13":"product_tag-kart-shop","14":"product_tag-karting","15":"product_tag-karting-shop","16":"product_tag-motokary","17":"product_tag-vzduchovy-filter","18":"product_tag-vzduchovy-filter-kz","19":"product_tag-vzduchovy-filter-ok","20":"product_tag-vzduchovy-filter-okj","22":"first","23":"onbackorder","24":"sale","25":"taxable","26":"shipping-taxable","27":"purchasable","28":"product-type-variable","29":"customify-col"},"aioseo_notices":[],"_links":{"self":[{"href":"https:\/\/motokary-karting.sk\/cz\/wp-json\/wp\/v2\/product\/10440","targetHints":{"allow":["GET"]}}],"collection":[{"href":"https:\/\/motokary-karting.sk\/cz\/wp-json\/wp\/v2\/product"}],"about":[{"href":"https:\/\/motokary-karting.sk\/cz\/wp-json\/wp\/v2\/types\/product"}],"wp:featuredmedia":[{"embeddable":true,"href":"https:\/\/motokary-karting.sk\/cz\/wp-json\/wp\/v2\/media\/13036"}],"wp:attachment":[{"href":"https:\/\/motokary-karting.sk\/cz\/wp-json\/wp\/v2\/media?parent=10440"}],"wp:term":[{"taxonomy":"product_brand","embeddable":true,"href":"https:\/\/motokary-karting.sk\/cz\/wp-json\/wp\/v2\/product_brand?post=10440"},{"taxonomy":"product_cat","embeddable":true,"href":"https:\/\/motokary-karting.sk\/cz\/wp-json\/wp\/v2\/product_cat?post=10440"},{"taxonomy":"product_tag","embeddable":true,"href":"https:\/\/motokary-karting.sk\/cz\/wp-json\/wp\/v2\/product_tag?post=10440"}],"curies":[{"name":"wp","href":"https:\/\/api.w.org\/{rel}","templated":true}]}}