{"id":10466,"date":"2021-07-13T13:21:59","date_gmt":"2021-07-13T13:21:59","guid":{"rendered":"https:\/\/motokary-karting.sk\/?post_type=product&#038;p=10466"},"modified":"2022-02-28T11:47:41","modified_gmt":"2022-02-28T11:47:41","slug":"spojkova-packa-s-hlinikovou-strelkou-cerne-barvy-s-otvorem-20-mm","status":"publish","type":"product","link":"https:\/\/motokary-karting.sk\/cz\/produkt\/spojkova-packa-s-hlinikovym-nabojom-cierna-farba-otvor-20-mm\/","title":{"rendered":"Spojkov\u00e1 p\u00e1ka s hlin\u00edkov\u00fdm n\u00e1bojem, \u010dern\u00e1, otvor 20 mm"},"content":{"rendered":"","protected":false},"excerpt":{"rendered":"","protected":false},"featured_media":10467,"template":"","meta":[],"product_brand":[],"product_cat":[271,378],"product_tag":[142,1344,81,2621,2622,2620,2619],"class_list":{"0":"post-10466","1":"product","2":"type-product","3":"status-publish","4":"has-post-thumbnail","6":"product_cat-nahradne-diely-na-podvozky","7":"product_cat-riadenie-prislusenstvo","8":"product_tag-karting","9":"product_tag-karting-shop","10":"product_tag-motokary","11":"product_tag-packa-spojky","12":"product_tag-paka-spojky","13":"product_tag-spojkova-packa","14":"product_tag-spojkova-paka","16":"first","17":"instock","18":"taxable","19":"shipping-taxable","20":"purchasable","21":"product-type-simple","22":"customify-col"},"aioseo_notices":[],"_links":{"self":[{"href":"https:\/\/motokary-karting.sk\/cz\/wp-json\/wp\/v2\/product\/10466","targetHints":{"allow":["GET"]}}],"collection":[{"href":"https:\/\/motokary-karting.sk\/cz\/wp-json\/wp\/v2\/product"}],"about":[{"href":"https:\/\/motokary-karting.sk\/cz\/wp-json\/wp\/v2\/types\/product"}],"wp:featuredmedia":[{"embeddable":true,"href":"https:\/\/motokary-karting.sk\/cz\/wp-json\/wp\/v2\/media\/10467"}],"wp:attachment":[{"href":"https:\/\/motokary-karting.sk\/cz\/wp-json\/wp\/v2\/media?parent=10466"}],"wp:term":[{"taxonomy":"product_brand","embeddable":true,"href":"https:\/\/motokary-karting.sk\/cz\/wp-json\/wp\/v2\/product_brand?post=10466"},{"taxonomy":"product_cat","embeddable":true,"href":"https:\/\/motokary-karting.sk\/cz\/wp-json\/wp\/v2\/product_cat?post=10466"},{"taxonomy":"product_tag","embeddable":true,"href":"https:\/\/motokary-karting.sk\/cz\/wp-json\/wp\/v2\/product_tag?post=10466"}],"curies":[{"name":"wp","href":"https:\/\/api.w.org\/{rel}","templated":true}]}}