{"id":1047,"date":"2020-06-03T22:00:43","date_gmt":"2020-06-03T22:00:43","guid":{"rendered":"https:\/\/motokary-karting.sk\/?post_type=product&#038;p=1047"},"modified":"2025-10-22T10:14:26","modified_gmt":"2025-10-22T10:14:26","slug":"zadni-kotouc-180mm-kopie","status":"publish","type":"product","link":"https:\/\/motokary-karting.sk\/cz\/produkt\/disk-zadny-180mm-kopia\/","title":{"rendered":"SADA 2ks hlin\u00edkov\u00fdch zadn\u00edch kotou\u010d\u016f 210mm (6ks \u0161roub\u016f v cen\u011b)"},"content":{"rendered":"","protected":false},"excerpt":{"rendered":"<p>Dod\u00e1n\u00ed zbo\u017e\u00ed na objedn\u00e1vku do 7 dn\u016f<\/p>","protected":false},"featured_media":23846,"template":"","meta":[],"product_brand":[],"product_cat":[209,271,1465],"product_tag":[210,211,1467,142,1466,81],"class_list":{"0":"post-1047","1":"product","2":"type-product","3":"status-publish","4":"has-post-thumbnail","6":"product_cat-disky-prislusenstvo","7":"product_cat-nahradne-diely-na-podvozky","8":"product_cat-zadne","9":"product_tag-disk","10":"product_tag-disk-predny","11":"product_tag-hlinikovy-disk-na-motokaru","12":"product_tag-karting","13":"product_tag-motokarovy-disk","14":"product_tag-motokary","16":"first","17":"instock","18":"taxable","19":"shipping-taxable","20":"purchasable","21":"product-type-simple","22":"customify-col"},"aioseo_notices":[],"_links":{"self":[{"href":"https:\/\/motokary-karting.sk\/cz\/wp-json\/wp\/v2\/product\/1047","targetHints":{"allow":["GET"]}}],"collection":[{"href":"https:\/\/motokary-karting.sk\/cz\/wp-json\/wp\/v2\/product"}],"about":[{"href":"https:\/\/motokary-karting.sk\/cz\/wp-json\/wp\/v2\/types\/product"}],"wp:featuredmedia":[{"embeddable":true,"href":"https:\/\/motokary-karting.sk\/cz\/wp-json\/wp\/v2\/media\/23846"}],"wp:attachment":[{"href":"https:\/\/motokary-karting.sk\/cz\/wp-json\/wp\/v2\/media?parent=1047"}],"wp:term":[{"taxonomy":"product_brand","embeddable":true,"href":"https:\/\/motokary-karting.sk\/cz\/wp-json\/wp\/v2\/product_brand?post=1047"},{"taxonomy":"product_cat","embeddable":true,"href":"https:\/\/motokary-karting.sk\/cz\/wp-json\/wp\/v2\/product_cat?post=1047"},{"taxonomy":"product_tag","embeddable":true,"href":"https:\/\/motokary-karting.sk\/cz\/wp-json\/wp\/v2\/product_tag?post=1047"}],"curies":[{"name":"wp","href":"https:\/\/api.w.org\/{rel}","templated":true}]}}