{"id":10494,"date":"2021-07-22T20:23:56","date_gmt":"2021-07-22T20:23:56","guid":{"rendered":"https:\/\/motokary-karting.sk\/?post_type=product&#038;p=10494"},"modified":"2026-04-30T07:49:50","modified_gmt":"2026-04-30T07:49:50","slug":"xeramic-white-retaz-spray","status":"publish","type":"product","link":"https:\/\/motokary-karting.sk\/cz\/produkt\/xeramic-white-sprej-na-retaz\/","title":{"rendered":"Mazivo na \u0159et\u011bzy Xeramic KART"},"content":{"rendered":"<p>Mazivo PM XERAMIC\u00ae MOTOCYKLOV\u00c9 \u0158ET\u011aZY bylo speci\u00e1ln\u011b vyvinuto pro optim\u00e1ln\u00ed maz\u00e1n\u00ed a ochranu motok\u00e1rov\u00fdch \u0159et\u011bz\u016f vystaven\u00fdch extr\u00e9mn\u00edm podm\u00ednk\u00e1m. Jeho speci\u00e1ln\u00ed slo\u017een\u00ed zaru\u010duje extr\u00e9mn\u011b p\u0159ilnav\u00e9 maz\u00e1n\u00ed za v\u0161ech pov\u011btrnostn\u00edch podm\u00ednek a teplot. P\u0159ed pou\u017eit\u00edm prot\u0159epejte!<\/p>","protected":false},"excerpt":{"rendered":"<p>Mazivo PM XERAMIC\u00ae MOTOCYKLOV\u00c9 \u0158ET\u011aZY bylo speci\u00e1ln\u011b vyvinuto pro optim\u00e1ln\u00ed maz\u00e1n\u00ed a ochranu motok\u00e1rov\u00fdch \u0159et\u011bz\u016f vystaven\u00fdch extr\u00e9mn\u00edm podm\u00ednk\u00e1m. Jeho speci\u00e1ln\u00ed slo\u017een\u00ed zaru\u010duje extr\u00e9mn\u00ed p\u0159ilnavost...<\/p>","protected":false},"featured_media":28501,"template":"","meta":[],"product_brand":[],"product_cat":[53,2624],"product_tag":[142,1344,2625,81,928,2270],"class_list":{"0":"post-10494","1":"product","2":"type-product","3":"status-publish","4":"has-post-thumbnail","6":"product_cat-olejeamaziva","7":"product_cat-xeramic-olejeamaziva","8":"product_tag-karting","9":"product_tag-karting-shop","10":"product_tag-motokarovy-sprej-na-retaz","11":"product_tag-motokary","12":"product_tag-sprej-na-retaz","13":"product_tag-xeramic","15":"first","16":"instock","17":"taxable","18":"shipping-taxable","19":"purchasable","20":"product-type-simple","21":"customify-col"},"aioseo_notices":[],"_links":{"self":[{"href":"https:\/\/motokary-karting.sk\/cz\/wp-json\/wp\/v2\/product\/10494","targetHints":{"allow":["GET"]}}],"collection":[{"href":"https:\/\/motokary-karting.sk\/cz\/wp-json\/wp\/v2\/product"}],"about":[{"href":"https:\/\/motokary-karting.sk\/cz\/wp-json\/wp\/v2\/types\/product"}],"wp:featuredmedia":[{"embeddable":true,"href":"https:\/\/motokary-karting.sk\/cz\/wp-json\/wp\/v2\/media\/28501"}],"wp:attachment":[{"href":"https:\/\/motokary-karting.sk\/cz\/wp-json\/wp\/v2\/media?parent=10494"}],"wp:term":[{"taxonomy":"product_brand","embeddable":true,"href":"https:\/\/motokary-karting.sk\/cz\/wp-json\/wp\/v2\/product_brand?post=10494"},{"taxonomy":"product_cat","embeddable":true,"href":"https:\/\/motokary-karting.sk\/cz\/wp-json\/wp\/v2\/product_cat?post=10494"},{"taxonomy":"product_tag","embeddable":true,"href":"https:\/\/motokary-karting.sk\/cz\/wp-json\/wp\/v2\/product_tag?post=10494"}],"curies":[{"name":"wp","href":"https:\/\/api.w.org\/{rel}","templated":true}]}}