{"id":10498,"date":"2021-07-22T20:30:15","date_gmt":"2021-07-22T20:30:15","guid":{"rendered":"https:\/\/motokary-karting.sk\/?post_type=product&#038;p=10498"},"modified":"2026-03-31T06:37:09","modified_gmt":"2026-03-31T06:37:09","slug":"xeramic-2t-motokarovy-zavodni-olej-1l","status":"publish","type":"product","link":"https:\/\/motokary-karting.sk\/cz\/produkt\/xeramic-2t-kart-racing-oil-1l\/","title":{"rendered":"Xeramic 2T Kart Racing Oil 1L"},"content":{"rendered":"<p>PM XERAMIC\u00ae CASTOR EVOLUTION 2T KART RACING OIL je pokro\u010dil\u00fd z\u00e1vodn\u00ed motok\u00e1rov\u00fd olej pro optim\u00e1ln\u00ed maz\u00e1n\u00ed v\u0161ech dvoutaktn\u00edch motok\u00e1rov\u00fdch motor\u016f chlazen\u00fdch vzduchem nebo vodou. Tento jedine\u010dn\u00fd produkt byl speci\u00e1ln\u011b navr\u017een pro z\u00e1vodn\u00ed aplikace, kde p\u0159evl\u00e1daj\u00ed vysok\u00e9 ot\u00e1\u010dky, velk\u00e9 zat\u00ed\u017een\u00ed a vysok\u00e9 teploty. Pe\u010dliv\u011b vybran\u00e9 syntetick\u00e9 z\u00e1kladov\u00e9 oleje obohacen\u00e9 o vysoce v\u00fdkonn\u00e1 aditiva a ricinov\u00fd olej zaji\u0161\u0165uj\u00ed optim\u00e1ln\u00ed maz\u00e1n\u00ed i za t\u011bch nejextr\u00e9mn\u011bj\u0161\u00edch podm\u00ednek, kter\u00e9 se p\u0159i motok\u00e1rov\u00fdch z\u00e1vodech vyskytuj\u00ed. Vhodn\u00e9 pro pou\u017eit\u00ed p\u0159i v\u0161ech pom\u011brech paliva a oleje doporu\u010den\u00fdch v\u00fdrobcem motoru. Olej PM Xeramic\u00ae Castor Evolution 2T Kart Oil byl vyvinut ve spolupr\u00e1ci s p\u0159edn\u00edmi v\u00fdrobci motor\u016f a sv\u011btozn\u00e1m\u00fdmi ladi\u010di motor\u016f a je schv\u00e1len CIK. 1 ltr.<\/p>","protected":false},"excerpt":{"rendered":"<p>PM XERAMIC\u00ae CASTOR EVOLUTION 2T KART RACING OIL je pokro\u010dil\u00fd z\u00e1vodn\u00ed motok\u00e1rov\u00fd olej pro optim\u00e1ln\u00ed maz\u00e1n\u00ed v\u0161ech dvoutaktn\u00edch motok\u00e1rov\u00fdch motor\u016f chlazen\u00fdch vzduchem nebo vodou. Tento...<\/p>","protected":false},"featured_media":33638,"template":"","meta":[],"product_brand":[],"product_cat":[53,2624],"product_tag":[142,1344,1091,81,1093,2626,2270,2627],"class_list":{"0":"post-10498","1":"product","2":"type-product","3":"status-publish","4":"has-post-thumbnail","6":"product_cat-olejeamaziva","7":"product_cat-xeramic-olejeamaziva","8":"product_tag-karting","9":"product_tag-karting-shop","10":"product_tag-motokarovy-olej","11":"product_tag-motokary","12":"product_tag-olej-do-motokary","13":"product_tag-olej-xeramic","14":"product_tag-xeramic","15":"product_tag-xeramic-olej","17":"first","18":"onbackorder","19":"taxable","20":"shipping-taxable","21":"purchasable","22":"product-type-simple","23":"customify-col"},"aioseo_notices":[],"_links":{"self":[{"href":"https:\/\/motokary-karting.sk\/cz\/wp-json\/wp\/v2\/product\/10498","targetHints":{"allow":["GET"]}}],"collection":[{"href":"https:\/\/motokary-karting.sk\/cz\/wp-json\/wp\/v2\/product"}],"about":[{"href":"https:\/\/motokary-karting.sk\/cz\/wp-json\/wp\/v2\/types\/product"}],"wp:featuredmedia":[{"embeddable":true,"href":"https:\/\/motokary-karting.sk\/cz\/wp-json\/wp\/v2\/media\/33638"}],"wp:attachment":[{"href":"https:\/\/motokary-karting.sk\/cz\/wp-json\/wp\/v2\/media?parent=10498"}],"wp:term":[{"taxonomy":"product_brand","embeddable":true,"href":"https:\/\/motokary-karting.sk\/cz\/wp-json\/wp\/v2\/product_brand?post=10498"},{"taxonomy":"product_cat","embeddable":true,"href":"https:\/\/motokary-karting.sk\/cz\/wp-json\/wp\/v2\/product_cat?post=10498"},{"taxonomy":"product_tag","embeddable":true,"href":"https:\/\/motokary-karting.sk\/cz\/wp-json\/wp\/v2\/product_tag?post=10498"}],"curies":[{"name":"wp","href":"https:\/\/api.w.org\/{rel}","templated":true}]}}