{"id":10500,"date":"2021-07-22T20:34:33","date_gmt":"2021-07-22T20:34:33","guid":{"rendered":"https:\/\/motokary-karting.sk\/?post_type=product&#038;p=10500"},"modified":"2026-03-31T06:38:28","modified_gmt":"2026-03-31T06:38:28","slug":"xeramic-instantni-tmel-na-motorove-dily-200-ml","status":"publish","type":"product","link":"https:\/\/motokary-karting.sk\/cz\/produkt\/xeramic-instantny-tmel-na-motorove-casti-200-ml\/","title":{"rendered":"Xeramic instantn\u00ed tmel na d\u00edly motoru 200 ml"},"content":{"rendered":"<p>PM XERAMIC\u00ae IMMEDIATE SEALING BLACK je ide\u00e1ln\u00ed pro v\u00fdm\u011bnu t\u011bsn\u011bn\u00ed v\u00edka ventil\u016f, t\u011bsn\u011bn\u00ed p\u0159evodovky a olejov\u00e9 vany, vodn\u00edch \u010derpadel, sk\u0159\u00edn\u00ed termostat\u016f, v\u00fdfukov\u00fdch potrub\u00ed, sk\u0159\u00edn\u00ed termostat\u016f a dal\u0161\u00edch. Odol\u00e1v\u00e1 p\u0159evodov\u00fdm kapalin\u00e1m, vod\u011b, oleji a nemrznouc\u00ed sm\u011bsi. Nahrazuje korkov\u00e1, pap\u00edrov\u00e1, plst\u011bn\u00e1 a pry\u017eov\u00e1 t\u011bsn\u011bn\u00ed. Nedoporu\u010duje se pou\u017e\u00edvat na t\u011bsn\u011bn\u00ed hlavy nebo pro trval\u00e9 pono\u0159en\u00ed do benz\u00ednu. Odol\u00e1v\u00e1 vysok\u00fdm teplot\u00e1m a\u017e 250 \u00b0C (p\u0159eru\u0161ovan\u011b). Teplotn\u00ed rozsah -73 \u00b0C a\u017e +250 \u00b0C. M\u00e1lo t\u011bkav\u00fd, bezpe\u010dn\u00fd pro kysl\u00edk. Obsah: 200 ml.<\/p>","protected":false},"excerpt":{"rendered":"<p>PM XERAMIC\u00ae IMMEDIATE SEALING BLACK je ide\u00e1ln\u00ed pro v\u00fdm\u011bnu t\u011bsn\u011bn\u00ed v\u00edka ventil\u016f, t\u011bsn\u011bn\u00ed p\u0159evodovky a olejov\u00e9 vany, vodn\u00edch \u010derpadel, sk\u0159\u00edn\u00ed termostat\u016f, v\u00fdfukov\u00fdch potrub\u00ed, sk\u0159\u00edn\u00ed termostat\u016f a...<\/p>","protected":false},"featured_media":33639,"template":"","meta":[],"product_brand":[],"product_cat":[53,2624],"product_tag":[142,1344,81,2629,2630,2631,2628,2270,2627],"class_list":{"0":"post-10500","1":"product","2":"type-product","3":"status-publish","4":"has-post-thumbnail","6":"product_cat-olejeamaziva","7":"product_cat-xeramic-olejeamaziva","8":"product_tag-karting","9":"product_tag-karting-shop","10":"product_tag-motokary","11":"product_tag-motorovy-tmel","12":"product_tag-tekute-tesnenie-motora","13":"product_tag-tmel-do-250-stupnov","14":"product_tag-tmel-na-motory","15":"product_tag-xeramic","16":"product_tag-xeramic-olej","18":"first","19":"onbackorder","20":"sale","21":"taxable","22":"shipping-taxable","23":"purchasable","24":"product-type-simple","25":"customify-col"},"aioseo_notices":[],"_links":{"self":[{"href":"https:\/\/motokary-karting.sk\/cz\/wp-json\/wp\/v2\/product\/10500","targetHints":{"allow":["GET"]}}],"collection":[{"href":"https:\/\/motokary-karting.sk\/cz\/wp-json\/wp\/v2\/product"}],"about":[{"href":"https:\/\/motokary-karting.sk\/cz\/wp-json\/wp\/v2\/types\/product"}],"wp:featuredmedia":[{"embeddable":true,"href":"https:\/\/motokary-karting.sk\/cz\/wp-json\/wp\/v2\/media\/33639"}],"wp:attachment":[{"href":"https:\/\/motokary-karting.sk\/cz\/wp-json\/wp\/v2\/media?parent=10500"}],"wp:term":[{"taxonomy":"product_brand","embeddable":true,"href":"https:\/\/motokary-karting.sk\/cz\/wp-json\/wp\/v2\/product_brand?post=10500"},{"taxonomy":"product_cat","embeddable":true,"href":"https:\/\/motokary-karting.sk\/cz\/wp-json\/wp\/v2\/product_cat?post=10500"},{"taxonomy":"product_tag","embeddable":true,"href":"https:\/\/motokary-karting.sk\/cz\/wp-json\/wp\/v2\/product_tag?post=10500"}],"curies":[{"name":"wp","href":"https:\/\/api.w.org\/{rel}","templated":true}]}}