{"id":10502,"date":"2021-07-22T20:40:52","date_gmt":"2021-07-22T20:40:52","guid":{"rendered":"https:\/\/motokary-karting.sk\/?post_type=product&#038;p=10502"},"modified":"2026-03-31T06:35:18","modified_gmt":"2026-03-31T06:35:18","slug":"xeramic-synmax-2t-zavodni-motokarovy-olej-1-l","status":"publish","type":"product","link":"https:\/\/motokary-karting.sk\/cz\/produkt\/xeramic-synmax-2t-kart-racing-oil-1-l\/","title":{"rendered":"Xeramic Synmax 2T Kart Racing Oil 1 l"},"content":{"rendered":"<p>PM XERAMIC\u00ae SYNMAX FULL SYNTHETIC 2T KART RACING OIL je vynikaj\u00edc\u00ed pln\u011b syntetick\u00fd z\u00e1vodn\u00ed motok\u00e1rov\u00fd olej pro optim\u00e1ln\u00ed maz\u00e1n\u00ed v\u0161ech dvoutaktn\u00edch vodou chlazen\u00fdch motok\u00e1rov\u00fdch motor\u016f. Tento jedine\u010dn\u00fd produkt byl speci\u00e1ln\u011b navr\u017een pro z\u00e1vodn\u00ed aplikace, kde p\u0159evl\u00e1daj\u00ed vysok\u00e9 ot\u00e1\u010dky, vysok\u00e9 zat\u00ed\u017een\u00ed a vysok\u00e9 teploty. Vhodn\u00fd pro pou\u017eit\u00ed p\u0159i v\u0161ech pom\u011brech paliva a oleje doporu\u010den\u00fdch v\u00fdrobcem motoru. PM Xeramic\u00ae Synmax Full Synthetic 2T Kart Racing Oil byl vyvinut ve spolupr\u00e1ci s p\u0159edn\u00edmi v\u00fdrobci motor\u016f a sv\u011btozn\u00e1m\u00fdmi ladi\u010di motor\u016f a je schv\u00e1len CIK. \u010c. 20470 Obsah: 1 ltr<\/p>","protected":false},"excerpt":{"rendered":"<p>PM XERAMIC\u00ae SYNMAX FULL SYNTHETIC 2T KART RACING OIL je vynikaj\u00edc\u00ed pln\u011b syntetick\u00fd z\u00e1vodn\u00ed motok\u00e1rov\u00fd olej pro optim\u00e1ln\u00ed maz\u00e1n\u00ed v\u0161ech dvoutaktn\u00edch vodou chlazen\u00fdch motor\u016f...<\/p>","protected":false},"featured_media":33637,"template":"","meta":[],"product_brand":[],"product_cat":[53,2624],"product_tag":[142,1344,1091,81,1093,2626,2270,2627,2632],"class_list":{"0":"post-10502","1":"product","2":"type-product","3":"status-publish","4":"has-post-thumbnail","6":"product_cat-olejeamaziva","7":"product_cat-xeramic-olejeamaziva","8":"product_tag-karting","9":"product_tag-karting-shop","10":"product_tag-motokarovy-olej","11":"product_tag-motokary","12":"product_tag-olej-do-motokary","13":"product_tag-olej-xeramic","14":"product_tag-xeramic","15":"product_tag-xeramic-olej","16":"product_tag-xeramic-synmax","18":"first","19":"instock","20":"sale","21":"taxable","22":"shipping-taxable","23":"purchasable","24":"product-type-simple","25":"customify-col"},"aioseo_notices":[],"_links":{"self":[{"href":"https:\/\/motokary-karting.sk\/cz\/wp-json\/wp\/v2\/product\/10502","targetHints":{"allow":["GET"]}}],"collection":[{"href":"https:\/\/motokary-karting.sk\/cz\/wp-json\/wp\/v2\/product"}],"about":[{"href":"https:\/\/motokary-karting.sk\/cz\/wp-json\/wp\/v2\/types\/product"}],"wp:featuredmedia":[{"embeddable":true,"href":"https:\/\/motokary-karting.sk\/cz\/wp-json\/wp\/v2\/media\/33637"}],"wp:attachment":[{"href":"https:\/\/motokary-karting.sk\/cz\/wp-json\/wp\/v2\/media?parent=10502"}],"wp:term":[{"taxonomy":"product_brand","embeddable":true,"href":"https:\/\/motokary-karting.sk\/cz\/wp-json\/wp\/v2\/product_brand?post=10502"},{"taxonomy":"product_cat","embeddable":true,"href":"https:\/\/motokary-karting.sk\/cz\/wp-json\/wp\/v2\/product_cat?post=10502"},{"taxonomy":"product_tag","embeddable":true,"href":"https:\/\/motokary-karting.sk\/cz\/wp-json\/wp\/v2\/product_tag?post=10502"}],"curies":[{"name":"wp","href":"https:\/\/api.w.org\/{rel}","templated":true}]}}