{"id":10516,"date":"2021-07-26T09:51:32","date_gmt":"2021-07-26T09:51:32","guid":{"rendered":"https:\/\/motokary-karting.sk\/?post_type=product&#038;p=10516"},"modified":"2021-07-26T09:55:11","modified_gmt":"2021-07-26T09:55:11","slug":"benzinove-palivove-cerpadlo-dellorto","status":"publish","type":"product","link":"https:\/\/motokary-karting.sk\/cz\/produkt\/benzinove-palivove-cerpadlo-dellorto\/","title":{"rendered":"Benz\u00ednov\u00e9 (palivov\u00e9) \u010derpadlo Dellorto"},"content":{"rendered":"","protected":false},"excerpt":{"rendered":"","protected":false},"featured_media":10517,"template":"","meta":[],"product_brand":[],"product_cat":[271,371],"product_tag":[375,373,2634,142,1344,372,81,374,2635,1698],"class_list":{"0":"post-10516","1":"product","2":"type-product","3":"status-publish","4":"has-post-thumbnail","6":"product_cat-nahradne-diely-na-podvozky","7":"product_cat-ostatne-prislusenstvokmotorom","8":"product_tag-benzinova-pumpa","9":"product_tag-benzinove-cerpadlo","10":"product_tag-dellorto-palivove-cerpadlo","11":"product_tag-karting","12":"product_tag-karting-shop","13":"product_tag-mikuni","14":"product_tag-motokary","15":"product_tag-palivove-cerpadlo","16":"product_tag-palivove-cerpadlo-dellorto","17":"product_tag-predajna-motokar","19":"first","20":"onbackorder","21":"taxable","22":"shipping-taxable","23":"purchasable","24":"product-type-simple","25":"customify-col"},"aioseo_notices":[],"_links":{"self":[{"href":"https:\/\/motokary-karting.sk\/cz\/wp-json\/wp\/v2\/product\/10516","targetHints":{"allow":["GET"]}}],"collection":[{"href":"https:\/\/motokary-karting.sk\/cz\/wp-json\/wp\/v2\/product"}],"about":[{"href":"https:\/\/motokary-karting.sk\/cz\/wp-json\/wp\/v2\/types\/product"}],"wp:featuredmedia":[{"embeddable":true,"href":"https:\/\/motokary-karting.sk\/cz\/wp-json\/wp\/v2\/media\/10517"}],"wp:attachment":[{"href":"https:\/\/motokary-karting.sk\/cz\/wp-json\/wp\/v2\/media?parent=10516"}],"wp:term":[{"taxonomy":"product_brand","embeddable":true,"href":"https:\/\/motokary-karting.sk\/cz\/wp-json\/wp\/v2\/product_brand?post=10516"},{"taxonomy":"product_cat","embeddable":true,"href":"https:\/\/motokary-karting.sk\/cz\/wp-json\/wp\/v2\/product_cat?post=10516"},{"taxonomy":"product_tag","embeddable":true,"href":"https:\/\/motokary-karting.sk\/cz\/wp-json\/wp\/v2\/product_tag?post=10516"}],"curies":[{"name":"wp","href":"https:\/\/api.w.org\/{rel}","templated":true}]}}