{"id":10612,"date":"2021-08-16T12:02:09","date_gmt":"2021-08-16T12:02:09","guid":{"rendered":"https:\/\/motokary-karting.sk\/?post_type=product&#038;p=10612"},"modified":"2025-08-29T14:15:56","modified_gmt":"2025-08-29T14:15:56","slug":"duro-pujcovna-pneumatik-predni-10-x-4-5-5-hf-242-v-medium","status":"publish","type":"product","link":"https:\/\/motokary-karting.sk\/cz\/produkt\/duro-rental-tyre-predna-10-x-4-5-5-hf-242-v-medium\/","title":{"rendered":"Pneumatika DURO z p\u016fj\u010dovny p\u0159edn\u00ed 10 x 4,5-5 | HF-242-V Medium \u23b9 SET of 2"},"content":{"rendered":"<p>Pneumatiky na motok\u00e1ry z p\u016fj\u010dovny - pro vnit\u0159n\u00ed i venkovn\u00ed pou\u017eit\u00ed.<\/p>\n<p>Motok\u00e1rov\u00e9 pneumatiky DURO = vynikaj\u00edc\u00ed v\u00fdkon i p\u0159i n\u00edzk\u00fdch rychlostech<br \/>\nvenkovn\u00ed teploty. Ide\u00e1ln\u00ed pom\u011br cena\/v\u00fdkon a dlouh\u00e1 \u017eivotnost.<\/p>","protected":false},"excerpt":{"rendered":"<p>Pneumatiky na motok\u00e1ry z p\u016fj\u010dovny - pro vnit\u0159n\u00ed i venkovn\u00ed pou\u017eit\u00ed. Motok\u00e1rov\u00e9 pneumatiky DURO = vynikaj\u00edc\u00ed v\u00fdkon i p\u0159i n\u00edzk\u00fdch venkovn\u00edch teplot\u00e1ch. Ide\u00e1ln\u00ed cenov\u00fd pom\u011br...<\/p>","protected":false},"featured_media":13263,"template":"","meta":[],"product_brand":[],"product_cat":[1158,116,77],"product_tag":[1135,1138,142,1344,81,1137,1139,2646,115,1136],"class_list":{"0":"post-10612","1":"product","2":"type-product","3":"status-publish","4":"has-post-thumbnail","6":"product_cat-duro","7":"product_cat-hobby-pneu","8":"product_cat-rental-karting","9":"product_tag-duro","10":"product_tag-duro-do-pozicovne-motokar","11":"product_tag-karting","12":"product_tag-karting-shop","13":"product_tag-motokary","14":"product_tag-pneu-do-pozicovne","15":"product_tag-pneu-duro","16":"product_tag-pneu-pre-pozicovne-motokar","17":"product_tag-pneudopozicovnemotokar","18":"product_tag-pneumatika-duro","20":"first","21":"onbackorder","22":"taxable","23":"shipping-taxable","24":"purchasable","25":"product-type-simple","26":"customify-col","27":"product-has-gallery"},"aioseo_notices":[],"_links":{"self":[{"href":"https:\/\/motokary-karting.sk\/cz\/wp-json\/wp\/v2\/product\/10612","targetHints":{"allow":["GET"]}}],"collection":[{"href":"https:\/\/motokary-karting.sk\/cz\/wp-json\/wp\/v2\/product"}],"about":[{"href":"https:\/\/motokary-karting.sk\/cz\/wp-json\/wp\/v2\/types\/product"}],"wp:featuredmedia":[{"embeddable":true,"href":"https:\/\/motokary-karting.sk\/cz\/wp-json\/wp\/v2\/media\/13263"}],"wp:attachment":[{"href":"https:\/\/motokary-karting.sk\/cz\/wp-json\/wp\/v2\/media?parent=10612"}],"wp:term":[{"taxonomy":"product_brand","embeddable":true,"href":"https:\/\/motokary-karting.sk\/cz\/wp-json\/wp\/v2\/product_brand?post=10612"},{"taxonomy":"product_cat","embeddable":true,"href":"https:\/\/motokary-karting.sk\/cz\/wp-json\/wp\/v2\/product_cat?post=10612"},{"taxonomy":"product_tag","embeddable":true,"href":"https:\/\/motokary-karting.sk\/cz\/wp-json\/wp\/v2\/product_tag?post=10612"}],"curies":[{"name":"wp","href":"https:\/\/api.w.org\/{rel}","templated":true}]}}