{"id":10806,"date":"2021-09-12T19:58:55","date_gmt":"2021-09-12T19:58:55","guid":{"rendered":"https:\/\/motokary-karting.sk\/?post_type=product&#038;p=10806"},"modified":"2026-01-29T09:29:51","modified_gmt":"2026-01-29T09:29:51","slug":"motokary-top-motokary-detske-motokary-50cc-blue-boy","status":"publish","type":"product","link":"https:\/\/motokary-karting.sk\/cz\/produkt\/motokara-top-kart-kid-kart-50cc-blue-boy\/","title":{"rendered":"Motok\u00e1ry kompletn\u00ed Top-Kart KID KART 50cc - Blue Boy"},"content":{"rendered":"<p>Nov\u00fd BlueBoy! TOP na za\u010d\u00e1tek!<\/p>\n<p>TopKart Kid Kart 50 ccm BLUEBOY je ten spr\u00e1vn\u00fd start pro mal\u00e9 \u0159idi\u010de od 4 do 8 let.<\/p>\n<p>D\u00edky nov\u00e9 karoserii MK14 a zadn\u00edmu n\u00e1razn\u00edku nab\u00edz\u00ed TRIS velmi vysok\u00fd standard bezpe\u010dnosti.<\/p>\n<p>Podvozek Top Kart Kid Kart byl pe\u010dliv\u011b vyvinut s v\u00e1\u0161n\u00ed a l\u00e1skou k motoristick\u00e9mu sportu na tak mlad\u00e9 \u00farovni. Proto\u017ee d\u011btsk\u00e9 motok\u00e1ry jsou z\u00e1kladem tohoto sportu, jsme v\u0161ichni nesm\u00edrn\u011b z\u00e1visl\u00ed na spole\u010dnosti Top Kart, kter\u00e1 vyr\u00e1b\u00ed jedine\u010dn\u00fd podvozek pro nejmlad\u0161\u00ed z\u00e1vodn\u00ed divizi motorsportu.<\/p>\n<p>D\u00edky \u0161achovnicov\u00e9 vlajce, kter\u00e1 vede p\u0159es c\u00edlovou \u010d\u00e1ru, je Top Kart Kid Kart t\u00edm nejlep\u0161\u00edm podvozkem, jak\u00fd si m\u016f\u017eete za pen\u00edze koupit, a d\u00edky r\u016fzn\u00fdm \u00faprav\u00e1m, kter\u00e9 jsou na podvozku k dispozici, jej lze vyladit pro v\u0161echna prost\u0159ed\u00ed trati a podm\u00ednky, ve kter\u00fdch se ocitnete. Bude m\u00edt kdykoli k dispozici.<\/p>\n<p>K dispozici za konkurenceschopnou cenu spolu s mnoha na\u0161imi skv\u011bl\u00fdmi slu\u017ebami, d\u00edky nim\u017e se v\u00e1\u0161 podvozek Top Kart ur\u010dit\u011b dostane na stupn\u011b v\u00edt\u011bz\u016f!<\/p>\n<p>P\u0158IPRAVENO K J\u00cdZD\u011a<\/p>\n<p>PODROBNOSTI O PODVOZKU<br \/>\nTrubky podvozku: 25 mm<br \/>\nRozvor: 770 mm<br \/>\nOsa: 25 mm<br \/>\nV\u0159eteno: D.17<br \/>\nExcentrick\u00e1 pouzdra<br \/>\nOchrann\u00fd kryt \u0159et\u011bzu: \u010d\u00e1ste\u010dn\u00fd 360 Style<br \/>\nS\u00eddlo spole\u010dnosti: IMAF Kid Kart<br \/>\nBrzdov\u00fd syst\u00e9m: Mechanick\u00fd styl Top-Kart<br \/>\nZadn\u00ed n\u00e1razn\u00edk: plast TRIS<br \/>\nDisky: Top-Kart Aluminium 112-140<br \/>\nZadn\u00ed n\u00e1boje: hlin\u00edkov\u00e9<br \/>\nMotor: Comer C52<\/p>","protected":false},"excerpt":{"rendered":"<p>Nov\u00fd BlueBoy! TOP na za\u010d\u00e1tek! TopKart Kid Kart 50 cc BLUEBOY je ten prav\u00fd start pro mlad\u00e9 \u0159idi\u010de od 4 do 8 let. D\u00edky nov\u00e9mu designu je...<\/p>","protected":false},"featured_media":10815,"template":"","meta":[],"product_brand":[],"product_cat":[16,2921],"product_tag":[37,1728,142,1344,1902,1903,1901,81,2660,2661,1698,1900],"class_list":{"0":"post-10806","1":"product","2":"type-product","3":"status-publish","4":"has-post-thumbnail","6":"product_cat-motokary","7":"product_cat-top-kart","8":"product_tag-detska-motokara","9":"product_tag-kart-shop","10":"product_tag-karting","11":"product_tag-karting-shop","12":"product_tag-motokara-pre-deti","13":"product_tag-motokara-pre-deti-od-4-rokov","14":"product_tag-motokara-top-kart","15":"product_tag-motokary","16":"product_tag-motokary-topkart","17":"product_tag-predaj-motokar-top-kart","18":"product_tag-predajna-motokar","19":"product_tag-top-kart","21":"first","22":"onbackorder","23":"sale","24":"taxable","25":"shipping-taxable","26":"purchasable","27":"product-type-simple","28":"customify-col","29":"product-has-gallery"},"aioseo_notices":[],"_links":{"self":[{"href":"https:\/\/motokary-karting.sk\/cz\/wp-json\/wp\/v2\/product\/10806","targetHints":{"allow":["GET"]}}],"collection":[{"href":"https:\/\/motokary-karting.sk\/cz\/wp-json\/wp\/v2\/product"}],"about":[{"href":"https:\/\/motokary-karting.sk\/cz\/wp-json\/wp\/v2\/types\/product"}],"wp:featuredmedia":[{"embeddable":true,"href":"https:\/\/motokary-karting.sk\/cz\/wp-json\/wp\/v2\/media\/10815"}],"wp:attachment":[{"href":"https:\/\/motokary-karting.sk\/cz\/wp-json\/wp\/v2\/media?parent=10806"}],"wp:term":[{"taxonomy":"product_brand","embeddable":true,"href":"https:\/\/motokary-karting.sk\/cz\/wp-json\/wp\/v2\/product_brand?post=10806"},{"taxonomy":"product_cat","embeddable":true,"href":"https:\/\/motokary-karting.sk\/cz\/wp-json\/wp\/v2\/product_cat?post=10806"},{"taxonomy":"product_tag","embeddable":true,"href":"https:\/\/motokary-karting.sk\/cz\/wp-json\/wp\/v2\/product_tag?post=10806"}],"curies":[{"name":"wp","href":"https:\/\/api.w.org\/{rel}","templated":true}]}}