{"id":10969,"date":"2021-09-15T18:07:55","date_gmt":"2021-09-15T18:07:55","guid":{"rendered":"https:\/\/motokary-karting.sk\/?post_type=product&#038;p=10969"},"modified":"2026-04-15T07:04:34","modified_gmt":"2026-04-15T07:04:34","slug":"jehlove-luzko-k-15x19x17-rotax","status":"publish","type":"product","link":"https:\/\/motokary-karting.sk\/cz\/produkt\/ihlove-lozisko-k-15x19x17-rotax\/","title":{"rendered":"Jehlov\u00e9 lo\u017eisko K 15x19x17 ROTAX pro p\u0159evodovky. kole\u010dka (krom\u011b 11z.)"},"content":{"rendered":"<p>Um\u00edst\u011bn\u00ed na obr\u00e1zku 10<\/p>","protected":false},"excerpt":{"rendered":"<p>Um\u00edst\u011bn\u00ed na obr\u00e1zku 10<\/p>","protected":false},"featured_media":10955,"template":"","meta":[],"product_brand":[],"product_cat":[645,744,2682],"product_tag":[2652,2429,142,1344,81,2650,618,754,2651],"class_list":{"0":"post-10969","1":"product","2":"type-product","3":"status-publish","4":"has-post-thumbnail","6":"product_cat-nahradne-diely-na-motory","7":"product_cat-rotax-max","8":"product_cat-sekcia-spojka","9":"product_tag-blok-motora-komplet","10":"product_tag-diely-na-rotax","11":"product_tag-karting","12":"product_tag-karting-shop","13":"product_tag-motokary","14":"product_tag-nahradne-diely-na-rotax","15":"product_tag-rotax","16":"product_tag-rotax-diely","17":"product_tag-suciastky-na-rotax","19":"first","20":"instock","21":"taxable","22":"shipping-taxable","23":"purchasable","24":"product-type-simple","25":"customify-col"},"aioseo_notices":[],"_links":{"self":[{"href":"https:\/\/motokary-karting.sk\/cz\/wp-json\/wp\/v2\/product\/10969","targetHints":{"allow":["GET"]}}],"collection":[{"href":"https:\/\/motokary-karting.sk\/cz\/wp-json\/wp\/v2\/product"}],"about":[{"href":"https:\/\/motokary-karting.sk\/cz\/wp-json\/wp\/v2\/types\/product"}],"wp:featuredmedia":[{"embeddable":true,"href":"https:\/\/motokary-karting.sk\/cz\/wp-json\/wp\/v2\/media\/10955"}],"wp:attachment":[{"href":"https:\/\/motokary-karting.sk\/cz\/wp-json\/wp\/v2\/media?parent=10969"}],"wp:term":[{"taxonomy":"product_brand","embeddable":true,"href":"https:\/\/motokary-karting.sk\/cz\/wp-json\/wp\/v2\/product_brand?post=10969"},{"taxonomy":"product_cat","embeddable":true,"href":"https:\/\/motokary-karting.sk\/cz\/wp-json\/wp\/v2\/product_cat?post=10969"},{"taxonomy":"product_tag","embeddable":true,"href":"https:\/\/motokary-karting.sk\/cz\/wp-json\/wp\/v2\/product_tag?post=10969"}],"curies":[{"name":"wp","href":"https:\/\/api.w.org\/{rel}","templated":true}]}}