{"id":11040,"date":"2021-09-19T08:24:45","date_gmt":"2021-09-19T08:24:45","guid":{"rendered":"https:\/\/motokary-karting.sk\/?post_type=product&#038;p=11040"},"modified":"2026-01-29T18:35:51","modified_gmt":"2026-01-29T18:35:51","slug":"multifunkcni-kolebkovy-spinac-rotax","status":"publish","type":"product","link":"https:\/\/motokary-karting.sk\/cz\/produkt\/multifunkcny-prepinac-rocker-switch-rotax\/","title":{"rendered":"Multifunk\u010dn\u00ed sp\u00edna\u010d-ROCKER SWITCH ROTAX"},"content":{"rendered":"<p>Pozice na obr\u00e1zku \u010d\u00edslo 27<\/p>","protected":false},"excerpt":{"rendered":"<p>Pozice na obr\u00e1zku \u010d\u00edslo 27<\/p>","protected":false},"featured_media":31735,"template":"","meta":[],"product_brand":[],"product_cat":[645,744,2684,2683],"product_tag":[2652,2429,142,1344,81,2650,618,754,2651],"class_list":{"0":"post-11040","1":"product","2":"type-product","3":"status-publish","4":"has-post-thumbnail","6":"product_cat-nahradne-diely-na-motory","7":"product_cat-rotax-max","8":"product_cat-sekcia-baterka-nabijacka","9":"product_cat-sekcia-elekricka-sustava","10":"product_tag-blok-motora-komplet","11":"product_tag-diely-na-rotax","12":"product_tag-karting","13":"product_tag-karting-shop","14":"product_tag-motokary","15":"product_tag-nahradne-diely-na-rotax","16":"product_tag-rotax","17":"product_tag-rotax-diely","18":"product_tag-suciastky-na-rotax","20":"first","21":"instock","22":"sale","23":"taxable","24":"shipping-taxable","25":"purchasable","26":"product-type-simple","27":"customify-col"},"aioseo_notices":[],"_links":{"self":[{"href":"https:\/\/motokary-karting.sk\/cz\/wp-json\/wp\/v2\/product\/11040","targetHints":{"allow":["GET"]}}],"collection":[{"href":"https:\/\/motokary-karting.sk\/cz\/wp-json\/wp\/v2\/product"}],"about":[{"href":"https:\/\/motokary-karting.sk\/cz\/wp-json\/wp\/v2\/types\/product"}],"wp:featuredmedia":[{"embeddable":true,"href":"https:\/\/motokary-karting.sk\/cz\/wp-json\/wp\/v2\/media\/31735"}],"wp:attachment":[{"href":"https:\/\/motokary-karting.sk\/cz\/wp-json\/wp\/v2\/media?parent=11040"}],"wp:term":[{"taxonomy":"product_brand","embeddable":true,"href":"https:\/\/motokary-karting.sk\/cz\/wp-json\/wp\/v2\/product_brand?post=11040"},{"taxonomy":"product_cat","embeddable":true,"href":"https:\/\/motokary-karting.sk\/cz\/wp-json\/wp\/v2\/product_cat?post=11040"},{"taxonomy":"product_tag","embeddable":true,"href":"https:\/\/motokary-karting.sk\/cz\/wp-json\/wp\/v2\/product_tag?post=11040"}],"curies":[{"name":"wp","href":"https:\/\/api.w.org\/{rel}","templated":true}]}}