{"id":11054,"date":"2021-09-19T08:54:49","date_gmt":"2021-09-19T08:54:49","guid":{"rendered":"https:\/\/motokary-karting.sk\/?post_type=product&#038;p=11054"},"modified":"2026-01-19T14:46:31","modified_gmt":"2026-01-19T14:46:31","slug":"nabijecka-rotax","status":"publish","type":"product","link":"https:\/\/motokary-karting.sk\/cz\/produkt\/nabijacka-rotax\/","title":{"rendered":"Nab\u00edje\u010dka ROTAX"},"content":{"rendered":"<p>Poloha na obr\u00e1zku 1<\/p>","protected":false},"excerpt":{"rendered":"<p>Poloha na obr\u00e1zku 1<\/p>","protected":false},"featured_media":11056,"template":"","meta":[],"product_brand":[],"product_cat":[645,744,2684,2677],"product_tag":[2652,2429,142,1344,81,2650,618,754,2651],"class_list":{"0":"post-11054","1":"product","2":"type-product","3":"status-publish","4":"has-post-thumbnail","6":"product_cat-nahradne-diely-na-motory","7":"product_cat-rotax-max","8":"product_cat-sekcia-baterka-nabijacka","9":"product_cat-sekce-vyfuk","10":"product_tag-blok-motora-komplet","11":"product_tag-diely-na-rotax","12":"product_tag-karting","13":"product_tag-karting-shop","14":"product_tag-motokary","15":"product_tag-nahradne-diely-na-rotax","16":"product_tag-rotax","17":"product_tag-rotax-diely","18":"product_tag-suciastky-na-rotax","20":"first","21":"instock","22":"taxable","23":"shipping-taxable","24":"purchasable","25":"product-type-simple","26":"customify-col"},"aioseo_notices":[],"_links":{"self":[{"href":"https:\/\/motokary-karting.sk\/cz\/wp-json\/wp\/v2\/product\/11054","targetHints":{"allow":["GET"]}}],"collection":[{"href":"https:\/\/motokary-karting.sk\/cz\/wp-json\/wp\/v2\/product"}],"about":[{"href":"https:\/\/motokary-karting.sk\/cz\/wp-json\/wp\/v2\/types\/product"}],"wp:featuredmedia":[{"embeddable":true,"href":"https:\/\/motokary-karting.sk\/cz\/wp-json\/wp\/v2\/media\/11056"}],"wp:attachment":[{"href":"https:\/\/motokary-karting.sk\/cz\/wp-json\/wp\/v2\/media?parent=11054"}],"wp:term":[{"taxonomy":"product_brand","embeddable":true,"href":"https:\/\/motokary-karting.sk\/cz\/wp-json\/wp\/v2\/product_brand?post=11054"},{"taxonomy":"product_cat","embeddable":true,"href":"https:\/\/motokary-karting.sk\/cz\/wp-json\/wp\/v2\/product_cat?post=11054"},{"taxonomy":"product_tag","embeddable":true,"href":"https:\/\/motokary-karting.sk\/cz\/wp-json\/wp\/v2\/product_tag?post=11054"}],"curies":[{"name":"wp","href":"https:\/\/api.w.org\/{rel}","templated":true}]}}