{"id":11098,"date":"2021-09-19T18:51:30","date_gmt":"2021-09-19T18:51:30","guid":{"rendered":"https:\/\/motokary-karting.sk\/?post_type=product&#038;p=11098"},"modified":"2025-10-08T09:51:59","modified_gmt":"2025-10-08T09:51:59","slug":"sada-filtru-maleho-karburatoru-rotax","status":"publish","type":"product","link":"https:\/\/motokary-karting.sk\/cz\/produkt\/maly-filter-karburatora-sada-rotax\/","title":{"rendered":"Mal\u00fd filtr karbur\u00e1toru - sada ROTAX"},"content":{"rendered":"<p>Um\u00edst\u011bn\u00ed na obr\u00e1zku \u010d\u00edslo 32, 34<\/p>","protected":false},"excerpt":{"rendered":"<p>Um\u00edst\u011bn\u00ed na obr\u00e1zku \u010d\u00edslo 32, 34<\/p>","protected":false},"featured_media":11078,"template":"","meta":[],"product_brand":[],"product_cat":[645,744,2686],"product_tag":[2652,2429,142,1344,81,2650,618,754,2651],"class_list":{"0":"post-11098","1":"product","2":"type-product","3":"status-publish","4":"has-post-thumbnail","6":"product_cat-nahradne-diely-na-motory","7":"product_cat-rotax-max","8":"product_cat-sekcia-karburator","9":"product_tag-blok-motora-komplet","10":"product_tag-diely-na-rotax","11":"product_tag-karting","12":"product_tag-karting-shop","13":"product_tag-motokary","14":"product_tag-nahradne-diely-na-rotax","15":"product_tag-rotax","16":"product_tag-rotax-diely","17":"product_tag-suciastky-na-rotax","19":"first","20":"onbackorder","21":"taxable","22":"shipping-taxable","23":"purchasable","24":"product-type-simple","25":"customify-col"},"aioseo_notices":[],"_links":{"self":[{"href":"https:\/\/motokary-karting.sk\/cz\/wp-json\/wp\/v2\/product\/11098","targetHints":{"allow":["GET"]}}],"collection":[{"href":"https:\/\/motokary-karting.sk\/cz\/wp-json\/wp\/v2\/product"}],"about":[{"href":"https:\/\/motokary-karting.sk\/cz\/wp-json\/wp\/v2\/types\/product"}],"wp:featuredmedia":[{"embeddable":true,"href":"https:\/\/motokary-karting.sk\/cz\/wp-json\/wp\/v2\/media\/11078"}],"wp:attachment":[{"href":"https:\/\/motokary-karting.sk\/cz\/wp-json\/wp\/v2\/media?parent=11098"}],"wp:term":[{"taxonomy":"product_brand","embeddable":true,"href":"https:\/\/motokary-karting.sk\/cz\/wp-json\/wp\/v2\/product_brand?post=11098"},{"taxonomy":"product_cat","embeddable":true,"href":"https:\/\/motokary-karting.sk\/cz\/wp-json\/wp\/v2\/product_cat?post=11098"},{"taxonomy":"product_tag","embeddable":true,"href":"https:\/\/motokary-karting.sk\/cz\/wp-json\/wp\/v2\/product_tag?post=11098"}],"curies":[{"name":"wp","href":"https:\/\/api.w.org\/{rel}","templated":true}]}}