{"id":11183,"date":"2021-09-21T19:27:07","date_gmt":"2021-09-21T19:27:07","guid":{"rendered":"https:\/\/motokary-karting.sk\/?post_type=product&#038;p=11183"},"modified":"2025-09-21T10:09:49","modified_gmt":"2025-09-21T10:09:49","slug":"plsteny-rotacni-drat","status":"publish","type":"product","link":"https:\/\/motokary-karting.sk\/cz\/produkt\/dratena-plst-rotax\/","title":{"rendered":"Dr\u00e1t\u011bn\u00e1 pls\u0165 ROTAX"},"content":{"rendered":"<p>Pozice na obr\u00e1zku \u010d\u00edslo 27<\/p>","protected":false},"excerpt":{"rendered":"<p>Pozice na obr\u00e1zku \u010d\u00edslo 27<\/p>","protected":false},"featured_media":11154,"template":"","meta":[],"product_brand":[],"product_cat":[645,744,2677],"product_tag":[2652,2429,142,1344,81,2650,618,754,2651],"class_list":{"0":"post-11183","1":"product","2":"type-product","3":"status-publish","4":"has-post-thumbnail","6":"product_cat-nahradne-diely-na-motory","7":"product_cat-rotax-max","8":"product_cat-sekce-vyfuk","9":"product_tag-blok-motora-komplet","10":"product_tag-diely-na-rotax","11":"product_tag-karting","12":"product_tag-karting-shop","13":"product_tag-motokary","14":"product_tag-nahradne-diely-na-rotax","15":"product_tag-rotax","16":"product_tag-rotax-diely","17":"product_tag-suciastky-na-rotax","19":"first","20":"onbackorder","21":"taxable","22":"shipping-taxable","23":"purchasable","24":"product-type-simple","25":"customify-col"},"aioseo_notices":[],"_links":{"self":[{"href":"https:\/\/motokary-karting.sk\/cz\/wp-json\/wp\/v2\/product\/11183","targetHints":{"allow":["GET"]}}],"collection":[{"href":"https:\/\/motokary-karting.sk\/cz\/wp-json\/wp\/v2\/product"}],"about":[{"href":"https:\/\/motokary-karting.sk\/cz\/wp-json\/wp\/v2\/types\/product"}],"wp:featuredmedia":[{"embeddable":true,"href":"https:\/\/motokary-karting.sk\/cz\/wp-json\/wp\/v2\/media\/11154"}],"wp:attachment":[{"href":"https:\/\/motokary-karting.sk\/cz\/wp-json\/wp\/v2\/media?parent=11183"}],"wp:term":[{"taxonomy":"product_brand","embeddable":true,"href":"https:\/\/motokary-karting.sk\/cz\/wp-json\/wp\/v2\/product_brand?post=11183"},{"taxonomy":"product_cat","embeddable":true,"href":"https:\/\/motokary-karting.sk\/cz\/wp-json\/wp\/v2\/product_cat?post=11183"},{"taxonomy":"product_tag","embeddable":true,"href":"https:\/\/motokary-karting.sk\/cz\/wp-json\/wp\/v2\/product_tag?post=11183"}],"curies":[{"name":"wp","href":"https:\/\/api.w.org\/{rel}","templated":true}]}}