{"id":11241,"date":"2021-09-22T20:16:11","date_gmt":"2021-09-22T20:16:11","guid":{"rendered":"https:\/\/motokary-karting.sk\/?post_type=product&#038;p=11241"},"modified":"2026-04-14T16:17:07","modified_gmt":"2026-04-14T16:17:07","slug":"prostredek-pro-upevneni-lemu-kol-rotax","status":"publish","type":"product","link":"https:\/\/motokary-karting.sk\/cz\/produkt\/zaistujuci-pripravok-ret-kolesa-rotax\/","title":{"rendered":"Zaji\u0161\u0165ovac\u00ed prost\u0159edek na \u0159ezn\u00e9 kotou\u010de ROTAX"},"content":{"rendered":"<p>Poloha na obr\u00e1zku 14<\/p>","protected":false},"excerpt":{"rendered":"<p>Poloha na obr\u00e1zku 14<\/p>","protected":false},"featured_media":11228,"template":"","meta":[],"product_brand":[],"product_cat":[645,3350,744,2690,2692,2682,58],"product_tag":[2652,2429,142,1344,81,2650,618,754,2651],"class_list":{"0":"post-11241","1":"product","2":"type-product","3":"status-publish","4":"has-post-thumbnail","6":"product_cat-nahradne-diely-na-motory","7":"product_cat-pripravky","8":"product_cat-rotax-max","9":"product_cat-sekcia-pripravky","10":"product_cat-sekcia-prislusenstvo","11":"product_cat-sekcia-spojka","12":"product_cat-vybava-do-garaze","13":"product_tag-blok-motora-komplet","14":"product_tag-diely-na-rotax","15":"product_tag-karting","16":"product_tag-karting-shop","17":"product_tag-motokary","18":"product_tag-nahradne-diely-na-rotax","19":"product_tag-rotax","20":"product_tag-rotax-diely","21":"product_tag-suciastky-na-rotax","23":"first","24":"onbackorder","25":"taxable","26":"shipping-taxable","27":"purchasable","28":"product-type-simple","29":"customify-col"},"aioseo_notices":[],"_links":{"self":[{"href":"https:\/\/motokary-karting.sk\/cz\/wp-json\/wp\/v2\/product\/11241","targetHints":{"allow":["GET"]}}],"collection":[{"href":"https:\/\/motokary-karting.sk\/cz\/wp-json\/wp\/v2\/product"}],"about":[{"href":"https:\/\/motokary-karting.sk\/cz\/wp-json\/wp\/v2\/types\/product"}],"wp:featuredmedia":[{"embeddable":true,"href":"https:\/\/motokary-karting.sk\/cz\/wp-json\/wp\/v2\/media\/11228"}],"wp:attachment":[{"href":"https:\/\/motokary-karting.sk\/cz\/wp-json\/wp\/v2\/media?parent=11241"}],"wp:term":[{"taxonomy":"product_brand","embeddable":true,"href":"https:\/\/motokary-karting.sk\/cz\/wp-json\/wp\/v2\/product_brand?post=11241"},{"taxonomy":"product_cat","embeddable":true,"href":"https:\/\/motokary-karting.sk\/cz\/wp-json\/wp\/v2\/product_cat?post=11241"},{"taxonomy":"product_tag","embeddable":true,"href":"https:\/\/motokary-karting.sk\/cz\/wp-json\/wp\/v2\/product_tag?post=11241"}],"curies":[{"name":"wp","href":"https:\/\/api.w.org\/{rel}","templated":true}]}}