{"id":11371,"date":"2021-10-15T08:43:26","date_gmt":"2021-10-15T08:43:26","guid":{"rendered":"https:\/\/motokary-karting.sk\/?post_type=product&#038;p=11371"},"modified":"2022-07-27T05:49:48","modified_gmt":"2022-07-27T05:49:48","slug":"saci-klapky-tm-racing-universal-special-kz","status":"publish","type":"product","link":"https:\/\/motokary-karting.sk\/cz\/produkt\/sacie-klapky-tm-racing-universal-special-kz\/","title":{"rendered":"Sac\u00ed klapky TM Racing Universal Special KZ"},"content":{"rendered":"<p>Kompletn\u00ed sada pro motory KZ v\u010detn\u011b speci\u00e1ln\u00ed verze uhl\u00edkov\u00fdch klapek \u010d. 2 s p\u0159\u00edslu\u0161n\u00fdm typem ku\u0161e U<\/p>\n<p>Tento typ plynu umo\u017e\u0148uje dos\u00e1hnout nejvy\u0161\u0161\u00edch ot\u00e1\u010dek, ani\u017e by do\u0161lo ke zhor\u0161en\u00ed n\u00edzk\u00fdch a st\u0159edn\u00edch re\u017eim\u016f.<\/p>\n<p>M\u00edsto toho, aby se dos\u00e1hlo v\u011bt\u0161\u00ed pru\u017enosti (a t\u00edm i lep\u0161\u00edho rozjezdu p\u0159i n\u00edzk\u00fdch ot\u00e1\u010dk\u00e1ch), posta\u010d\u00ed \u0159ez uprost\u0159ed t\u00e9\u017ee t\u0159tiny, aby se \u201eotev\u0159el \u0159ez\u201c klapek pomoc\u00ed fr\u00e9zy.<\/p>\n<p>&nbsp;<\/p>\n<p>Lze je namontovat pro n\u00e1sleduj\u00edc\u00ed motory:<\/p>\n<p>- TM KZ (v\u0161echny n\u00e1sleduj\u00edc\u00ed verze: K8, K9, K9B, K9C, KZ10, KZ10B, KZ10C, KZR1)<\/p>\n<p>- VORTEX KZ (v\u0161echny n\u00e1sleduj\u00edc\u00ed verze: RVX, RVXX, RVZ, RKZ)<\/p>\n<p>- IAME KZ (v\u0161echny verze: SHIFTER, 125 SHIFTER X30, X30 175 SUPERSHIFTER, SCREAMER, SCREAMER 2)<\/p>\n<p>- MODENA KZ (v\u0161echny n\u00e1sleduj\u00edc\u00ed verze: MODENA KK1, KK1 R2, MKZ)<\/p>","protected":false},"excerpt":{"rendered":"<p>Kompletn\u00ed sada pro motory KZ v\u010detn\u011b \u010d. 2 speci\u00e1ln\u00ed verze karbonov\u00fdch klapek s p\u0159\u00edslu\u0161n\u00fdm typem ku\u0161e U Tento typ klapek umo\u017e\u0148uje dos\u00e1hnout nejvy\u0161\u0161\u00edch ot\u00e1\u010dek...<\/p>","protected":false},"featured_media":11375,"template":"","meta":[],"product_brand":[],"product_cat":[2332,2331,2333,645],"product_tag":[2551,2550,142,1344,81,2553,2554,2557,2556,2555,2552],"class_list":{"0":"post-11371","1":"product","2":"type-product","3":"status-publish","4":"has-post-thumbnail","6":"product_cat-model-tm-k10c","7":"product_cat-model-tm-k9c","8":"product_cat-model-tm-kz-r1","9":"product_cat-nahradne-diely-na-motory","10":"product_tag-guma-na-karburator-tm","11":"product_tag-guma-na-karburator-tm-racing","12":"product_tag-karting","13":"product_tag-karting-shop","14":"product_tag-motokary","15":"product_tag-nahrdne-diely-na-tm-racing","16":"product_tag-sanie-tm-racing","17":"product_tag-tesnenie-klapkoveho-kosa-tm","18":"product_tag-tesnenie-na-sanie","19":"product_tag-tesnenie-sania","20":"product_tag-tm-racing-guma-na-karburator","22":"first","23":"instock","24":"taxable","25":"shipping-taxable","26":"purchasable","27":"product-type-simple","28":"customify-col"},"aioseo_notices":[],"_links":{"self":[{"href":"https:\/\/motokary-karting.sk\/cz\/wp-json\/wp\/v2\/product\/11371","targetHints":{"allow":["GET"]}}],"collection":[{"href":"https:\/\/motokary-karting.sk\/cz\/wp-json\/wp\/v2\/product"}],"about":[{"href":"https:\/\/motokary-karting.sk\/cz\/wp-json\/wp\/v2\/types\/product"}],"wp:featuredmedia":[{"embeddable":true,"href":"https:\/\/motokary-karting.sk\/cz\/wp-json\/wp\/v2\/media\/11375"}],"wp:attachment":[{"href":"https:\/\/motokary-karting.sk\/cz\/wp-json\/wp\/v2\/media?parent=11371"}],"wp:term":[{"taxonomy":"product_brand","embeddable":true,"href":"https:\/\/motokary-karting.sk\/cz\/wp-json\/wp\/v2\/product_brand?post=11371"},{"taxonomy":"product_cat","embeddable":true,"href":"https:\/\/motokary-karting.sk\/cz\/wp-json\/wp\/v2\/product_cat?post=11371"},{"taxonomy":"product_tag","embeddable":true,"href":"https:\/\/motokary-karting.sk\/cz\/wp-json\/wp\/v2\/product_tag?post=11371"}],"curies":[{"name":"wp","href":"https:\/\/api.w.org\/{rel}","templated":true}]}}