{"id":11400,"date":"2021-10-18T19:34:16","date_gmt":"2021-10-18T19:34:16","guid":{"rendered":"https:\/\/motokary-karting.sk\/?post_type=product&#038;p=11400"},"modified":"2023-11-17T10:37:21","modified_gmt":"2023-11-17T10:37:21","slug":"omp-prvni-funkcni-pradlo-spodni-pradlo","status":"publish","type":"product","link":"https:\/\/motokary-karting.sk\/cz\/produkt\/omp-first-funkcne-pradlo-spodky\/","title":{"rendered":"OMP First Functional Underwear - Spodn\u00ed pr\u00e1dlo"},"content":{"rendered":"<p>Funk\u010dn\u00ed pr\u00e1dlo z neho\u0159lav\u00e9ho materi\u00e1lu. Vn\u011bj\u0161\u00ed \u0161vy zaji\u0161\u0165uj\u00ed pohodln\u00e9 no\u0161en\u00ed.<\/p>\n<p>Materi\u00e1l: visk\u00f3za \/ aramid<\/p>","protected":false},"excerpt":{"rendered":"<p>Funk\u010dn\u00ed pr\u00e1dlo z neho\u0159lav\u00e9ho materi\u00e1lu. Vn\u011bj\u0161\u00ed \u0161vy zaji\u0161\u0165uj\u00ed pohodln\u00e9 no\u0161en\u00ed. Materi\u00e1l: visk\u00f3za \/ aramid<\/p>","protected":false},"featured_media":19707,"template":"","meta":[],"product_brand":[],"product_cat":[465,18],"product_tag":[2717,142,1344,81,2718,2714,25,2716,1825,26,1757,1755,461,454,2715,261,457],"class_list":{"0":"post-11400","1":"product","2":"type-product","3":"status-publish","4":"has-post-thumbnail","6":"product_cat-tricka-a-spodne-pradlo","7":"product_cat-vybava-pretekara","8":"product_tag-funkcne-pradlo","9":"product_tag-karting","10":"product_tag-karting-shop","11":"product_tag-motokary","12":"product_tag-nehorlave-funkcne-pradlo","13":"product_tag-nehorlave-pradl","14":"product_tag-omp","15":"product_tag-omp-funkcne-pradlo","16":"product_tag-omp-shop","17":"product_tag-sparco","18":"product_tag-sparco-k-carbon","19":"product_tag-sparco-shop","20":"product_tag-spodne-nehorlave-pradlo","21":"product_tag-spodne-tricko","22":"product_tag-spodni-nehorlave-pradlo","23":"product_tag-tricko","24":"product_tag-tricko-pod-kombinezu","26":"first","27":"onbackorder","28":"taxable","29":"shipping-taxable","30":"purchasable","31":"product-type-variable","32":"customify-col","33":"product-has-gallery"},"aioseo_notices":[],"_links":{"self":[{"href":"https:\/\/motokary-karting.sk\/cz\/wp-json\/wp\/v2\/product\/11400","targetHints":{"allow":["GET"]}}],"collection":[{"href":"https:\/\/motokary-karting.sk\/cz\/wp-json\/wp\/v2\/product"}],"about":[{"href":"https:\/\/motokary-karting.sk\/cz\/wp-json\/wp\/v2\/types\/product"}],"wp:featuredmedia":[{"embeddable":true,"href":"https:\/\/motokary-karting.sk\/cz\/wp-json\/wp\/v2\/media\/19707"}],"wp:attachment":[{"href":"https:\/\/motokary-karting.sk\/cz\/wp-json\/wp\/v2\/media?parent=11400"}],"wp:term":[{"taxonomy":"product_brand","embeddable":true,"href":"https:\/\/motokary-karting.sk\/cz\/wp-json\/wp\/v2\/product_brand?post=11400"},{"taxonomy":"product_cat","embeddable":true,"href":"https:\/\/motokary-karting.sk\/cz\/wp-json\/wp\/v2\/product_cat?post=11400"},{"taxonomy":"product_tag","embeddable":true,"href":"https:\/\/motokary-karting.sk\/cz\/wp-json\/wp\/v2\/product_tag?post=11400"}],"curies":[{"name":"wp","href":"https:\/\/api.w.org\/{rel}","templated":true}]}}