{"id":11485,"date":"2025-09-07T21:46:35","date_gmt":"2025-09-07T21:46:35","guid":{"rendered":"https:\/\/motokary-karting.sk\/?post_type=product&#038;p=11485"},"modified":"2026-01-29T13:20:38","modified_gmt":"2026-01-29T13:20:38","slug":"volant-v-cerne-barve-320-mm","status":"publish","type":"product","link":"https:\/\/motokary-karting.sk\/cz\/produkt\/semisovy-volant-cierna-farba-o-320-mm\/","title":{"rendered":"Semi\u0161ov\u00fd volant, \u00d8 320 mm"},"content":{"rendered":"","protected":false},"excerpt":{"rendered":"","protected":false},"featured_media":29447,"template":"","meta":[],"product_brand":[],"product_cat":[271,378],"product_tag":[142,1019,81,1333,2737,300,2201,1020,1334],"class_list":{"0":"post-11485","1":"product","2":"type-product","3":"status-publish","4":"has-post-thumbnail","6":"product_cat-nahradne-diely-na-podvozky","7":"product_cat-riadenie-prislusenstvo","8":"product_tag-karting","9":"product_tag-motokarovy-volant","10":"product_tag-motokary","11":"product_tag-semisovy-volant","12":"product_tag-semisovyy-volant-320mm","13":"product_tag-volant","14":"product_tag-volant-320mm","15":"product_tag-volant-na-motokaru","16":"product_tag-zavodny-volant","18":"first","19":"instock","20":"taxable","21":"shipping-taxable","22":"purchasable","23":"product-type-simple","24":"customify-col","25":"product-has-gallery"},"aioseo_notices":[],"_links":{"self":[{"href":"https:\/\/motokary-karting.sk\/cz\/wp-json\/wp\/v2\/product\/11485","targetHints":{"allow":["GET"]}}],"collection":[{"href":"https:\/\/motokary-karting.sk\/cz\/wp-json\/wp\/v2\/product"}],"about":[{"href":"https:\/\/motokary-karting.sk\/cz\/wp-json\/wp\/v2\/types\/product"}],"wp:featuredmedia":[{"embeddable":true,"href":"https:\/\/motokary-karting.sk\/cz\/wp-json\/wp\/v2\/media\/29447"}],"wp:attachment":[{"href":"https:\/\/motokary-karting.sk\/cz\/wp-json\/wp\/v2\/media?parent=11485"}],"wp:term":[{"taxonomy":"product_brand","embeddable":true,"href":"https:\/\/motokary-karting.sk\/cz\/wp-json\/wp\/v2\/product_brand?post=11485"},{"taxonomy":"product_cat","embeddable":true,"href":"https:\/\/motokary-karting.sk\/cz\/wp-json\/wp\/v2\/product_cat?post=11485"},{"taxonomy":"product_tag","embeddable":true,"href":"https:\/\/motokary-karting.sk\/cz\/wp-json\/wp\/v2\/product_tag?post=11485"}],"curies":[{"name":"wp","href":"https:\/\/api.w.org\/{rel}","templated":true}]}}