{"id":11509,"date":"2021-11-06T22:46:02","date_gmt":"2021-11-06T22:46:02","guid":{"rendered":"https:\/\/motokary-karting.sk\/?post_type=product&#038;p=11509"},"modified":"2026-02-28T13:43:34","modified_gmt":"2026-02-28T13:43:34","slug":"horni-kryt-spoileru-dynamica","status":"publish","type":"product","link":"https:\/\/motokary-karting.sk\/cz\/produkt\/vrchny-drziak-spojleru-dynamica\/","title":{"rendered":"Horn\u00ed dr\u017e\u00e1k p\u0159edn\u00edho spoileru"},"content":{"rendered":"","protected":false},"excerpt":{"rendered":"","protected":false},"featured_media":11510,"template":"","meta":[],"product_brand":[],"product_cat":[271,184],"product_tag":[1599,142,81,195,1259,1600,1601,186,187],"class_list":{"0":"post-11509","1":"product","2":"type-product","3":"status-publish","4":"has-post-thumbnail","6":"product_cat-nahradne-diely-na-podvozky","7":"product_cat-spojlery-prislusenstvo","8":"product_tag-front-panel-dynamica","9":"product_tag-karting","10":"product_tag-motokary","11":"product_tag-panel","12":"product_tag-predny-panel","13":"product_tag-predny-panel-dynamica","14":"product_tag-predny-panel-ibr","15":"product_tag-spoiler","16":"product_tag-spojler","18":"first","19":"instock","20":"sale","21":"taxable","22":"shipping-taxable","23":"purchasable","24":"product-type-simple","25":"customify-col"},"aioseo_notices":[],"_links":{"self":[{"href":"https:\/\/motokary-karting.sk\/cz\/wp-json\/wp\/v2\/product\/11509","targetHints":{"allow":["GET"]}}],"collection":[{"href":"https:\/\/motokary-karting.sk\/cz\/wp-json\/wp\/v2\/product"}],"about":[{"href":"https:\/\/motokary-karting.sk\/cz\/wp-json\/wp\/v2\/types\/product"}],"wp:featuredmedia":[{"embeddable":true,"href":"https:\/\/motokary-karting.sk\/cz\/wp-json\/wp\/v2\/media\/11510"}],"wp:attachment":[{"href":"https:\/\/motokary-karting.sk\/cz\/wp-json\/wp\/v2\/media?parent=11509"}],"wp:term":[{"taxonomy":"product_brand","embeddable":true,"href":"https:\/\/motokary-karting.sk\/cz\/wp-json\/wp\/v2\/product_brand?post=11509"},{"taxonomy":"product_cat","embeddable":true,"href":"https:\/\/motokary-karting.sk\/cz\/wp-json\/wp\/v2\/product_cat?post=11509"},{"taxonomy":"product_tag","embeddable":true,"href":"https:\/\/motokary-karting.sk\/cz\/wp-json\/wp\/v2\/product_tag?post=11509"}],"curies":[{"name":"wp","href":"https:\/\/api.w.org\/{rel}","templated":true}]}}