{"id":11539,"date":"2021-11-13T20:37:52","date_gmt":"2021-11-13T20:37:52","guid":{"rendered":"https:\/\/motokary-karting.sk\/?post_type=product&#038;p=11539"},"modified":"2026-01-23T14:40:48","modified_gmt":"2026-01-23T14:40:48","slug":"priprava-na-mereni-retazy-2","status":"publish","type":"product","link":"https:\/\/motokary-karting.sk\/cz\/produkt\/pripravok-na-meranie-retaze\/","title":{"rendered":"P\u0159\u00edpravek na m\u011b\u0159en\u00ed \u0159et\u011bzu"},"content":{"rendered":"","protected":false},"excerpt":{"rendered":"","protected":false},"featured_media":32031,"template":"","meta":[],"product_brand":[],"product_cat":[3350,58],"product_tag":[142,1344,2657,2745,81,2744,2746],"class_list":{"0":"post-11539","1":"product","2":"type-product","3":"status-publish","4":"has-post-thumbnail","6":"product_cat-pripravky","7":"product_cat-vybava-do-garaze","8":"product_tag-karting","9":"product_tag-karting-shop","10":"product_tag-karting-shop-pezinok","11":"product_tag-meranie-retaze","12":"product_tag-motokary","13":"product_tag-pripravok-na-meranie-retaz","14":"product_tag-pripravok-na-meranie-retaze","16":"first","17":"onbackorder","18":"sale","19":"taxable","20":"shipping-taxable","21":"purchasable","22":"product-type-simple","23":"customify-col"},"aioseo_notices":[],"_links":{"self":[{"href":"https:\/\/motokary-karting.sk\/cz\/wp-json\/wp\/v2\/product\/11539","targetHints":{"allow":["GET"]}}],"collection":[{"href":"https:\/\/motokary-karting.sk\/cz\/wp-json\/wp\/v2\/product"}],"about":[{"href":"https:\/\/motokary-karting.sk\/cz\/wp-json\/wp\/v2\/types\/product"}],"wp:featuredmedia":[{"embeddable":true,"href":"https:\/\/motokary-karting.sk\/cz\/wp-json\/wp\/v2\/media\/32031"}],"wp:attachment":[{"href":"https:\/\/motokary-karting.sk\/cz\/wp-json\/wp\/v2\/media?parent=11539"}],"wp:term":[{"taxonomy":"product_brand","embeddable":true,"href":"https:\/\/motokary-karting.sk\/cz\/wp-json\/wp\/v2\/product_brand?post=11539"},{"taxonomy":"product_cat","embeddable":true,"href":"https:\/\/motokary-karting.sk\/cz\/wp-json\/wp\/v2\/product_cat?post=11539"},{"taxonomy":"product_tag","embeddable":true,"href":"https:\/\/motokary-karting.sk\/cz\/wp-json\/wp\/v2\/product_tag?post=11539"}],"curies":[{"name":"wp","href":"https:\/\/api.w.org\/{rel}","templated":true}]}}