{"id":11542,"date":"2021-11-13T20:44:55","date_gmt":"2021-11-13T20:44:55","guid":{"rendered":"https:\/\/motokary-karting.sk\/?post_type=product&#038;p=11542"},"modified":"2026-03-26T19:45:23","modified_gmt":"2026-03-26T19:45:23","slug":"sada-chranicu-ramu-motokary-4ks","status":"publish","type":"product","link":"https:\/\/motokary-karting.sk\/cz\/produkt\/ochrana-ramu-motokary-sada-4ks\/","title":{"rendered":"Ochrana r\u00e1mu \/ podvozku | SADA 4 kus\u016f"},"content":{"rendered":"<p>Slou\u017e\u00ed k ochran\u011b podvozku zespodu p\u0159ed po\u0161kozen\u00edm, od\u0159en\u00edm od vozovky.<\/p>","protected":false},"excerpt":{"rendered":"<p>Slou\u017e\u00ed k ochran\u011b podvozku zespodu p\u0159ed po\u0161kozen\u00edm, od\u0159en\u00edm od vozovky.<\/p>","protected":false},"featured_media":11543,"template":"","meta":[],"product_brand":[],"product_cat":[271,276],"product_tag":[246,142,1344,2657,34,81,2749,2747,2748],"class_list":{"0":"post-11542","1":"product","2":"type-product","3":"status-publish","4":"has-post-thumbnail","6":"product_cat-nahradne-diely-na-podvozky","7":"product_cat-ostatne","8":"product_tag-kart","9":"product_tag-karting","10":"product_tag-karting-shop","11":"product_tag-karting-shop-pezinok","12":"product_tag-motokara","13":"product_tag-motokary","14":"product_tag-ochrana-na-ram","15":"product_tag-ochrana-ramu","16":"product_tag-ochrana-ramu-motokary","18":"first","19":"onbackorder","20":"taxable","21":"shipping-taxable","22":"purchasable","23":"product-type-simple","24":"customify-col"},"aioseo_notices":[],"_links":{"self":[{"href":"https:\/\/motokary-karting.sk\/cz\/wp-json\/wp\/v2\/product\/11542","targetHints":{"allow":["GET"]}}],"collection":[{"href":"https:\/\/motokary-karting.sk\/cz\/wp-json\/wp\/v2\/product"}],"about":[{"href":"https:\/\/motokary-karting.sk\/cz\/wp-json\/wp\/v2\/types\/product"}],"wp:featuredmedia":[{"embeddable":true,"href":"https:\/\/motokary-karting.sk\/cz\/wp-json\/wp\/v2\/media\/11543"}],"wp:attachment":[{"href":"https:\/\/motokary-karting.sk\/cz\/wp-json\/wp\/v2\/media?parent=11542"}],"wp:term":[{"taxonomy":"product_brand","embeddable":true,"href":"https:\/\/motokary-karting.sk\/cz\/wp-json\/wp\/v2\/product_brand?post=11542"},{"taxonomy":"product_cat","embeddable":true,"href":"https:\/\/motokary-karting.sk\/cz\/wp-json\/wp\/v2\/product_cat?post=11542"},{"taxonomy":"product_tag","embeddable":true,"href":"https:\/\/motokary-karting.sk\/cz\/wp-json\/wp\/v2\/product_tag?post=11542"}],"curies":[{"name":"wp","href":"https:\/\/api.w.org\/{rel}","templated":true}]}}