{"id":11598,"date":"2021-11-15T18:48:37","date_gmt":"2021-11-15T18:48:37","guid":{"rendered":"https:\/\/motokary-karting.sk\/?post_type=product&#038;p=11598"},"modified":"2025-04-14T10:00:27","modified_gmt":"2025-04-14T10:00:27","slug":"operka-hlavy-tm-racing-copper","status":"publish","type":"product","link":"https:\/\/motokary-karting.sk\/cz\/produkt\/podlozka-pod-hlavu-tm-racing-medena\/","title":{"rendered":"TM Racing m\u011bd\u011bn\u00e1 podlo\u017eka pod hlavu"},"content":{"rendered":"","protected":false},"excerpt":{"rendered":"","protected":false},"featured_media":19414,"template":"","meta":[],"product_brand":[],"product_cat":[2332,2331,2333,645,858],"product_tag":[142,1344,2751,81,2553,431,2752],"class_list":{"0":"post-11598","1":"product","2":"type-product","3":"status-publish","4":"has-post-thumbnail","6":"product_cat-model-tm-k10c","7":"product_cat-model-tm-k9c","8":"product_cat-model-tm-kz-r1","9":"product_cat-nahradne-diely-na-motory","10":"product_cat-tm-racing-nahradne-diely-na-motory","11":"product_tag-karting","12":"product_tag-karting-shop","13":"product_tag-medena-podlozka-pod-hlavu-tm","14":"product_tag-motokary","15":"product_tag-nahrdne-diely-na-tm-racing","16":"product_tag-tm-racing","17":"product_tag-tm-racing-medena-podlozka-pod-hlavu","19":"first","20":"instock","21":"taxable","22":"shipping-taxable","23":"purchasable","24":"product-type-variable","25":"customify-col"},"aioseo_notices":[],"_links":{"self":[{"href":"https:\/\/motokary-karting.sk\/cz\/wp-json\/wp\/v2\/product\/11598","targetHints":{"allow":["GET"]}}],"collection":[{"href":"https:\/\/motokary-karting.sk\/cz\/wp-json\/wp\/v2\/product"}],"about":[{"href":"https:\/\/motokary-karting.sk\/cz\/wp-json\/wp\/v2\/types\/product"}],"wp:featuredmedia":[{"embeddable":true,"href":"https:\/\/motokary-karting.sk\/cz\/wp-json\/wp\/v2\/media\/19414"}],"wp:attachment":[{"href":"https:\/\/motokary-karting.sk\/cz\/wp-json\/wp\/v2\/media?parent=11598"}],"wp:term":[{"taxonomy":"product_brand","embeddable":true,"href":"https:\/\/motokary-karting.sk\/cz\/wp-json\/wp\/v2\/product_brand?post=11598"},{"taxonomy":"product_cat","embeddable":true,"href":"https:\/\/motokary-karting.sk\/cz\/wp-json\/wp\/v2\/product_cat?post=11598"},{"taxonomy":"product_tag","embeddable":true,"href":"https:\/\/motokary-karting.sk\/cz\/wp-json\/wp\/v2\/product_tag?post=11598"}],"curies":[{"name":"wp","href":"https:\/\/api.w.org\/{rel}","templated":true}]}}