{"id":11612,"date":"2021-11-15T19:16:55","date_gmt":"2021-11-15T19:16:55","guid":{"rendered":"https:\/\/motokary-karting.sk\/?post_type=product&#038;p=11612"},"modified":"2023-02-20T12:05:34","modified_gmt":"2023-02-20T12:05:34","slug":"vlozka-hlavy-valcu-tm-racing-model-k8-k10b-4","status":"publish","type":"product","link":"https:\/\/motokary-karting.sk\/cz\/produkt\/vlozka-hlavy-valca-tm-racing-model-k8-k10b-4\/","title":{"rendered":"Vlo\u017eka hlavy v\u00e1lc\u016f TM Racing - model K8 - K10B (4\u00b0)"},"content":{"rendered":"<p>KOMPATIBILN\u00cd S P\u00cdSTEM 4 STUPN\u011a<\/p>","protected":false},"excerpt":{"rendered":"<p>KOMPATIBILN\u00cd S P\u00cdSTEM 4 STUPN\u011a<\/p>","protected":false},"featured_media":11613,"template":"","meta":[],"product_brand":[],"product_cat":[2755,2756,2331,645,858],"product_tag":[2753,142,1344,81,431,2754,2758,2757],"class_list":{"0":"post-11612","1":"product","2":"type-product","3":"status-publish","4":"has-post-thumbnail","6":"product_cat-model-tm-k10","7":"product_cat-model-tm-k10b","8":"product_cat-model-tm-k9c","9":"product_cat-nahradne-diely-na-motory","10":"product_cat-tm-racing-nahradne-diely-na-motory","11":"product_tag-gumicka-pod-hlavu-tm","12":"product_tag-karting","13":"product_tag-karting-shop","14":"product_tag-motokary","15":"product_tag-tm-racing","16":"product_tag-tm-racing-gumicka-pod-hlavu","17":"product_tag-vlozka-hlavy-tm","18":"product_tag-vlozka-hlavy-valca","20":"first","21":"instock","22":"sale","23":"taxable","24":"shipping-taxable","25":"purchasable","26":"product-type-simple","27":"customify-col"},"aioseo_notices":[],"_links":{"self":[{"href":"https:\/\/motokary-karting.sk\/cz\/wp-json\/wp\/v2\/product\/11612","targetHints":{"allow":["GET"]}}],"collection":[{"href":"https:\/\/motokary-karting.sk\/cz\/wp-json\/wp\/v2\/product"}],"about":[{"href":"https:\/\/motokary-karting.sk\/cz\/wp-json\/wp\/v2\/types\/product"}],"wp:featuredmedia":[{"embeddable":true,"href":"https:\/\/motokary-karting.sk\/cz\/wp-json\/wp\/v2\/media\/11613"}],"wp:attachment":[{"href":"https:\/\/motokary-karting.sk\/cz\/wp-json\/wp\/v2\/media?parent=11612"}],"wp:term":[{"taxonomy":"product_brand","embeddable":true,"href":"https:\/\/motokary-karting.sk\/cz\/wp-json\/wp\/v2\/product_brand?post=11612"},{"taxonomy":"product_cat","embeddable":true,"href":"https:\/\/motokary-karting.sk\/cz\/wp-json\/wp\/v2\/product_cat?post=11612"},{"taxonomy":"product_tag","embeddable":true,"href":"https:\/\/motokary-karting.sk\/cz\/wp-json\/wp\/v2\/product_tag?post=11612"}],"curies":[{"name":"wp","href":"https:\/\/api.w.org\/{rel}","templated":true}]}}