{"id":11743,"date":"2021-11-24T20:58:05","date_gmt":"2021-11-24T20:58:05","guid":{"rendered":"https:\/\/motokary-karting.sk\/?post_type=product&#038;p=11743"},"modified":"2026-01-28T18:17:36","modified_gmt":"2026-01-28T18:17:36","slug":"rukavice-omp-ks-3","status":"publish","type":"product","link":"https:\/\/motokary-karting.sk\/cz\/produkt\/omp-rukavice-ks-3\/","title":{"rendered":"Rukavice OMP KS-3 - dostupn\u00fd model"},"content":{"rendered":"<p>Pevn\u00e9 motok\u00e1rov\u00e9 rukavice OMP KS-3 za z\u00e1kladn\u00ed cenu. D\u00edky \u00fazk\u00e9mu st\u0159ihu a velmi pru\u017en\u00e9mu materi\u00e1lu OMP KS-3 pevn\u011b a pohodln\u011b obep\u00ednaj\u00ed ruku, tak\u017ee nen\u00ed nutn\u00e9 dal\u0161\u00ed zap\u00edn\u00e1n\u00ed. P\u0159edtvarovan\u00e1 ochrana kloub\u016f poskytuje zv\u00fd\u0161enou ochranu a z\u00e1rove\u0148 se snadno pou\u017e\u00edv\u00e1. Tenk\u00e1 dla\u0148 se silikonov\u00fdm povrchem pro optim\u00e1ln\u00ed \u00fachop.<\/p>\n<p>Velikosti: 4-6 (d\u011btsk\u00e9 velikosti) | XXS-XL<br \/>\nBarvy: \u010dern\u00e1\/modr\u00e1\/b\u00edl\u00e1, \u010dern\u00e1\/\u017elut\u00e1, \u010dern\u00e1\/zelen\u00e1\/b\u00edl\u00e1, \u010dern\u00e1\/\u010derven\u00e1, \u010dern\u00e1\/b\u00edl\u00e1<\/p>","protected":false},"excerpt":{"rendered":"<p>Pevn\u00e9 motok\u00e1rov\u00e9 rukavice OMP KS-3 za z\u00e1kladn\u00ed cenu. D\u00edky \u00fazk\u00e9mu st\u0159ihu a velmi elastick\u00e9mu materi\u00e1lu rukavice OMP KS-3 pevn\u011b a pohodln\u011b obep\u00ednaj\u00ed ruku, tak\u017ee dodate\u010dn\u00e9 zap\u00edn\u00e1n\u00ed je...<\/p>","protected":false},"featured_media":11774,"template":"","meta":[],"product_brand":[],"product_cat":[90,15,18],"product_tag":[2774,142,1344,2776,1084,81,25,2778,2775,2779,1825,83,1083,2777],"class_list":{"0":"post-11743","1":"product","2":"type-product","3":"status-publish","4":"has-post-thumbnail","6":"product_cat-omp","7":"product_cat-rukavice","8":"product_cat-vybava-pretekara","9":"product_tag-diler-omp","10":"product_tag-karting","11":"product_tag-karting-shop","12":"product_tag-motokarove-omp-rukavice","13":"product_tag-motokarove-rukavice","14":"product_tag-motokary","15":"product_tag-omp","16":"product_tag-omp-ks-3-rukavice","17":"product_tag-omp-rukavice","18":"product_tag-omp-rukavice-ks-3","19":"product_tag-omp-shop","20":"product_tag-rukavice","21":"product_tag-rukavice-na-motokary","22":"product_tag-rukavice-omp-na-motokary","24":"first","25":"instock","26":"sale","27":"taxable","28":"shipping-taxable","29":"purchasable","30":"product-type-variable","31":"customify-col","32":"product-has-gallery"},"aioseo_notices":[],"_links":{"self":[{"href":"https:\/\/motokary-karting.sk\/cz\/wp-json\/wp\/v2\/product\/11743","targetHints":{"allow":["GET"]}}],"collection":[{"href":"https:\/\/motokary-karting.sk\/cz\/wp-json\/wp\/v2\/product"}],"about":[{"href":"https:\/\/motokary-karting.sk\/cz\/wp-json\/wp\/v2\/types\/product"}],"wp:featuredmedia":[{"embeddable":true,"href":"https:\/\/motokary-karting.sk\/cz\/wp-json\/wp\/v2\/media\/11774"}],"wp:attachment":[{"href":"https:\/\/motokary-karting.sk\/cz\/wp-json\/wp\/v2\/media?parent=11743"}],"wp:term":[{"taxonomy":"product_brand","embeddable":true,"href":"https:\/\/motokary-karting.sk\/cz\/wp-json\/wp\/v2\/product_brand?post=11743"},{"taxonomy":"product_cat","embeddable":true,"href":"https:\/\/motokary-karting.sk\/cz\/wp-json\/wp\/v2\/product_cat?post=11743"},{"taxonomy":"product_tag","embeddable":true,"href":"https:\/\/motokary-karting.sk\/cz\/wp-json\/wp\/v2\/product_tag?post=11743"}],"curies":[{"name":"wp","href":"https:\/\/api.w.org\/{rel}","templated":true}]}}