{"id":11832,"date":"2021-11-25T21:16:31","date_gmt":"2021-11-25T21:16:31","guid":{"rendered":"https:\/\/motokary-karting.sk\/?post_type=product&#038;p=11832"},"modified":"2026-04-04T10:11:49","modified_gmt":"2026-04-04T10:11:49","slug":"rukavice-omp-ks-2-r","status":"publish","type":"product","link":"https:\/\/motokary-karting.sk\/cz\/produkt\/omp-rukavice-ks-2-r\/","title":{"rendered":"Rukavice OMP KS-2R"},"content":{"rendered":"<p>Profesion\u00e1ln\u00ed motok\u00e1rov\u00e9 rukavice s technologi\u00ed flex - integrovan\u00e9 pru\u017en\u00e9 vlo\u017eky na h\u0159betu ruky zaji\u0161\u0165uj\u00ed v\u011bt\u0161\u00ed volnost pohybu navzdory p\u0159il\u00e9hav\u00e9mu st\u0159ihu. Velk\u00e9 silikonov\u00e9 otisky dlan\u00ed pro optim\u00e1ln\u00ed \u00fachop a p\u0159\u00edm\u00fd kontakt s volantem.<\/p>\n<p>Speci\u00e1ln\u00ed konstrukce vn\u011bj\u0161\u00edch \u0161v\u016f nab\u00edz\u00ed dobrou kombinaci pocitu a pohodl\u00ed. Elastick\u00fd p\u00e1sek na z\u00e1p\u011bst\u00ed pro dobrou fixaci.<\/p>\n<p>Barvy: \u010derven\u00e1\/\u010dern\u00e1, tmav\u011b modr\u00e1\/\u010dern\u00e1, \u017elut\u00e1\/\u010dern\u00e1, b\u00edl\u00e1\/\u010dern\u00e1, \u010dern\u00e1<\/p>","protected":false},"excerpt":{"rendered":"<p>Profesion\u00e1ln\u00ed motok\u00e1rov\u00e9 rukavice s technologi\u00ed flex - integrovan\u00e9 pru\u017en\u00e9 vlo\u017eky na h\u0159betu ruky zaji\u0161\u0165uj\u00ed v\u011bt\u0161\u00ed volnost pohybu navzdory p\u0159il\u00e9hav\u00e9mu st\u0159ihu. Velk\u00e9 silikonov\u00e9 potisky na...<\/p>","protected":false},"featured_media":11884,"template":"","meta":[],"product_brand":[],"product_cat":[90,15,18],"product_tag":[2774,2793,142,1344,2776,1084,81,25,2794,2792,2778,2791,2775,2779,2789,1825,83,1083,2790,2777],"class_list":{"0":"post-11832","1":"product","2":"type-product","3":"status-publish","4":"has-post-thumbnail","6":"product_cat-omp","7":"product_cat-rukavice","8":"product_cat-vybava-pretekara","9":"product_tag-diler-omp","10":"product_tag-glooves-omp-ks2r","11":"product_tag-karting","12":"product_tag-karting-shop","13":"product_tag-motokarove-omp-rukavice","14":"product_tag-motokarove-rukavice","15":"product_tag-motokary","16":"product_tag-omp","17":"product_tag-omp-glooves-karting","18":"product_tag-omp-ks-2r","19":"product_tag-omp-ks-3-rukavice","20":"product_tag-omp-ks2r","21":"product_tag-omp-rukavice","22":"product_tag-omp-rukavice-ks-3","23":"product_tag-omp-rukavice-ks2r","24":"product_tag-omp-shop","25":"product_tag-rukavice","26":"product_tag-rukavice-na-motokary","27":"product_tag-rukavice-omp-ks2r","28":"product_tag-rukavice-omp-na-motokary","30":"first","31":"instock","32":"taxable","33":"shipping-taxable","34":"purchasable","35":"product-type-variable","36":"customify-col","37":"product-has-gallery"},"aioseo_notices":[],"_links":{"self":[{"href":"https:\/\/motokary-karting.sk\/cz\/wp-json\/wp\/v2\/product\/11832","targetHints":{"allow":["GET"]}}],"collection":[{"href":"https:\/\/motokary-karting.sk\/cz\/wp-json\/wp\/v2\/product"}],"about":[{"href":"https:\/\/motokary-karting.sk\/cz\/wp-json\/wp\/v2\/types\/product"}],"wp:featuredmedia":[{"embeddable":true,"href":"https:\/\/motokary-karting.sk\/cz\/wp-json\/wp\/v2\/media\/11884"}],"wp:attachment":[{"href":"https:\/\/motokary-karting.sk\/cz\/wp-json\/wp\/v2\/media?parent=11832"}],"wp:term":[{"taxonomy":"product_brand","embeddable":true,"href":"https:\/\/motokary-karting.sk\/cz\/wp-json\/wp\/v2\/product_brand?post=11832"},{"taxonomy":"product_cat","embeddable":true,"href":"https:\/\/motokary-karting.sk\/cz\/wp-json\/wp\/v2\/product_cat?post=11832"},{"taxonomy":"product_tag","embeddable":true,"href":"https:\/\/motokary-karting.sk\/cz\/wp-json\/wp\/v2\/product_tag?post=11832"}],"curies":[{"name":"wp","href":"https:\/\/api.w.org\/{rel}","templated":true}]}}