{"id":12015,"date":"2021-11-29T20:23:04","date_gmt":"2021-11-29T20:23:04","guid":{"rendered":"https:\/\/motokary-karting.sk\/?post_type=product&#038;p=12015"},"modified":"2026-03-16T12:49:53","modified_gmt":"2026-03-16T12:49:53","slug":"podlozka-pod-srouby-sedadla-z-cerneho-plastu-6-x-17-mm","status":"publish","type":"product","link":"https:\/\/motokary-karting.sk\/cz\/produkt\/podlozka-skrutky-sedadla-cierna-plastova-6-x-17mm\/","title":{"rendered":"Podlo\u017eka pod \u0161roub sedadla z \u010dern\u00e9ho plastu 6 x 17 mm"},"content":{"rendered":"","protected":false},"excerpt":{"rendered":"","protected":false},"featured_media":4663,"template":"","meta":[],"product_brand":[],"product_cat":[271,276,366,279,1241],"product_tag":[142,2657,81,446,406,447,292],"class_list":{"0":"post-12015","1":"product","2":"type-product","3":"status-publish","4":"has-post-thumbnail","6":"product_cat-nahradne-diely-na-podvozky","7":"product_cat-ostatne","8":"product_cat-prislusenstvo-k-sedadlam","9":"product_cat-sedadla-prislusenstvo","10":"product_cat-sedadla-prislusenstvo-pozicovna","11":"product_tag-karting","12":"product_tag-karting-shop-pezinok","13":"product_tag-motokary","14":"product_tag-nahradne-diely-pre-motokary","15":"product_tag-podlozka","16":"product_tag-podlozka-na-srob-sedadla","17":"product_tag-podlozka-skrutky-sedadla","19":"first","20":"instock","21":"taxable","22":"shipping-taxable","23":"purchasable","24":"product-type-simple","25":"customify-col"},"aioseo_notices":[],"_links":{"self":[{"href":"https:\/\/motokary-karting.sk\/cz\/wp-json\/wp\/v2\/product\/12015","targetHints":{"allow":["GET"]}}],"collection":[{"href":"https:\/\/motokary-karting.sk\/cz\/wp-json\/wp\/v2\/product"}],"about":[{"href":"https:\/\/motokary-karting.sk\/cz\/wp-json\/wp\/v2\/types\/product"}],"wp:featuredmedia":[{"embeddable":true,"href":"https:\/\/motokary-karting.sk\/cz\/wp-json\/wp\/v2\/media\/4663"}],"wp:attachment":[{"href":"https:\/\/motokary-karting.sk\/cz\/wp-json\/wp\/v2\/media?parent=12015"}],"wp:term":[{"taxonomy":"product_brand","embeddable":true,"href":"https:\/\/motokary-karting.sk\/cz\/wp-json\/wp\/v2\/product_brand?post=12015"},{"taxonomy":"product_cat","embeddable":true,"href":"https:\/\/motokary-karting.sk\/cz\/wp-json\/wp\/v2\/product_cat?post=12015"},{"taxonomy":"product_tag","embeddable":true,"href":"https:\/\/motokary-karting.sk\/cz\/wp-json\/wp\/v2\/product_tag?post=12015"}],"curies":[{"name":"wp","href":"https:\/\/api.w.org\/{rel}","templated":true}]}}