{"id":12020,"date":"2023-11-28T08:08:55","date_gmt":"2023-11-28T08:08:55","guid":{"rendered":"https:\/\/motokary-karting.sk\/?post_type=product&#038;p=12020"},"modified":"2026-01-29T19:24:09","modified_gmt":"2026-01-29T19:24:09","slug":"tricko-sparco-b-rookie-2","status":"publish","type":"product","link":"https:\/\/motokary-karting.sk\/cz\/produkt\/sparco-tricko-b-rookie\/","title":{"rendered":"Tri\u010dko Sparco pod kombin\u00e9zu B-Rookie"},"content":{"rendered":"<p>Lehk\u00e9 elastick\u00e9 tri\u010dko s extra ploch\u00fdmi \u0161vy.<\/p>\n<p>Barvy: \u010dern\u00e1, b\u00edl\u00e1, modr\u00e1, \u010derven\u00e1, \u017elut\u00e1<\/p>\n<p>materi\u00e1l: 100% bavlna<\/p>","protected":false},"excerpt":{"rendered":"<p>Lehk\u00e9 elastick\u00e9 tri\u010dko s extra ploch\u00fdmi \u0161vy. Barvy: \u010dern\u00e1, b\u00edl\u00e1, modr\u00e1, \u010derven\u00e1, \u017elut\u00e1 Materi\u00e1l: bavlna 100%<\/p>","protected":false},"featured_media":12052,"template":"","meta":[],"product_brand":[],"product_cat":[32,655,465,18],"product_tag":[142,1344,954,34,81,2813,2811,993,2812,466],"class_list":{"0":"post-12020","1":"product","2":"type-product","3":"status-publish","4":"has-post-thumbnail","6":"product_cat-lifestyle-oblecenie-a-produkty-na-volny-cas","7":"product_cat-tricka","8":"product_cat-tricka-a-spodne-pradlo","9":"product_cat-vybava-pretekara","10":"product_tag-karting","11":"product_tag-karting-shop","12":"product_tag-motokar","13":"product_tag-motokara","14":"product_tag-motokary","15":"product_tag-sparco-spodne-tricko","16":"product_tag-sparco-t-shirt-b-rookie","17":"product_tag-sparco-tricko","18":"product_tag-spodne-tricko-sparco","19":"product_tag-tricko-sparco","21":"first","22":"instock","23":"taxable","24":"shipping-taxable","25":"purchasable","26":"product-type-variable","27":"customify-col","28":"product-has-gallery"},"aioseo_notices":[],"_links":{"self":[{"href":"https:\/\/motokary-karting.sk\/cz\/wp-json\/wp\/v2\/product\/12020","targetHints":{"allow":["GET"]}}],"collection":[{"href":"https:\/\/motokary-karting.sk\/cz\/wp-json\/wp\/v2\/product"}],"about":[{"href":"https:\/\/motokary-karting.sk\/cz\/wp-json\/wp\/v2\/types\/product"}],"wp:featuredmedia":[{"embeddable":true,"href":"https:\/\/motokary-karting.sk\/cz\/wp-json\/wp\/v2\/media\/12052"}],"wp:attachment":[{"href":"https:\/\/motokary-karting.sk\/cz\/wp-json\/wp\/v2\/media?parent=12020"}],"wp:term":[{"taxonomy":"product_brand","embeddable":true,"href":"https:\/\/motokary-karting.sk\/cz\/wp-json\/wp\/v2\/product_brand?post=12020"},{"taxonomy":"product_cat","embeddable":true,"href":"https:\/\/motokary-karting.sk\/cz\/wp-json\/wp\/v2\/product_cat?post=12020"},{"taxonomy":"product_tag","embeddable":true,"href":"https:\/\/motokary-karting.sk\/cz\/wp-json\/wp\/v2\/product_tag?post=12020"}],"curies":[{"name":"wp","href":"https:\/\/api.w.org\/{rel}","templated":true}]}}