{"id":12080,"date":"2021-12-01T21:57:43","date_gmt":"2021-12-01T21:57:43","guid":{"rendered":"https:\/\/motokary-karting.sk\/?post_type=product&#038;p=12080"},"modified":"2026-04-27T05:51:47","modified_gmt":"2026-04-27T05:51:47","slug":"sparco-chranic-krku-k-krouzek-novy","status":"publish","type":"product","link":"https:\/\/motokary-karting.sk\/cz\/produkt\/sparco-ochrana-krku-k-ring-new\/","title":{"rendered":"Chr\u00e1ni\u010d krku Sparco K-Ring"},"content":{"rendered":"<p>Ergonomicky p\u0159edtvarovan\u00e1 op\u011brka krku s inovativn\u00edm magnetick\u00fdm z\u00e1mkem. Potah je sn\u00edmateln\u00fd a prateln\u00fd.<\/p>\n<p>Barvy: \u010dern\u00e1 \/ \u0161ed\u00e1, \u010dern\u00e1 \/ \u010derven\u00e1<\/p>","protected":false},"excerpt":{"rendered":"<p>Ergonomicky p\u0159edtvarovan\u00e1 op\u011brka krku s inovativn\u00edm magnetick\u00fdm z\u00e1mkem. Potah je sn\u00edmateln\u00fd a prateln\u00fd. Barvy: \u010dern\u00e1\/\u0161ed\u00e1, \u010dern\u00e1\/\u010derven\u00e1<\/p>","protected":false},"featured_media":12091,"template":"","meta":[],"product_brand":[],"product_cat":[78,158,18],"product_tag":[142,1344,2657,81,80,494,26,1206,1207],"class_list":{"0":"post-12080","1":"product","2":"type-product","3":"status-publish","4":"has-post-thumbnail","6":"product_cat-ochrana-krku","7":"product_cat-tip-na-darcek","8":"product_cat-vybava-pretekara","9":"product_tag-karting","10":"product_tag-karting-shop","11":"product_tag-karting-shop-pezinok","12":"product_tag-motokary","13":"product_tag-nakrcnik","14":"product_tag-ochrana-krku","15":"product_tag-sparco","16":"product_tag-sparco-nakrcnik","17":"product_tag-sparco-ochrana-krku","19":"first","20":"instock","21":"taxable","22":"shipping-taxable","23":"purchasable","24":"product-type-variable","25":"customify-col","26":"product-has-gallery"},"aioseo_notices":[],"_links":{"self":[{"href":"https:\/\/motokary-karting.sk\/cz\/wp-json\/wp\/v2\/product\/12080","targetHints":{"allow":["GET"]}}],"collection":[{"href":"https:\/\/motokary-karting.sk\/cz\/wp-json\/wp\/v2\/product"}],"about":[{"href":"https:\/\/motokary-karting.sk\/cz\/wp-json\/wp\/v2\/types\/product"}],"wp:featuredmedia":[{"embeddable":true,"href":"https:\/\/motokary-karting.sk\/cz\/wp-json\/wp\/v2\/media\/12091"}],"wp:attachment":[{"href":"https:\/\/motokary-karting.sk\/cz\/wp-json\/wp\/v2\/media?parent=12080"}],"wp:term":[{"taxonomy":"product_brand","embeddable":true,"href":"https:\/\/motokary-karting.sk\/cz\/wp-json\/wp\/v2\/product_brand?post=12080"},{"taxonomy":"product_cat","embeddable":true,"href":"https:\/\/motokary-karting.sk\/cz\/wp-json\/wp\/v2\/product_cat?post=12080"},{"taxonomy":"product_tag","embeddable":true,"href":"https:\/\/motokary-karting.sk\/cz\/wp-json\/wp\/v2\/product_tag?post=12080"}],"curies":[{"name":"wp","href":"https:\/\/api.w.org\/{rel}","templated":true}]}}