{"id":1224,"date":"2020-08-24T20:22:57","date_gmt":"2020-08-24T20:22:57","guid":{"rendered":"https:\/\/motokary-karting.sk\/?post_type=product&#038;p=1224"},"modified":"2026-04-27T05:56:26","modified_gmt":"2026-04-27T05:56:26","slug":"polni-obuv-sparco","status":"publish","type":"product","link":"https:\/\/motokary-karting.sk\/cz\/produkt\/sparco-topanky-k-pole\/","title":{"rendered":"Boty Sparco K-POLE"},"content":{"rendered":"<p>St\u0159edn\u00ed motok\u00e1rov\u00e1 obuv Sparco K-POLE ve sportovn\u00edm, modern\u00edm designu z m\u011bkk\u00e9ho, hebk\u00e9ho a lehk\u00e9ho materi\u00e1lu z mikrovl\u00e1kna. Boky byly perforov\u00e1ny pro zv\u00fd\u0161en\u00ed prody\u0161nosti a pohodl\u00ed. St\u0159ih je mimo\u0159\u00e1dn\u011b ergonomick\u00fd a anatomicky tvarovan\u00e1 st\u00e9lka poskytuje dokonalou oporu. D\u00edky inovativn\u00ed podr\u00e1\u017ece z p\u0159\u00edrodn\u00edho kau\u010duku nab\u00edz\u00ed Sparco K-POLE maxim\u00e1ln\u00ed p\u0159ilnavost, a to i na mokr\u00e9m nebo mastn\u00e9m povrchu.<\/p>","protected":false},"excerpt":{"rendered":"<p>St\u0159edn\u00ed motok\u00e1rov\u00e1 obuv Sparco K-POLE ve sportovn\u00edm, modern\u00edm designu z m\u011bkk\u00e9ho, hebk\u00e9ho a lehk\u00e9ho materi\u00e1lu z mikrovl\u00e1kna. Pro zv\u00fd\u0161en\u00ed prody\u0161nosti a pohodl\u00ed je...<\/p>","protected":false},"featured_media":2966,"template":"","meta":[],"product_brand":[],"product_cat":[95,28,18],"product_tag":[937,237,1728,142,1344,940,81,938,26,1755,87,939],"class_list":{"0":"post-1224","1":"product","2":"type-product","3":"status-publish","4":"has-post-thumbnail","6":"product_cat-sparco-topanky","7":"product_cat-topanky","8":"product_cat-vybava-pretekara","9":"product_tag-jazdecke-topanky","10":"product_tag-k-pole","11":"product_tag-kart-shop","12":"product_tag-karting","13":"product_tag-karting-shop","14":"product_tag-motokarove-topanky","15":"product_tag-motokary","16":"product_tag-pretekarske-topanky","17":"product_tag-sparco","18":"product_tag-sparco-shop","19":"product_tag-topanky","20":"product_tag-topanky-na-motokary","22":"first","23":"instock","24":"taxable","25":"shipping-taxable","26":"purchasable","27":"product-type-variable","28":"customify-col","29":"product-has-gallery"},"aioseo_notices":[],"_links":{"self":[{"href":"https:\/\/motokary-karting.sk\/cz\/wp-json\/wp\/v2\/product\/1224","targetHints":{"allow":["GET"]}}],"collection":[{"href":"https:\/\/motokary-karting.sk\/cz\/wp-json\/wp\/v2\/product"}],"about":[{"href":"https:\/\/motokary-karting.sk\/cz\/wp-json\/wp\/v2\/types\/product"}],"wp:featuredmedia":[{"embeddable":true,"href":"https:\/\/motokary-karting.sk\/cz\/wp-json\/wp\/v2\/media\/2966"}],"wp:attachment":[{"href":"https:\/\/motokary-karting.sk\/cz\/wp-json\/wp\/v2\/media?parent=1224"}],"wp:term":[{"taxonomy":"product_brand","embeddable":true,"href":"https:\/\/motokary-karting.sk\/cz\/wp-json\/wp\/v2\/product_brand?post=1224"},{"taxonomy":"product_cat","embeddable":true,"href":"https:\/\/motokary-karting.sk\/cz\/wp-json\/wp\/v2\/product_cat?post=1224"},{"taxonomy":"product_tag","embeddable":true,"href":"https:\/\/motokary-karting.sk\/cz\/wp-json\/wp\/v2\/product_tag?post=1224"}],"curies":[{"name":"wp","href":"https:\/\/api.w.org\/{rel}","templated":true}]}}