{"id":1238,"date":"2024-06-14T20:26:38","date_gmt":"2024-06-14T20:26:38","guid":{"rendered":"https:\/\/motokary-karting.sk\/?post_type=product&#038;p=1238"},"modified":"2026-04-21T10:47:53","modified_gmt":"2026-04-21T10:47:53","slug":"alpinestars-chranic-krku-pro-deti-a-mladez-uni-size","status":"publish","type":"product","link":"https:\/\/motokary-karting.sk\/cz\/produkt\/alpinestars-ochrana-krku-pre-deti-mladez-uni-velkost\/","title":{"rendered":"Alpinestars ochrana krku BIONIC Pro - d\u011bti a ml\u00e1de\u017e"},"content":{"rendered":"<p>Syst\u00e9m podpory krku pro d\u011bti a ml\u00e1de\u017e | Speci\u00e1ln\u011b navr\u017een\u00fd chr\u00e1ni\u010d krku pro podporu citliv\u00e9 oblasti krku mlad\u00fdch motok\u00e1rist\u016f. Pou\u017eit\u00ed p\u011bny EVA pohlcuj\u00edc\u00ed n\u00e1razy odv\u00e1d\u00ed energii n\u00e1razu z motok\u00e1rov\u00e9 helmy bo\u010dn\u011b do horn\u00ed \u010d\u00e1sti t\u011bla, \u010d\u00edm\u017e zm\u00edr\u0148uje nam\u00e1h\u00e1n\u00ed krku. Sou\u010d\u00e1st\u00ed je syst\u00e9m \u0159em\u00ednk\u016f (bez vyobrazen\u00ed) pro bezpe\u010dn\u00e9 uchycen\u00ed, kter\u00fd zabra\u0148uje sklouznut\u00ed. Ultralehk\u00e1 a pohodln\u00e1.<\/p>\n<p>Univerz\u00e1ln\u00ed velikost.<\/p>","protected":false},"excerpt":{"rendered":"<p>Syst\u00e9m podpory krku pro d\u011bti a ml\u00e1de\u017e | Speci\u00e1ln\u011b navr\u017een\u00fd chr\u00e1ni\u010d krku pro podporu citliv\u00e9 oblasti krku mlad\u00fdch motok\u00e1rist\u016f. Pou\u017eit\u00ed p\u011bny EVA absorbuj\u00edc\u00ed n\u00e1razy...<\/p>","protected":false},"featured_media":32829,"template":"","meta":[],"product_brand":[],"product_cat":[78,158,18],"product_tag":[79,1415,81,80,1413,494],"class_list":{"0":"post-1238","1":"product","2":"type-product","3":"status-publish","4":"has-post-thumbnail","6":"product_cat-ochrana-krku","7":"product_cat-tip-na-darcek","8":"product_cat-vybava-pretekara","9":"product_tag-alpinestars","10":"product_tag-alpinestars-nakrcnik","11":"product_tag-motokary","12":"product_tag-nakrcnik","13":"product_tag-nakrcnik-alpinestars","14":"product_tag-ochrana-krku","16":"first","17":"instock","18":"taxable","19":"shipping-taxable","20":"purchasable","21":"product-type-variable","22":"customify-col","23":"product-has-gallery"},"aioseo_notices":[],"_links":{"self":[{"href":"https:\/\/motokary-karting.sk\/cz\/wp-json\/wp\/v2\/product\/1238","targetHints":{"allow":["GET"]}}],"collection":[{"href":"https:\/\/motokary-karting.sk\/cz\/wp-json\/wp\/v2\/product"}],"about":[{"href":"https:\/\/motokary-karting.sk\/cz\/wp-json\/wp\/v2\/types\/product"}],"wp:featuredmedia":[{"embeddable":true,"href":"https:\/\/motokary-karting.sk\/cz\/wp-json\/wp\/v2\/media\/32829"}],"wp:attachment":[{"href":"https:\/\/motokary-karting.sk\/cz\/wp-json\/wp\/v2\/media?parent=1238"}],"wp:term":[{"taxonomy":"product_brand","embeddable":true,"href":"https:\/\/motokary-karting.sk\/cz\/wp-json\/wp\/v2\/product_brand?post=1238"},{"taxonomy":"product_cat","embeddable":true,"href":"https:\/\/motokary-karting.sk\/cz\/wp-json\/wp\/v2\/product_cat?post=1238"},{"taxonomy":"product_tag","embeddable":true,"href":"https:\/\/motokary-karting.sk\/cz\/wp-json\/wp\/v2\/product_tag?post=1238"}],"curies":[{"name":"wp","href":"https:\/\/api.w.org\/{rel}","templated":true}]}}