{"id":12500,"date":"2021-12-11T19:11:30","date_gmt":"2021-12-11T19:11:30","guid":{"rendered":"https:\/\/motokary-karting.sk\/?post_type=product&#038;p=12500"},"modified":"2021-12-11T19:12:35","modified_gmt":"2021-12-11T19:12:35","slug":"polstar-sparco","status":"publish","type":"product","link":"https:\/\/motokary-karting.sk\/cz\/produkt\/sparco-vankus\/","title":{"rendered":"Pol\u0161t\u00e1\u0159 Sparco"},"content":{"rendered":"<p>rozm\u011br 40 x 40 cm<\/p>","protected":false},"excerpt":{"rendered":"<p>P\u0158EDOBJEDN\u00c1VKY 2022<\/p>","protected":false},"featured_media":12503,"template":"","meta":[],"product_brand":[],"product_cat":[32,742],"product_tag":[142,1344,2657,81,2854,2855],"class_list":{"0":"post-12500","1":"product","2":"type-product","3":"status-publish","4":"has-post-thumbnail","6":"product_cat-lifestyle-oblecenie-a-produkty-na-volny-cas","7":"product_cat-ostatne-lifestyloblecenieadoplnky","8":"product_tag-karting","9":"product_tag-karting-shop","10":"product_tag-karting-shop-pezinok","11":"product_tag-motokary","12":"product_tag-sparco-vankus","13":"product_tag-vankus-sparco","15":"first","16":"onbackorder","17":"taxable","18":"shipping-taxable","19":"purchasable","20":"product-type-variable","21":"customify-col","22":"product-has-gallery"},"aioseo_notices":[],"_links":{"self":[{"href":"https:\/\/motokary-karting.sk\/cz\/wp-json\/wp\/v2\/product\/12500","targetHints":{"allow":["GET"]}}],"collection":[{"href":"https:\/\/motokary-karting.sk\/cz\/wp-json\/wp\/v2\/product"}],"about":[{"href":"https:\/\/motokary-karting.sk\/cz\/wp-json\/wp\/v2\/types\/product"}],"wp:featuredmedia":[{"embeddable":true,"href":"https:\/\/motokary-karting.sk\/cz\/wp-json\/wp\/v2\/media\/12503"}],"wp:attachment":[{"href":"https:\/\/motokary-karting.sk\/cz\/wp-json\/wp\/v2\/media?parent=12500"}],"wp:term":[{"taxonomy":"product_brand","embeddable":true,"href":"https:\/\/motokary-karting.sk\/cz\/wp-json\/wp\/v2\/product_brand?post=12500"},{"taxonomy":"product_cat","embeddable":true,"href":"https:\/\/motokary-karting.sk\/cz\/wp-json\/wp\/v2\/product_cat?post=12500"},{"taxonomy":"product_tag","embeddable":true,"href":"https:\/\/motokary-karting.sk\/cz\/wp-json\/wp\/v2\/product_tag?post=12500"}],"curies":[{"name":"wp","href":"https:\/\/api.w.org\/{rel}","templated":true}]}}