{"id":12528,"date":"2021-12-11T19:42:30","date_gmt":"2021-12-11T19:42:30","guid":{"rendered":"https:\/\/motokary-karting.sk\/?post_type=product&#038;p=12528"},"modified":"2023-01-01T19:09:35","modified_gmt":"2023-01-01T19:09:35","slug":"vesta-sparco-nova","status":"publish","type":"product","link":"https:\/\/motokary-karting.sk\/cz\/produkt\/sparco-vesta-new\/","title":{"rendered":"Sparco Vesta NEW"},"content":{"rendered":"<p>Lehce polstrovan\u00e1 v\u011btruodoln\u00e1 vesta Sparco s vysok\u00fdm l\u00edmcem. Bo\u010dn\u00ed stre\u010dov\u00e9 panely. Dv\u011b bo\u010dn\u00ed kapsy na zip.<\/p>\n<p>100% polyester<\/p>\n<p>Barvy: tmav\u011b modr\u00e1\/\u010dern\u00e1, \u0161ed\u00e1\/\u010dern\u00e1, \u010dern\u00e1, \u010dern\u00e1\/modr\u00e1<\/p>","protected":false},"excerpt":{"rendered":"<p>P\u0158EDOBJEDN\u00c1VKY 2022<\/p>","protected":false},"featured_media":12539,"template":"","meta":[],"product_brand":[],"product_cat":[32,1045],"product_tag":[1728,142,1344,1421,81,1049,2000,26,2001,1048,258,1999,1050,1046,1047],"class_list":{"0":"post-12528","1":"product","2":"type-product","3":"status-publish","4":"has-post-thumbnail","6":"product_cat-lifestyle-oblecenie-a-produkty-na-volny-cas","7":"product_cat-vesty","8":"product_tag-kart-shop","9":"product_tag-karting","10":"product_tag-karting-shop","11":"product_tag-martini-racing","12":"product_tag-motokary","13":"product_tag-panska-vesta","14":"product_tag-panska-vesta-martini","15":"product_tag-sparco","16":"product_tag-sparco-martini","17":"product_tag-sparco-vesta","18":"product_tag-vesta","19":"product_tag-vesta-martini-racing","20":"product_tag-vesta-pre-muzov","21":"product_tag-vesta-sparco","22":"product_tag-vesta-sparco-frame","24":"first","25":"onbackorder","26":"taxable","27":"shipping-taxable","28":"purchasable","29":"product-type-variable","30":"customify-col","31":"product-has-gallery"},"aioseo_notices":[],"_links":{"self":[{"href":"https:\/\/motokary-karting.sk\/cz\/wp-json\/wp\/v2\/product\/12528","targetHints":{"allow":["GET"]}}],"collection":[{"href":"https:\/\/motokary-karting.sk\/cz\/wp-json\/wp\/v2\/product"}],"about":[{"href":"https:\/\/motokary-karting.sk\/cz\/wp-json\/wp\/v2\/types\/product"}],"wp:featuredmedia":[{"embeddable":true,"href":"https:\/\/motokary-karting.sk\/cz\/wp-json\/wp\/v2\/media\/12539"}],"wp:attachment":[{"href":"https:\/\/motokary-karting.sk\/cz\/wp-json\/wp\/v2\/media?parent=12528"}],"wp:term":[{"taxonomy":"product_brand","embeddable":true,"href":"https:\/\/motokary-karting.sk\/cz\/wp-json\/wp\/v2\/product_brand?post=12528"},{"taxonomy":"product_cat","embeddable":true,"href":"https:\/\/motokary-karting.sk\/cz\/wp-json\/wp\/v2\/product_cat?post=12528"},{"taxonomy":"product_tag","embeddable":true,"href":"https:\/\/motokary-karting.sk\/cz\/wp-json\/wp\/v2\/product_tag?post=12528"}],"curies":[{"name":"wp","href":"https:\/\/api.w.org\/{rel}","templated":true}]}}