{"id":12571,"date":"2021-12-13T15:01:05","date_gmt":"2021-12-13T15:01:05","guid":{"rendered":"https:\/\/motokary-karting.sk\/?post_type=product&#038;p=12571"},"modified":"2026-04-20T07:19:26","modified_gmt":"2026-04-20T07:19:26","slug":"sedak-velky-cerny-hlinik-85-x-60-mm-tloustka-2-mm","status":"publish","type":"product","link":"https:\/\/motokary-karting.sk\/cz\/produkt\/podlozka-sedadla-velkoplosna-cierna-hlinikova-85-x-60mm-hrubka-2mm\/","title":{"rendered":"Podlo\u017eka sedadla \u010dern\u00e1 hlin\u00edkov\u00e1 8,5 x 60 mm tlou\u0161\u0165ka: 2 mm | 4 mm"},"content":{"rendered":"<p>Pr\u016fm\u011br 60 mm<\/p>","protected":false},"excerpt":{"rendered":"<p>Pr\u016fm\u011br 60 mm<\/p>","protected":false},"featured_media":32522,"template":"","meta":[],"product_brand":[],"product_cat":[271,366,279,1241],"product_tag":[142,1344,1387,81,446,406,1386],"class_list":{"0":"post-12571","1":"product","2":"type-product","3":"status-publish","4":"has-post-thumbnail","6":"product_cat-nahradne-diely-na-podvozky","7":"product_cat-prislusenstvo-k-sedadlam","8":"product_cat-sedadla-prislusenstvo","9":"product_cat-sedadla-prislusenstvo-pozicovna","10":"product_tag-karting","11":"product_tag-karting-shop","12":"product_tag-montazna-podlozka-sedadla","13":"product_tag-motokary","14":"product_tag-nahradne-diely-pre-motokary","15":"product_tag-podlozka","16":"product_tag-podlozka-sedadla","18":"first","19":"instock","20":"taxable","21":"shipping-taxable","22":"purchasable","23":"product-type-variable","24":"customify-col"},"aioseo_notices":[],"_links":{"self":[{"href":"https:\/\/motokary-karting.sk\/cz\/wp-json\/wp\/v2\/product\/12571","targetHints":{"allow":["GET"]}}],"collection":[{"href":"https:\/\/motokary-karting.sk\/cz\/wp-json\/wp\/v2\/product"}],"about":[{"href":"https:\/\/motokary-karting.sk\/cz\/wp-json\/wp\/v2\/types\/product"}],"wp:featuredmedia":[{"embeddable":true,"href":"https:\/\/motokary-karting.sk\/cz\/wp-json\/wp\/v2\/media\/32522"}],"wp:attachment":[{"href":"https:\/\/motokary-karting.sk\/cz\/wp-json\/wp\/v2\/media?parent=12571"}],"wp:term":[{"taxonomy":"product_brand","embeddable":true,"href":"https:\/\/motokary-karting.sk\/cz\/wp-json\/wp\/v2\/product_brand?post=12571"},{"taxonomy":"product_cat","embeddable":true,"href":"https:\/\/motokary-karting.sk\/cz\/wp-json\/wp\/v2\/product_cat?post=12571"},{"taxonomy":"product_tag","embeddable":true,"href":"https:\/\/motokary-karting.sk\/cz\/wp-json\/wp\/v2\/product_tag?post=12571"}],"curies":[{"name":"wp","href":"https:\/\/api.w.org\/{rel}","templated":true}]}}