{"id":13226,"date":"2021-12-30T14:34:22","date_gmt":"2021-12-30T14:34:22","guid":{"rendered":"https:\/\/motokary-karting.sk\/?post_type=product&#038;p=13226"},"modified":"2021-12-30T14:36:57","modified_gmt":"2021-12-30T14:36:57","slug":"motokarovy-podvozek-mac-minarelli-ok-okj-gtr30","status":"publish","type":"product","link":"https:\/\/motokary-karting.sk\/cz\/produkt\/motokara-podvozok-mac-minarelli-ok-okj-gtr30\/","title":{"rendered":"Podvozek motok\u00e1ry Mac Minarelli OK\/OKJ GTR30"},"content":{"rendered":"<p>-\u010dern\u00e1 barva r\u00e1mu<br \/>\n-Homologace FIA 005-CH-49<br \/>\n-kategorie: OK\/OKJ<br \/>\n-r\u00e1m: Pr\u016fm\u011br: chrom-molybden <strong>30 mm<\/strong><br \/>\n-1x p\u0159edn\u00ed stabiliz\u00e1tor ocelov\u00fd + 1x plastov\u00fd<br \/>\n-zadn\u00ed n\u00e1prava 50 mm<br \/>\n-volant 340 mm - logo Mac Minarelli<br \/>\n-homologovan\u00e9 v\u0161echny spoilery a plasty<\/p>\n<p>-plovouc\u00ed brzdov\u00e9 kotou\u010de se zv\u00fd\u0161en\u00fdm \u00fa\u010dinkem<br \/>\n-homologovan\u00e9 v\u0161echny spoilery a plasty IBR v cen\u011b spolu s dr\u017e\u00e1ky a samolepkami od v\u00fdrobce<br \/>\n-spodn\u00ed dr\u017e\u00e1k v\u00fdfuku<br \/>\n-kryt \u0159et\u011bzu<br \/>\n-louky, bovdeny, trysky, benz\u00ednov\u00e9 hadice, v\u0161e v cen\u011b<\/p>\n<p>Motok\u00e1ra je dod\u00e1v\u00e1na v 1\/2 rozebran\u00e9m stavu z d\u016fvodu p\u0159epravy od v\u00fdrobce.<br \/>\nMo\u017enost dokon\u010den\u00ed v na\u0161\u00ed d\u00edln\u011b - cena dohodou (doba trv\u00e1n\u00ed cca 2 dny)<\/p>","protected":false},"excerpt":{"rendered":"<p>-\u010dern\u00e1 barva r\u00e1mu - homologace FIA 005-CH-49 -kategorie: -r\u00e1m: OK\/OKJ: Pr\u016fm\u011br chrom-molybdenu 30mm -1x p\u0159edn\u00ed stabiliza\u010dn\u00ed ty\u010d ocelov\u00e1 + 1x plastov\u00e1 -zadn\u00ed osa 50mm -objem 340mm...<\/p>","protected":false},"featured_media":13224,"template":"","meta":[],"product_brand":[],"product_cat":[222,16],"product_tag":[1728,142,2394,1344,244,2396,2395,39,34,1884,1945,81,1885,1883,42,1698,41],"class_list":{"0":"post-13226","1":"product","2":"type-product","3":"status-publish","4":"has-post-thumbnail","6":"product_cat-mac-minarelli","7":"product_cat-motokary","8":"product_tag-kart-shop","9":"product_tag-karting","10":"product_tag-karting-predajna","11":"product_tag-karting-shop","12":"product_tag-mac-minarelli","13":"product_tag-mac-minarelli-ok-okj","14":"product_tag-mac-minarelli-predajna","15":"product_tag-macminarelli","16":"product_tag-motokara","17":"product_tag-motokara-na-predaj","18":"product_tag-motokarova-predajna","19":"product_tag-motokary","20":"product_tag-nove-motokary","21":"product_tag-predaj-motokar","22":"product_tag-predajmotokar","23":"product_tag-predajna-motokar","24":"product_tag-zavodnamotokara","26":"first","27":"onbackorder","28":"taxable","29":"shipping-taxable","30":"purchasable","31":"product-type-simple","32":"customify-col","33":"product-has-gallery"},"aioseo_notices":[],"_links":{"self":[{"href":"https:\/\/motokary-karting.sk\/cz\/wp-json\/wp\/v2\/product\/13226","targetHints":{"allow":["GET"]}}],"collection":[{"href":"https:\/\/motokary-karting.sk\/cz\/wp-json\/wp\/v2\/product"}],"about":[{"href":"https:\/\/motokary-karting.sk\/cz\/wp-json\/wp\/v2\/types\/product"}],"wp:featuredmedia":[{"embeddable":true,"href":"https:\/\/motokary-karting.sk\/cz\/wp-json\/wp\/v2\/media\/13224"}],"wp:attachment":[{"href":"https:\/\/motokary-karting.sk\/cz\/wp-json\/wp\/v2\/media?parent=13226"}],"wp:term":[{"taxonomy":"product_brand","embeddable":true,"href":"https:\/\/motokary-karting.sk\/cz\/wp-json\/wp\/v2\/product_brand?post=13226"},{"taxonomy":"product_cat","embeddable":true,"href":"https:\/\/motokary-karting.sk\/cz\/wp-json\/wp\/v2\/product_cat?post=13226"},{"taxonomy":"product_tag","embeddable":true,"href":"https:\/\/motokary-karting.sk\/cz\/wp-json\/wp\/v2\/product_tag?post=13226"}],"curies":[{"name":"wp","href":"https:\/\/api.w.org\/{rel}","templated":true}]}}