{"id":13237,"date":"2021-12-30T14:44:08","date_gmt":"2021-12-30T14:44:08","guid":{"rendered":"https:\/\/motokary-karting.sk\/?post_type=product&#038;p=13237"},"modified":"2021-12-30T14:44:58","modified_gmt":"2021-12-30T14:44:58","slug":"motokarovy-podvozek-mac-minarelli-kz-125cc-prime","status":"publish","type":"product","link":"https:\/\/motokary-karting.sk\/cz\/produkt\/motokara-podvozok-mac-minarelli-kz-125cc-prime\/","title":{"rendered":"Podvozek pro motok\u00e1ry Mac Minarelli KZ 125cc PRIME"},"content":{"rendered":"<p>-\u010dern\u00e1 barva r\u00e1mu<br \/>\n-Homologace FIA 101\/CH\/14 R.20<br \/>\n-kategorie: KZ (p\u0159edn\u00ed + zadn\u00ed hydraulick\u00e9 brzdy)<br \/>\n-r\u00e1m: Pr\u016fm\u011br: chrom-molybden <strong>30\/32 mm<\/strong><br \/>\n-1x p\u0159edn\u00ed stabiliz\u00e1tor ocelov\u00fd + 1x plastov\u00fd<br \/>\n-zadn\u00ed n\u00e1prava 50 mm<br \/>\n-volant 340 mm - logo Mac Minarelli<br \/>\n-Plovouc\u00ed brzdov\u00e9 kotou\u010de se zv\u00fd\u0161en\u00fdm \u00fa\u010dinkem - typ MA20<br \/>\n-homologovan\u00e9 v\u0161echny spoilery a plasty IBR v cen\u011b spolu s dr\u017e\u00e1ky a samolepkami od v\u00fdrobce<br \/>\n-spodn\u00ed dr\u017e\u00e1k v\u00fdfuku<br \/>\n-kryt \u0159et\u011bzu<br \/>\n-louky, bovdeny, trysky, benz\u00ednov\u00e9 hadice, v\u0161e v cen\u011b<\/p>\n<p>Motok\u00e1ra je dod\u00e1v\u00e1na v 1\/2 rozebran\u00e9m stavu z d\u016fvodu p\u0159epravy od v\u00fdrobce.<br \/>\nMo\u017enost dokon\u010den\u00ed v na\u0161\u00ed d\u00edln\u011b - cena dohodou (doba trv\u00e1n\u00ed cca 2 dny)<\/p>\n<p>&nbsp;<\/p>","protected":false},"excerpt":{"rendered":"<p>-\u010dern\u00e1 barva r\u00e1mu -homologace FIA 101\/CH\/14 R.20 -kategorie: KZ (p\u0159edn\u00ed + zadn\u00ed hydraulick\u00e9 brzdy) -r\u00e1m: Pr\u016fm\u011br 30\/32mm -1x ocelov\u00fd p\u0159edn\u00ed stabiliz\u00e1tor + 1x...<\/p>","protected":false},"featured_media":13234,"template":"","meta":[],"product_brand":[],"product_cat":[222,16],"product_tag":[246,142,1344,2383,244,2382,2384,34,81,2381,245,1883,1698,2380,2385],"class_list":{"0":"post-13237","1":"product","2":"type-product","3":"status-publish","4":"has-post-thumbnail","6":"product_cat-mac-minarelli","7":"product_cat-motokary","8":"product_tag-kart","9":"product_tag-karting","10":"product_tag-karting-shop","11":"product_tag-kz-mac-minarelli","12":"product_tag-mac-minarelli","13":"product_tag-mac-minarelli-kz","14":"product_tag-mac-minarelli-prime","15":"product_tag-motokara","16":"product_tag-motokary","17":"product_tag-motokary-mac-minarelli","18":"product_tag-podvozok","19":"product_tag-predaj-motokar","20":"product_tag-predajna-motokar","21":"product_tag-predam-motokaru","22":"product_tag-prime-mac-minarelli","24":"first","25":"onbackorder","26":"taxable","27":"shipping-taxable","28":"purchasable","29":"product-type-simple","30":"customify-col","31":"product-has-gallery"},"aioseo_notices":[],"_links":{"self":[{"href":"https:\/\/motokary-karting.sk\/cz\/wp-json\/wp\/v2\/product\/13237","targetHints":{"allow":["GET"]}}],"collection":[{"href":"https:\/\/motokary-karting.sk\/cz\/wp-json\/wp\/v2\/product"}],"about":[{"href":"https:\/\/motokary-karting.sk\/cz\/wp-json\/wp\/v2\/types\/product"}],"wp:featuredmedia":[{"embeddable":true,"href":"https:\/\/motokary-karting.sk\/cz\/wp-json\/wp\/v2\/media\/13234"}],"wp:attachment":[{"href":"https:\/\/motokary-karting.sk\/cz\/wp-json\/wp\/v2\/media?parent=13237"}],"wp:term":[{"taxonomy":"product_brand","embeddable":true,"href":"https:\/\/motokary-karting.sk\/cz\/wp-json\/wp\/v2\/product_brand?post=13237"},{"taxonomy":"product_cat","embeddable":true,"href":"https:\/\/motokary-karting.sk\/cz\/wp-json\/wp\/v2\/product_cat?post=13237"},{"taxonomy":"product_tag","embeddable":true,"href":"https:\/\/motokary-karting.sk\/cz\/wp-json\/wp\/v2\/product_tag?post=13237"}],"curies":[{"name":"wp","href":"https:\/\/api.w.org\/{rel}","templated":true}]}}